{"id":4876,"date":"2024-01-08T11:37:14","date_gmt":"2024-01-08T10:37:14","guid":{"rendered":"https:\/\/firstwater.ma\/?post_type=product&#038;p=4876"},"modified":"2024-01-08T11:37:20","modified_gmt":"2024-01-08T10:37:20","slug":"filtres-duple-et-triple","status":"publish","type":"product","link":"https:\/\/firstwater.ma\/?product=filtres-duple-et-triple","title":{"rendered":"Filtres duple et triple"},"content":{"rendered":"","protected":false},"excerpt":{"rendered":"<p>Syst\u00e8mes duplex et triplex de portes-cartouche de 3 pi\u00e8ces \u00e0 usage domestique pour le traitement de l\u2019eau potable.<\/p>\n<ul>\n<li>T\u00eate et \u00e9crou en poly\u00e9thyl\u00e8ne<\/li>\n<li>Inclut support et clef<\/li>\n<li>Cuve en SAN transparent<\/li>\n<li>Pression max. : 8 Bar<\/li>\n<li>Filetage avec insert en laiton<\/li>\n<li>Temp\u00e9rature de travail : 0 \u00e0 30 \u00baC<\/li>\n<\/ul>\n","protected":false},"featured_media":4906,"template":"","meta":[],"product_cat":[78,77],"product_tag":[79,80],"class_list":{"0":"post-4876","1":"product","2":"type-product","3":"status-publish","4":"has-post-thumbnail","6":"product_cat-filtration","7":"product_cat-residentiel","8":"product_tag-filtre","9":"product_tag-filtres-a-cartouche","11":"first","12":"instock","13":"shipping-taxable","14":"product-type-simple","15":"col-xs-6 col-sm-4","16":"col-md-3 col-lg-3","17":"un-4-cols"},"yoast_head":"<!-- This site is optimized with the Yoast SEO plugin v27.5 - https:\/\/yoast.com\/product\/yoast-seo-wordpress\/ -->\n<title>Filtres duple et triple - Firstwater<\/title>\n<meta name=\"robots\" content=\"index, follow, max-snippet:-1, max-image-preview:large, max-video-preview:-1\" \/>\n<link rel=\"canonical\" href=\"https:\/\/firstwater.ma\/?product=filtres-duple-et-triple\" \/>\n<meta property=\"og:locale\" content=\"fr_FR\" \/>\n<meta property=\"og:type\" content=\"article\" \/>\n<meta property=\"og:title\" content=\"Filtres duple et triple - Firstwater\" \/>\n<meta property=\"og:description\" content=\"Syst\u00e8mes duplex et triplex de portes-cartouche de 3 pi\u00e8ces \u00e0 usage domestique pour le traitement de l\u2019eau potable.   T\u00eate et \u00e9crou en poly\u00e9thyl\u00e8ne  Inclut support et clef  Cuve en SAN transparent  Pression max. : 8 Bar  Filetage avec insert en laiton  Temp\u00e9rature de travail : 0 \u00e0 30 \u00baC\" \/>\n<meta property=\"og:url\" content=\"https:\/\/firstwater.ma\/?product=filtres-duple-et-triple\" \/>\n<meta property=\"og:site_name\" content=\"Firstwater\" \/>\n<meta property=\"article:modified_time\" content=\"2024-01-08T10:37:20+00:00\" \/>\n<meta property=\"og:image\" content=\"https:\/\/firstwater.ma\/wp-content\/uploads\/2024\/01\/filtro-triplex.jpg\" \/>\n\t<meta property=\"og:image:width\" content=\"720\" \/>\n\t<meta property=\"og:image:height\" content=\"720\" \/>\n\t<meta property=\"og:image:type\" content=\"image\/jpeg\" \/>\n<meta name=\"twitter:card\" content=\"summary_large_image\" \/>\n<script type=\"application\/ld+json\" class=\"yoast-schema-graph\">{\"@context\":\"https:\\\/\\\/schema.org\",\"@graph\":[{\"@type\":\"WebPage\",\"@id\":\"https:\\\/\\\/firstwater.ma\\\/?product=filtres-duple-et-triple\",\"url\":\"https:\\\/\\\/firstwater.ma\\\/?product=filtres-duple-et-triple\",\"name\":\"Filtres duple et triple - Firstwater\",\"isPartOf\":{\"@id\":\"https:\\\/\\\/firstwater.ma\\\/#website\"},\"primaryImageOfPage\":{\"@id\":\"https:\\\/\\\/firstwater.ma\\\/?product=filtres-duple-et-triple#primaryimage\"},\"image\":{\"@id\":\"https:\\\/\\\/firstwater.ma\\\/?product=filtres-duple-et-triple#primaryimage\"},\"thumbnailUrl\":\"https:\\\/\\\/firstwater.ma\\\/wp-content\\\/uploads\\\/2024\\\/01\\\/filtro-triplex.jpg\",\"datePublished\":\"2024-01-08T10:37:14+00:00\",\"dateModified\":\"2024-01-08T10:37:20+00:00\",\"breadcrumb\":{\"@id\":\"https:\\\/\\\/firstwater.ma\\\/?product=filtres-duple-et-triple#breadcrumb\"},\"inLanguage\":\"fr-FR\",\"potentialAction\":[{\"@type\":\"ReadAction\",\"target\":[\"https:\\\/\\\/firstwater.ma\\\/?product=filtres-duple-et-triple\"]}]},{\"@type\":\"ImageObject\",\"inLanguage\":\"fr-FR\",\"@id\":\"https:\\\/\\\/firstwater.ma\\\/?product=filtres-duple-et-triple#primaryimage\",\"url\":\"https:\\\/\\\/firstwater.ma\\\/wp-content\\\/uploads\\\/2024\\\/01\\\/filtro-triplex.jpg\",\"contentUrl\":\"https:\\\/\\\/firstwater.ma\\\/wp-content\\\/uploads\\\/2024\\\/01\\\/filtro-triplex.jpg\",\"width\":720,\"height\":720},{\"@type\":\"BreadcrumbList\",\"@id\":\"https:\\\/\\\/firstwater.ma\\\/?product=filtres-duple-et-triple#breadcrumb\",\"itemListElement\":[{\"@type\":\"ListItem\",\"position\":1,\"name\":\"Accueil\",\"item\":\"https:\\\/\\\/firstwater.ma\\\/\"},{\"@type\":\"ListItem\",\"position\":2,\"name\":\"Boutique\",\"item\":\"https:\\\/\\\/firstwater.ma\\\/?page_id=8\"},{\"@type\":\"ListItem\",\"position\":3,\"name\":\"Filtres duple et triple\"}]},{\"@type\":\"WebSite\",\"@id\":\"https:\\\/\\\/firstwater.ma\\\/#website\",\"url\":\"https:\\\/\\\/firstwater.ma\\\/\",\"name\":\"Firstwater\",\"description\":\"\",\"publisher\":{\"@id\":\"https:\\\/\\\/firstwater.ma\\\/#organization\"},\"potentialAction\":[{\"@type\":\"SearchAction\",\"target\":{\"@type\":\"EntryPoint\",\"urlTemplate\":\"https:\\\/\\\/firstwater.ma\\\/?s={search_term_string}\"},\"query-input\":{\"@type\":\"PropertyValueSpecification\",\"valueRequired\":true,\"valueName\":\"search_term_string\"}}],\"inLanguage\":\"fr-FR\"},{\"@type\":\"Organization\",\"@id\":\"https:\\\/\\\/firstwater.ma\\\/#organization\",\"name\":\"Firstwater\",\"url\":\"https:\\\/\\\/firstwater.ma\\\/\",\"logo\":{\"@type\":\"ImageObject\",\"inLanguage\":\"fr-FR\",\"@id\":\"https:\\\/\\\/firstwater.ma\\\/#\\\/schema\\\/logo\\\/image\\\/\",\"url\":\"https:\\\/\\\/firstwater.ma\\\/wp-content\\\/uploads\\\/2024\\\/01\\\/cropped-first-water-2-130x70-2.png\",\"contentUrl\":\"https:\\\/\\\/firstwater.ma\\\/wp-content\\\/uploads\\\/2024\\\/01\\\/cropped-first-water-2-130x70-2.png\",\"width\":130,\"height\":70,\"caption\":\"Firstwater\"},\"image\":{\"@id\":\"https:\\\/\\\/firstwater.ma\\\/#\\\/schema\\\/logo\\\/image\\\/\"}}]}<\/script>\n<!-- \/ Yoast SEO plugin. -->","yoast_head_json":{"title":"Filtres duple et triple - Firstwater","robots":{"index":"index","follow":"follow","max-snippet":"max-snippet:-1","max-image-preview":"max-image-preview:large","max-video-preview":"max-video-preview:-1"},"canonical":"https:\/\/firstwater.ma\/?product=filtres-duple-et-triple","og_locale":"fr_FR","og_type":"article","og_title":"Filtres duple et triple - Firstwater","og_description":"Syst\u00e8mes duplex et triplex de portes-cartouche de 3 pi\u00e8ces \u00e0 usage domestique pour le traitement de l\u2019eau potable.   T\u00eate et \u00e9crou en poly\u00e9thyl\u00e8ne  Inclut support et clef  Cuve en SAN transparent  Pression max. : 8 Bar  Filetage avec insert en laiton  Temp\u00e9rature de travail : 0 \u00e0 30 \u00baC","og_url":"https:\/\/firstwater.ma\/?product=filtres-duple-et-triple","og_site_name":"Firstwater","article_modified_time":"2024-01-08T10:37:20+00:00","og_image":[{"width":720,"height":720,"url":"https:\/\/firstwater.ma\/wp-content\/uploads\/2024\/01\/filtro-triplex.jpg","type":"image\/jpeg"}],"twitter_card":"summary_large_image","schema":{"@context":"https:\/\/schema.org","@graph":[{"@type":"WebPage","@id":"https:\/\/firstwater.ma\/?product=filtres-duple-et-triple","url":"https:\/\/firstwater.ma\/?product=filtres-duple-et-triple","name":"Filtres duple et triple - Firstwater","isPartOf":{"@id":"https:\/\/firstwater.ma\/#website"},"primaryImageOfPage":{"@id":"https:\/\/firstwater.ma\/?product=filtres-duple-et-triple#primaryimage"},"image":{"@id":"https:\/\/firstwater.ma\/?product=filtres-duple-et-triple#primaryimage"},"thumbnailUrl":"https:\/\/firstwater.ma\/wp-content\/uploads\/2024\/01\/filtro-triplex.jpg","datePublished":"2024-01-08T10:37:14+00:00","dateModified":"2024-01-08T10:37:20+00:00","breadcrumb":{"@id":"https:\/\/firstwater.ma\/?product=filtres-duple-et-triple#breadcrumb"},"inLanguage":"fr-FR","potentialAction":[{"@type":"ReadAction","target":["https:\/\/firstwater.ma\/?product=filtres-duple-et-triple"]}]},{"@type":"ImageObject","inLanguage":"fr-FR","@id":"https:\/\/firstwater.ma\/?product=filtres-duple-et-triple#primaryimage","url":"https:\/\/firstwater.ma\/wp-content\/uploads\/2024\/01\/filtro-triplex.jpg","contentUrl":"https:\/\/firstwater.ma\/wp-content\/uploads\/2024\/01\/filtro-triplex.jpg","width":720,"height":720},{"@type":"BreadcrumbList","@id":"https:\/\/firstwater.ma\/?product=filtres-duple-et-triple#breadcrumb","itemListElement":[{"@type":"ListItem","position":1,"name":"Accueil","item":"https:\/\/firstwater.ma\/"},{"@type":"ListItem","position":2,"name":"Boutique","item":"https:\/\/firstwater.ma\/?page_id=8"},{"@type":"ListItem","position":3,"name":"Filtres duple et triple"}]},{"@type":"WebSite","@id":"https:\/\/firstwater.ma\/#website","url":"https:\/\/firstwater.ma\/","name":"Firstwater","description":"","publisher":{"@id":"https:\/\/firstwater.ma\/#organization"},"potentialAction":[{"@type":"SearchAction","target":{"@type":"EntryPoint","urlTemplate":"https:\/\/firstwater.ma\/?s={search_term_string}"},"query-input":{"@type":"PropertyValueSpecification","valueRequired":true,"valueName":"search_term_string"}}],"inLanguage":"fr-FR"},{"@type":"Organization","@id":"https:\/\/firstwater.ma\/#organization","name":"Firstwater","url":"https:\/\/firstwater.ma\/","logo":{"@type":"ImageObject","inLanguage":"fr-FR","@id":"https:\/\/firstwater.ma\/#\/schema\/logo\/image\/","url":"https:\/\/firstwater.ma\/wp-content\/uploads\/2024\/01\/cropped-first-water-2-130x70-2.png","contentUrl":"https:\/\/firstwater.ma\/wp-content\/uploads\/2024\/01\/cropped-first-water-2-130x70-2.png","width":130,"height":70,"caption":"Firstwater"},"image":{"@id":"https:\/\/firstwater.ma\/#\/schema\/logo\/image\/"}}]}},"_links":{"self":[{"href":"https:\/\/firstwater.ma\/index.php?rest_route=\/wp\/v2\/product\/4876","targetHints":{"allow":["GET"]}}],"collection":[{"href":"https:\/\/firstwater.ma\/index.php?rest_route=\/wp\/v2\/product"}],"about":[{"href":"https:\/\/firstwater.ma\/index.php?rest_route=\/wp\/v2\/types\/product"}],"version-history":[{"count":1,"href":"https:\/\/firstwater.ma\/index.php?rest_route=\/wp\/v2\/product\/4876\/revisions"}],"predecessor-version":[{"id":4908,"href":"https:\/\/firstwater.ma\/index.php?rest_route=\/wp\/v2\/product\/4876\/revisions\/4908"}],"wp:featuredmedia":[{"embeddable":true,"href":"https:\/\/firstwater.ma\/index.php?rest_route=\/wp\/v2\/media\/4906"}],"wp:attachment":[{"href":"https:\/\/firstwater.ma\/index.php?rest_route=%2Fwp%2Fv2%2Fmedia&parent=4876"}],"wp:term":[{"taxonomy":"product_cat","embeddable":true,"href":"https:\/\/firstwater.ma\/index.php?rest_route=%2Fwp%2Fv2%2Fproduct_cat&post=4876"},{"taxonomy":"product_tag","embeddable":true,"href":"https:\/\/firstwater.ma\/index.php?rest_route=%2Fwp%2Fv2%2Fproduct_tag&post=4876"}],"curies":[{"name":"wp","href":"https:\/\/api.w.org\/{rel}","templated":true}]}}