{"id":4878,"date":"2024-01-08T11:37:15","date_gmt":"2024-01-08T10:37:15","guid":{"rendered":"https:\/\/firstwater.ma\/?post_type=product&#038;p=4878"},"modified":"2024-01-12T11:43:35","modified_gmt":"2024-01-12T10:43:35","slug":"osmose-inverse","status":"publish","type":"product","link":"https:\/\/firstwater.ma\/?product=osmose-inverse","title":{"rendered":"Osmoseur Domestique NEREO"},"content":{"rendered":"","protected":false},"excerpt":{"rendered":"<p>L\u2019osmose inverse est un syst\u00e8me de purification de l&rsquo;eau contenant des mati\u00e8res en solution par un syst\u00e8me de filtrage tr\u00e8s fin qui ne laisse passer que les mol\u00e9cules d&rsquo;eau<br \/>\nLe but est essentiellement la diminution des polluants (nitrates, r\u00e9sidus de pesticides, etc.) ce qui en rend l&rsquo;utilisation plus agr\u00e9able et d&rsquo;en am\u00e9liorer le go\u00fbt par l&rsquo;\u00e9limination des compos\u00e9s chlor\u00e9s.<br \/>\nLes osmoseurs sont alors compos\u00e9s de cartouches. Les mod\u00e8les les plus r\u00e9pandus utilisent trois cartouches. La premi\u00e8re cartouche est un filtre \u00e0 s\u00e9diments d&rsquo;une porosit\u00e9 de 5 \u00b5m. Cette cartouche est destin\u00e9e \u00e0 retenir toutes les impuret\u00e9s solides pr\u00e9sentes dans l&rsquo;eau. La deuxi\u00e8me et la troisi\u00e8me cartouche est un filtre \u00e0 charbon actif qui permet de neutraliser le chlore afin de prot\u00e9ger la membrane. Enfin la membrane d&rsquo;osmose inverse comporte une sortie d&rsquo;eau osmos\u00e9e et une sortie des concentras, Cette derni\u00e8re sortie passe au travers d&rsquo;un post-carbon remin\u00e9ralisant.<br \/>\nLes cartouches doivent \u00eatre remplac\u00e9es r\u00e9guli\u00e8rement, lorsque leur pouvoir de filtration est atteint. Le non-remplacement de ces cartouches conduit \u00e0 une d\u00e9gradation du rendement de production et une usure pr\u00e9matur\u00e9e de la membrane.<\/p>\n","protected":false},"featured_media":4913,"template":"","meta":[],"product_cat":[84],"product_tag":[85],"class_list":{"0":"post-4878","1":"product","2":"type-product","3":"status-publish","4":"has-post-thumbnail","6":"product_brand-nereo","7":"product_cat-osmose-inverse-domestique","8":"product_tag-osmose","10":"first","11":"instock","12":"shipping-taxable","13":"product-type-simple","14":"col-xs-6 col-sm-4","15":"col-md-3 col-lg-3","16":"un-4-cols"},"yoast_head":"<!-- This site is optimized with the Yoast SEO plugin v27.5 - https:\/\/yoast.com\/product\/yoast-seo-wordpress\/ -->\n<title>Osmoseur Domestique NEREO - Firstwater<\/title>\n<meta name=\"robots\" content=\"index, follow, max-snippet:-1, max-image-preview:large, max-video-preview:-1\" \/>\n<link rel=\"canonical\" href=\"https:\/\/firstwater.ma\/?product=osmose-inverse\" \/>\n<meta property=\"og:locale\" content=\"fr_FR\" \/>\n<meta property=\"og:type\" content=\"article\" \/>\n<meta property=\"og:title\" content=\"Osmoseur Domestique NEREO - Firstwater\" \/>\n<meta property=\"og:description\" content=\"L\u2019osmose inverse est un syst\u00e8me de purification de l&#039;eau contenant des mati\u00e8res en solution par un syst\u00e8me de filtrage tr\u00e8s fin qui ne laisse passer que les mol\u00e9cules d&#039;eau Le but est essentiellement la diminution des polluants (nitrates, r\u00e9sidus de pesticides, etc.) ce qui en rend l&#039;utilisation plus agr\u00e9able et d&#039;en am\u00e9liorer le go\u00fbt par l&#039;\u00e9limination des compos\u00e9s chlor\u00e9s. Les osmoseurs sont alors compos\u00e9s de cartouches. Les mod\u00e8les les plus r\u00e9pandus utilisent trois cartouches. La premi\u00e8re cartouche est un filtre \u00e0 s\u00e9diments d&#039;une porosit\u00e9 de 5 \u00b5m. Cette cartouche est destin\u00e9e \u00e0 retenir toutes les impuret\u00e9s solides pr\u00e9sentes dans l&#039;eau. La deuxi\u00e8me et la troisi\u00e8me cartouche est un filtre \u00e0 charbon actif qui permet de neutraliser le chlore afin de prot\u00e9ger la membrane. Enfin la membrane d&#039;osmose inverse comporte une sortie d&#039;eau osmos\u00e9e et une sortie des concentras, Cette derni\u00e8re sortie passe au travers d&#039;un post-carbon remin\u00e9ralisant. Les cartouches doivent \u00eatre remplac\u00e9es r\u00e9guli\u00e8rement, lorsque leur pouvoir de filtration est atteint. Le non-remplacement de ces cartouches conduit \u00e0 une d\u00e9gradation du rendement de production et une usure pr\u00e9matur\u00e9e de la membrane.\" \/>\n<meta property=\"og:url\" content=\"https:\/\/firstwater.ma\/?product=osmose-inverse\" \/>\n<meta property=\"og:site_name\" content=\"Firstwater\" \/>\n<meta property=\"article:modified_time\" content=\"2024-01-12T10:43:35+00:00\" \/>\n<meta property=\"og:image\" content=\"https:\/\/firstwater.ma\/wp-content\/uploads\/2024\/01\/NEREO_web.jpg\" \/>\n\t<meta property=\"og:image:width\" content=\"500\" \/>\n\t<meta property=\"og:image:height\" content=\"500\" \/>\n\t<meta property=\"og:image:type\" content=\"image\/jpeg\" \/>\n<meta name=\"twitter:card\" content=\"summary_large_image\" \/>\n<script type=\"application\/ld+json\" class=\"yoast-schema-graph\">{\"@context\":\"https:\\\/\\\/schema.org\",\"@graph\":[{\"@type\":\"WebPage\",\"@id\":\"https:\\\/\\\/firstwater.ma\\\/?product=osmose-inverse\",\"url\":\"https:\\\/\\\/firstwater.ma\\\/?product=osmose-inverse\",\"name\":\"Osmoseur Domestique NEREO - Firstwater\",\"isPartOf\":{\"@id\":\"https:\\\/\\\/firstwater.ma\\\/#website\"},\"primaryImageOfPage\":{\"@id\":\"https:\\\/\\\/firstwater.ma\\\/?product=osmose-inverse#primaryimage\"},\"image\":{\"@id\":\"https:\\\/\\\/firstwater.ma\\\/?product=osmose-inverse#primaryimage\"},\"thumbnailUrl\":\"https:\\\/\\\/firstwater.ma\\\/wp-content\\\/uploads\\\/2024\\\/01\\\/NEREO_web.jpg\",\"datePublished\":\"2024-01-08T10:37:15+00:00\",\"dateModified\":\"2024-01-12T10:43:35+00:00\",\"breadcrumb\":{\"@id\":\"https:\\\/\\\/firstwater.ma\\\/?product=osmose-inverse#breadcrumb\"},\"inLanguage\":\"fr-FR\",\"potentialAction\":[{\"@type\":\"ReadAction\",\"target\":[\"https:\\\/\\\/firstwater.ma\\\/?product=osmose-inverse\"]}]},{\"@type\":\"ImageObject\",\"inLanguage\":\"fr-FR\",\"@id\":\"https:\\\/\\\/firstwater.ma\\\/?product=osmose-inverse#primaryimage\",\"url\":\"https:\\\/\\\/firstwater.ma\\\/wp-content\\\/uploads\\\/2024\\\/01\\\/NEREO_web.jpg\",\"contentUrl\":\"https:\\\/\\\/firstwater.ma\\\/wp-content\\\/uploads\\\/2024\\\/01\\\/NEREO_web.jpg\",\"width\":500,\"height\":500},{\"@type\":\"BreadcrumbList\",\"@id\":\"https:\\\/\\\/firstwater.ma\\\/?product=osmose-inverse#breadcrumb\",\"itemListElement\":[{\"@type\":\"ListItem\",\"position\":1,\"name\":\"Accueil\",\"item\":\"https:\\\/\\\/firstwater.ma\\\/\"},{\"@type\":\"ListItem\",\"position\":2,\"name\":\"Boutique\",\"item\":\"https:\\\/\\\/firstwater.ma\\\/?page_id=8\"},{\"@type\":\"ListItem\",\"position\":3,\"name\":\"Osmoseur Domestique NEREO\"}]},{\"@type\":\"WebSite\",\"@id\":\"https:\\\/\\\/firstwater.ma\\\/#website\",\"url\":\"https:\\\/\\\/firstwater.ma\\\/\",\"name\":\"Firstwater\",\"description\":\"\",\"publisher\":{\"@id\":\"https:\\\/\\\/firstwater.ma\\\/#organization\"},\"potentialAction\":[{\"@type\":\"SearchAction\",\"target\":{\"@type\":\"EntryPoint\",\"urlTemplate\":\"https:\\\/\\\/firstwater.ma\\\/?s={search_term_string}\"},\"query-input\":{\"@type\":\"PropertyValueSpecification\",\"valueRequired\":true,\"valueName\":\"search_term_string\"}}],\"inLanguage\":\"fr-FR\"},{\"@type\":\"Organization\",\"@id\":\"https:\\\/\\\/firstwater.ma\\\/#organization\",\"name\":\"Firstwater\",\"url\":\"https:\\\/\\\/firstwater.ma\\\/\",\"logo\":{\"@type\":\"ImageObject\",\"inLanguage\":\"fr-FR\",\"@id\":\"https:\\\/\\\/firstwater.ma\\\/#\\\/schema\\\/logo\\\/image\\\/\",\"url\":\"https:\\\/\\\/firstwater.ma\\\/wp-content\\\/uploads\\\/2024\\\/01\\\/cropped-first-water-2-130x70-2.png\",\"contentUrl\":\"https:\\\/\\\/firstwater.ma\\\/wp-content\\\/uploads\\\/2024\\\/01\\\/cropped-first-water-2-130x70-2.png\",\"width\":130,\"height\":70,\"caption\":\"Firstwater\"},\"image\":{\"@id\":\"https:\\\/\\\/firstwater.ma\\\/#\\\/schema\\\/logo\\\/image\\\/\"}}]}<\/script>\n<!-- \/ Yoast SEO plugin. -->","yoast_head_json":{"title":"Osmoseur Domestique NEREO - Firstwater","robots":{"index":"index","follow":"follow","max-snippet":"max-snippet:-1","max-image-preview":"max-image-preview:large","max-video-preview":"max-video-preview:-1"},"canonical":"https:\/\/firstwater.ma\/?product=osmose-inverse","og_locale":"fr_FR","og_type":"article","og_title":"Osmoseur Domestique NEREO - Firstwater","og_description":"L\u2019osmose inverse est un syst\u00e8me de purification de l'eau contenant des mati\u00e8res en solution par un syst\u00e8me de filtrage tr\u00e8s fin qui ne laisse passer que les mol\u00e9cules d'eau Le but est essentiellement la diminution des polluants (nitrates, r\u00e9sidus de pesticides, etc.) ce qui en rend l'utilisation plus agr\u00e9able et d'en am\u00e9liorer le go\u00fbt par l'\u00e9limination des compos\u00e9s chlor\u00e9s. Les osmoseurs sont alors compos\u00e9s de cartouches. Les mod\u00e8les les plus r\u00e9pandus utilisent trois cartouches. La premi\u00e8re cartouche est un filtre \u00e0 s\u00e9diments d'une porosit\u00e9 de 5 \u00b5m. Cette cartouche est destin\u00e9e \u00e0 retenir toutes les impuret\u00e9s solides pr\u00e9sentes dans l'eau. La deuxi\u00e8me et la troisi\u00e8me cartouche est un filtre \u00e0 charbon actif qui permet de neutraliser le chlore afin de prot\u00e9ger la membrane. Enfin la membrane d'osmose inverse comporte une sortie d'eau osmos\u00e9e et une sortie des concentras, Cette derni\u00e8re sortie passe au travers d'un post-carbon remin\u00e9ralisant. Les cartouches doivent \u00eatre remplac\u00e9es r\u00e9guli\u00e8rement, lorsque leur pouvoir de filtration est atteint. Le non-remplacement de ces cartouches conduit \u00e0 une d\u00e9gradation du rendement de production et une usure pr\u00e9matur\u00e9e de la membrane.","og_url":"https:\/\/firstwater.ma\/?product=osmose-inverse","og_site_name":"Firstwater","article_modified_time":"2024-01-12T10:43:35+00:00","og_image":[{"width":500,"height":500,"url":"https:\/\/firstwater.ma\/wp-content\/uploads\/2024\/01\/NEREO_web.jpg","type":"image\/jpeg"}],"twitter_card":"summary_large_image","schema":{"@context":"https:\/\/schema.org","@graph":[{"@type":"WebPage","@id":"https:\/\/firstwater.ma\/?product=osmose-inverse","url":"https:\/\/firstwater.ma\/?product=osmose-inverse","name":"Osmoseur Domestique NEREO - Firstwater","isPartOf":{"@id":"https:\/\/firstwater.ma\/#website"},"primaryImageOfPage":{"@id":"https:\/\/firstwater.ma\/?product=osmose-inverse#primaryimage"},"image":{"@id":"https:\/\/firstwater.ma\/?product=osmose-inverse#primaryimage"},"thumbnailUrl":"https:\/\/firstwater.ma\/wp-content\/uploads\/2024\/01\/NEREO_web.jpg","datePublished":"2024-01-08T10:37:15+00:00","dateModified":"2024-01-12T10:43:35+00:00","breadcrumb":{"@id":"https:\/\/firstwater.ma\/?product=osmose-inverse#breadcrumb"},"inLanguage":"fr-FR","potentialAction":[{"@type":"ReadAction","target":["https:\/\/firstwater.ma\/?product=osmose-inverse"]}]},{"@type":"ImageObject","inLanguage":"fr-FR","@id":"https:\/\/firstwater.ma\/?product=osmose-inverse#primaryimage","url":"https:\/\/firstwater.ma\/wp-content\/uploads\/2024\/01\/NEREO_web.jpg","contentUrl":"https:\/\/firstwater.ma\/wp-content\/uploads\/2024\/01\/NEREO_web.jpg","width":500,"height":500},{"@type":"BreadcrumbList","@id":"https:\/\/firstwater.ma\/?product=osmose-inverse#breadcrumb","itemListElement":[{"@type":"ListItem","position":1,"name":"Accueil","item":"https:\/\/firstwater.ma\/"},{"@type":"ListItem","position":2,"name":"Boutique","item":"https:\/\/firstwater.ma\/?page_id=8"},{"@type":"ListItem","position":3,"name":"Osmoseur Domestique NEREO"}]},{"@type":"WebSite","@id":"https:\/\/firstwater.ma\/#website","url":"https:\/\/firstwater.ma\/","name":"Firstwater","description":"","publisher":{"@id":"https:\/\/firstwater.ma\/#organization"},"potentialAction":[{"@type":"SearchAction","target":{"@type":"EntryPoint","urlTemplate":"https:\/\/firstwater.ma\/?s={search_term_string}"},"query-input":{"@type":"PropertyValueSpecification","valueRequired":true,"valueName":"search_term_string"}}],"inLanguage":"fr-FR"},{"@type":"Organization","@id":"https:\/\/firstwater.ma\/#organization","name":"Firstwater","url":"https:\/\/firstwater.ma\/","logo":{"@type":"ImageObject","inLanguage":"fr-FR","@id":"https:\/\/firstwater.ma\/#\/schema\/logo\/image\/","url":"https:\/\/firstwater.ma\/wp-content\/uploads\/2024\/01\/cropped-first-water-2-130x70-2.png","contentUrl":"https:\/\/firstwater.ma\/wp-content\/uploads\/2024\/01\/cropped-first-water-2-130x70-2.png","width":130,"height":70,"caption":"Firstwater"},"image":{"@id":"https:\/\/firstwater.ma\/#\/schema\/logo\/image\/"}}]}},"_links":{"self":[{"href":"https:\/\/firstwater.ma\/index.php?rest_route=\/wp\/v2\/product\/4878","targetHints":{"allow":["GET"]}}],"collection":[{"href":"https:\/\/firstwater.ma\/index.php?rest_route=\/wp\/v2\/product"}],"about":[{"href":"https:\/\/firstwater.ma\/index.php?rest_route=\/wp\/v2\/types\/product"}],"version-history":[{"count":3,"href":"https:\/\/firstwater.ma\/index.php?rest_route=\/wp\/v2\/product\/4878\/revisions"}],"predecessor-version":[{"id":5613,"href":"https:\/\/firstwater.ma\/index.php?rest_route=\/wp\/v2\/product\/4878\/revisions\/5613"}],"wp:featuredmedia":[{"embeddable":true,"href":"https:\/\/firstwater.ma\/index.php?rest_route=\/wp\/v2\/media\/4913"}],"wp:attachment":[{"href":"https:\/\/firstwater.ma\/index.php?rest_route=%2Fwp%2Fv2%2Fmedia&parent=4878"}],"wp:term":[{"taxonomy":"product_cat","embeddable":true,"href":"https:\/\/firstwater.ma\/index.php?rest_route=%2Fwp%2Fv2%2Fproduct_cat&post=4878"},{"taxonomy":"product_tag","embeddable":true,"href":"https:\/\/firstwater.ma\/index.php?rest_route=%2Fwp%2Fv2%2Fproduct_tag&post=4878"}],"curies":[{"name":"wp","href":"https:\/\/api.w.org\/{rel}","templated":true}]}}