{"id":4880,"date":"2024-01-08T11:37:15","date_gmt":"2024-01-08T10:37:15","guid":{"rendered":"https:\/\/firstwater.ma\/?post_type=product&#038;p=4880"},"modified":"2024-01-08T11:37:32","modified_gmt":"2024-01-08T10:37:32","slug":"adoucisseur-simplex-industriel-clack","status":"publish","type":"product","link":"https:\/\/firstwater.ma\/?product=adoucisseur-simplex-industriel-clack","title":{"rendered":"Adoucisseur simplex industriel clack"},"content":{"rendered":"","protected":false},"excerpt":{"rendered":"<p>Adoucisseur bibloc automatique pour le traitement de la duret\u00e9 de l\u2019eau par une r\u00e9sine \u00e9changeuse d\u2019ions. Faible consommation de sel.<\/p>\n<p>Vanne de contr\u00f4le volum\u00e9trique CLACK\u00a0 avec programmateur digital simple et r\u00e9g\u00e9n\u00e9ration contre-courant retard\u00e9e ou instantan\u00e9e.<\/p>\n<ul>\n<li>Conception sp\u00e9ciale qui permet des d\u00e9bits de service (jusqu\u2019\u00e0 6 m3\/h) et de contre-lavage optimaux<\/li>\n<li>Bouteille construite en polyester renforc\u00e9 de fibre de verre (PRFV)<\/li>\n<li>R\u00e9g\u00e9n\u00e9ration de s\u00e9curit\u00e9 de 1 \u00e0 28 jours<\/li>\n<li>M\u00e9langeur de duret\u00e9 inclus<\/li>\n<li>Turbine pour le contr\u00f4le de la consommation d\u2019eau trait\u00e9e<\/li>\n<li>Connexion 1\u201d<\/li>\n<li>Charge de r\u00e9sine de qualit\u00e9 alimentaire de haute capacit\u00e9 pour un haut rendement<\/li>\n<li>Pression de fonctionnement : 2,5 \u00e0 6 Bar<\/li>\n<li>Temp\u00e9rature max : 40\u00baC<\/li>\n<li>Alimentation \u00e9lectrique : 220V-12V 50 Hz<\/li>\n<\/ul>\n","protected":false},"featured_media":4921,"template":"","meta":[],"product_cat":[83],"product_tag":[],"class_list":{"0":"post-4880","1":"product","2":"type-product","3":"status-publish","4":"has-post-thumbnail","6":"product_cat-adoucisseurs","8":"first","9":"instock","10":"shipping-taxable","11":"product-type-simple","12":"col-xs-6 col-sm-4","13":"col-md-3 col-lg-3","14":"un-4-cols"},"yoast_head":"<!-- This site is optimized with the Yoast SEO plugin v27.5 - https:\/\/yoast.com\/product\/yoast-seo-wordpress\/ -->\n<title>Adoucisseur simplex industriel clack - Firstwater<\/title>\n<meta name=\"robots\" content=\"index, follow, max-snippet:-1, max-image-preview:large, max-video-preview:-1\" \/>\n<link rel=\"canonical\" href=\"https:\/\/firstwater.ma\/?product=adoucisseur-simplex-industriel-clack\" \/>\n<meta property=\"og:locale\" content=\"fr_FR\" \/>\n<meta property=\"og:type\" content=\"article\" \/>\n<meta property=\"og:title\" content=\"Adoucisseur simplex industriel clack - Firstwater\" \/>\n<meta property=\"og:description\" content=\"Adoucisseur bibloc automatique pour le traitement de la duret\u00e9 de l\u2019eau par une r\u00e9sine \u00e9changeuse d\u2019ions. Faible consommation de sel.  Vanne de contr\u00f4le volum\u00e9trique CLACK\u00a0 avec programmateur digital simple et r\u00e9g\u00e9n\u00e9ration contre-courant retard\u00e9e ou instantan\u00e9e.   Conception sp\u00e9ciale qui permet des d\u00e9bits de service (jusqu\u2019\u00e0 6 m3\/h) et de contre-lavage optimaux  Bouteille construite en polyester renforc\u00e9 de fibre de verre (PRFV)  R\u00e9g\u00e9n\u00e9ration de s\u00e9curit\u00e9 de 1 \u00e0 28 jours  M\u00e9langeur de duret\u00e9 inclus  Turbine pour le contr\u00f4le de la consommation d\u2019eau trait\u00e9e  Connexion 1\u201d  Charge de r\u00e9sine de qualit\u00e9 alimentaire de haute capacit\u00e9 pour un haut rendement  Pression de fonctionnement : 2,5 \u00e0 6 Bar  Temp\u00e9rature max : 40\u00baC  Alimentation \u00e9lectrique : 220V-12V 50 Hz\" \/>\n<meta property=\"og:url\" content=\"https:\/\/firstwater.ma\/?product=adoucisseur-simplex-industriel-clack\" \/>\n<meta property=\"og:site_name\" content=\"Firstwater\" \/>\n<meta property=\"article:modified_time\" content=\"2024-01-08T10:37:32+00:00\" \/>\n<meta property=\"og:image\" content=\"https:\/\/firstwater.ma\/wp-content\/uploads\/2024\/01\/Untitled-1.png\" \/>\n\t<meta property=\"og:image:width\" content=\"1149\" \/>\n\t<meta property=\"og:image:height\" content=\"1025\" \/>\n\t<meta property=\"og:image:type\" content=\"image\/png\" \/>\n<meta name=\"twitter:card\" content=\"summary_large_image\" \/>\n<script type=\"application\/ld+json\" class=\"yoast-schema-graph\">{\"@context\":\"https:\\\/\\\/schema.org\",\"@graph\":[{\"@type\":\"WebPage\",\"@id\":\"https:\\\/\\\/firstwater.ma\\\/?product=adoucisseur-simplex-industriel-clack\",\"url\":\"https:\\\/\\\/firstwater.ma\\\/?product=adoucisseur-simplex-industriel-clack\",\"name\":\"Adoucisseur simplex industriel clack - Firstwater\",\"isPartOf\":{\"@id\":\"https:\\\/\\\/firstwater.ma\\\/#website\"},\"primaryImageOfPage\":{\"@id\":\"https:\\\/\\\/firstwater.ma\\\/?product=adoucisseur-simplex-industriel-clack#primaryimage\"},\"image\":{\"@id\":\"https:\\\/\\\/firstwater.ma\\\/?product=adoucisseur-simplex-industriel-clack#primaryimage\"},\"thumbnailUrl\":\"https:\\\/\\\/firstwater.ma\\\/wp-content\\\/uploads\\\/2024\\\/01\\\/Untitled-1.png\",\"datePublished\":\"2024-01-08T10:37:15+00:00\",\"dateModified\":\"2024-01-08T10:37:32+00:00\",\"breadcrumb\":{\"@id\":\"https:\\\/\\\/firstwater.ma\\\/?product=adoucisseur-simplex-industriel-clack#breadcrumb\"},\"inLanguage\":\"fr-FR\",\"potentialAction\":[{\"@type\":\"ReadAction\",\"target\":[\"https:\\\/\\\/firstwater.ma\\\/?product=adoucisseur-simplex-industriel-clack\"]}]},{\"@type\":\"ImageObject\",\"inLanguage\":\"fr-FR\",\"@id\":\"https:\\\/\\\/firstwater.ma\\\/?product=adoucisseur-simplex-industriel-clack#primaryimage\",\"url\":\"https:\\\/\\\/firstwater.ma\\\/wp-content\\\/uploads\\\/2024\\\/01\\\/Untitled-1.png\",\"contentUrl\":\"https:\\\/\\\/firstwater.ma\\\/wp-content\\\/uploads\\\/2024\\\/01\\\/Untitled-1.png\",\"width\":1149,\"height\":1025},{\"@type\":\"BreadcrumbList\",\"@id\":\"https:\\\/\\\/firstwater.ma\\\/?product=adoucisseur-simplex-industriel-clack#breadcrumb\",\"itemListElement\":[{\"@type\":\"ListItem\",\"position\":1,\"name\":\"Accueil\",\"item\":\"https:\\\/\\\/firstwater.ma\\\/\"},{\"@type\":\"ListItem\",\"position\":2,\"name\":\"Boutique\",\"item\":\"https:\\\/\\\/firstwater.ma\\\/?page_id=8\"},{\"@type\":\"ListItem\",\"position\":3,\"name\":\"Adoucisseur simplex industriel clack\"}]},{\"@type\":\"WebSite\",\"@id\":\"https:\\\/\\\/firstwater.ma\\\/#website\",\"url\":\"https:\\\/\\\/firstwater.ma\\\/\",\"name\":\"Firstwater\",\"description\":\"\",\"publisher\":{\"@id\":\"https:\\\/\\\/firstwater.ma\\\/#organization\"},\"potentialAction\":[{\"@type\":\"SearchAction\",\"target\":{\"@type\":\"EntryPoint\",\"urlTemplate\":\"https:\\\/\\\/firstwater.ma\\\/?s={search_term_string}\"},\"query-input\":{\"@type\":\"PropertyValueSpecification\",\"valueRequired\":true,\"valueName\":\"search_term_string\"}}],\"inLanguage\":\"fr-FR\"},{\"@type\":\"Organization\",\"@id\":\"https:\\\/\\\/firstwater.ma\\\/#organization\",\"name\":\"Firstwater\",\"url\":\"https:\\\/\\\/firstwater.ma\\\/\",\"logo\":{\"@type\":\"ImageObject\",\"inLanguage\":\"fr-FR\",\"@id\":\"https:\\\/\\\/firstwater.ma\\\/#\\\/schema\\\/logo\\\/image\\\/\",\"url\":\"https:\\\/\\\/firstwater.ma\\\/wp-content\\\/uploads\\\/2024\\\/01\\\/cropped-first-water-2-130x70-2.png\",\"contentUrl\":\"https:\\\/\\\/firstwater.ma\\\/wp-content\\\/uploads\\\/2024\\\/01\\\/cropped-first-water-2-130x70-2.png\",\"width\":130,\"height\":70,\"caption\":\"Firstwater\"},\"image\":{\"@id\":\"https:\\\/\\\/firstwater.ma\\\/#\\\/schema\\\/logo\\\/image\\\/\"}}]}<\/script>\n<!-- \/ Yoast SEO plugin. -->","yoast_head_json":{"title":"Adoucisseur simplex industriel clack - Firstwater","robots":{"index":"index","follow":"follow","max-snippet":"max-snippet:-1","max-image-preview":"max-image-preview:large","max-video-preview":"max-video-preview:-1"},"canonical":"https:\/\/firstwater.ma\/?product=adoucisseur-simplex-industriel-clack","og_locale":"fr_FR","og_type":"article","og_title":"Adoucisseur simplex industriel clack - Firstwater","og_description":"Adoucisseur bibloc automatique pour le traitement de la duret\u00e9 de l\u2019eau par une r\u00e9sine \u00e9changeuse d\u2019ions. Faible consommation de sel.  Vanne de contr\u00f4le volum\u00e9trique CLACK\u00a0 avec programmateur digital simple et r\u00e9g\u00e9n\u00e9ration contre-courant retard\u00e9e ou instantan\u00e9e.   Conception sp\u00e9ciale qui permet des d\u00e9bits de service (jusqu\u2019\u00e0 6 m3\/h) et de contre-lavage optimaux  Bouteille construite en polyester renforc\u00e9 de fibre de verre (PRFV)  R\u00e9g\u00e9n\u00e9ration de s\u00e9curit\u00e9 de 1 \u00e0 28 jours  M\u00e9langeur de duret\u00e9 inclus  Turbine pour le contr\u00f4le de la consommation d\u2019eau trait\u00e9e  Connexion 1\u201d  Charge de r\u00e9sine de qualit\u00e9 alimentaire de haute capacit\u00e9 pour un haut rendement  Pression de fonctionnement : 2,5 \u00e0 6 Bar  Temp\u00e9rature max : 40\u00baC  Alimentation \u00e9lectrique : 220V-12V 50 Hz","og_url":"https:\/\/firstwater.ma\/?product=adoucisseur-simplex-industriel-clack","og_site_name":"Firstwater","article_modified_time":"2024-01-08T10:37:32+00:00","og_image":[{"width":1149,"height":1025,"url":"https:\/\/firstwater.ma\/wp-content\/uploads\/2024\/01\/Untitled-1.png","type":"image\/png"}],"twitter_card":"summary_large_image","schema":{"@context":"https:\/\/schema.org","@graph":[{"@type":"WebPage","@id":"https:\/\/firstwater.ma\/?product=adoucisseur-simplex-industriel-clack","url":"https:\/\/firstwater.ma\/?product=adoucisseur-simplex-industriel-clack","name":"Adoucisseur simplex industriel clack - Firstwater","isPartOf":{"@id":"https:\/\/firstwater.ma\/#website"},"primaryImageOfPage":{"@id":"https:\/\/firstwater.ma\/?product=adoucisseur-simplex-industriel-clack#primaryimage"},"image":{"@id":"https:\/\/firstwater.ma\/?product=adoucisseur-simplex-industriel-clack#primaryimage"},"thumbnailUrl":"https:\/\/firstwater.ma\/wp-content\/uploads\/2024\/01\/Untitled-1.png","datePublished":"2024-01-08T10:37:15+00:00","dateModified":"2024-01-08T10:37:32+00:00","breadcrumb":{"@id":"https:\/\/firstwater.ma\/?product=adoucisseur-simplex-industriel-clack#breadcrumb"},"inLanguage":"fr-FR","potentialAction":[{"@type":"ReadAction","target":["https:\/\/firstwater.ma\/?product=adoucisseur-simplex-industriel-clack"]}]},{"@type":"ImageObject","inLanguage":"fr-FR","@id":"https:\/\/firstwater.ma\/?product=adoucisseur-simplex-industriel-clack#primaryimage","url":"https:\/\/firstwater.ma\/wp-content\/uploads\/2024\/01\/Untitled-1.png","contentUrl":"https:\/\/firstwater.ma\/wp-content\/uploads\/2024\/01\/Untitled-1.png","width":1149,"height":1025},{"@type":"BreadcrumbList","@id":"https:\/\/firstwater.ma\/?product=adoucisseur-simplex-industriel-clack#breadcrumb","itemListElement":[{"@type":"ListItem","position":1,"name":"Accueil","item":"https:\/\/firstwater.ma\/"},{"@type":"ListItem","position":2,"name":"Boutique","item":"https:\/\/firstwater.ma\/?page_id=8"},{"@type":"ListItem","position":3,"name":"Adoucisseur simplex industriel clack"}]},{"@type":"WebSite","@id":"https:\/\/firstwater.ma\/#website","url":"https:\/\/firstwater.ma\/","name":"Firstwater","description":"","publisher":{"@id":"https:\/\/firstwater.ma\/#organization"},"potentialAction":[{"@type":"SearchAction","target":{"@type":"EntryPoint","urlTemplate":"https:\/\/firstwater.ma\/?s={search_term_string}"},"query-input":{"@type":"PropertyValueSpecification","valueRequired":true,"valueName":"search_term_string"}}],"inLanguage":"fr-FR"},{"@type":"Organization","@id":"https:\/\/firstwater.ma\/#organization","name":"Firstwater","url":"https:\/\/firstwater.ma\/","logo":{"@type":"ImageObject","inLanguage":"fr-FR","@id":"https:\/\/firstwater.ma\/#\/schema\/logo\/image\/","url":"https:\/\/firstwater.ma\/wp-content\/uploads\/2024\/01\/cropped-first-water-2-130x70-2.png","contentUrl":"https:\/\/firstwater.ma\/wp-content\/uploads\/2024\/01\/cropped-first-water-2-130x70-2.png","width":130,"height":70,"caption":"Firstwater"},"image":{"@id":"https:\/\/firstwater.ma\/#\/schema\/logo\/image\/"}}]}},"_links":{"self":[{"href":"https:\/\/firstwater.ma\/index.php?rest_route=\/wp\/v2\/product\/4880","targetHints":{"allow":["GET"]}}],"collection":[{"href":"https:\/\/firstwater.ma\/index.php?rest_route=\/wp\/v2\/product"}],"about":[{"href":"https:\/\/firstwater.ma\/index.php?rest_route=\/wp\/v2\/types\/product"}],"version-history":[{"count":1,"href":"https:\/\/firstwater.ma\/index.php?rest_route=\/wp\/v2\/product\/4880\/revisions"}],"predecessor-version":[{"id":4923,"href":"https:\/\/firstwater.ma\/index.php?rest_route=\/wp\/v2\/product\/4880\/revisions\/4923"}],"wp:featuredmedia":[{"embeddable":true,"href":"https:\/\/firstwater.ma\/index.php?rest_route=\/wp\/v2\/media\/4921"}],"wp:attachment":[{"href":"https:\/\/firstwater.ma\/index.php?rest_route=%2Fwp%2Fv2%2Fmedia&parent=4880"}],"wp:term":[{"taxonomy":"product_cat","embeddable":true,"href":"https:\/\/firstwater.ma\/index.php?rest_route=%2Fwp%2Fv2%2Fproduct_cat&post=4880"},{"taxonomy":"product_tag","embeddable":true,"href":"https:\/\/firstwater.ma\/index.php?rest_route=%2Fwp%2Fv2%2Fproduct_tag&post=4880"}],"curies":[{"name":"wp","href":"https:\/\/api.w.org\/{rel}","templated":true}]}}