{"id":4882,"date":"2024-01-08T11:37:16","date_gmt":"2024-01-08T10:37:16","guid":{"rendered":"https:\/\/firstwater.ma\/?post_type=product&#038;p=4882"},"modified":"2024-01-08T11:37:36","modified_gmt":"2024-01-08T10:37:36","slug":"filtre-multicartouches-industriel","status":"publish","type":"product","link":"https:\/\/firstwater.ma\/?product=filtre-multicartouches-industriel","title":{"rendered":"Filtre multicartouches industriel"},"content":{"rendered":"","protected":false},"excerpt":{"rendered":"<p>Corps en acier inoxydable de grande qualit\u00e9 pour loger des poches filtrantes standard de taille #1 ou #2 avec un syst\u00e8me simple et efficace qui permet une \u00e9tanch\u00e9it\u00e9 parfaite sous pression. Disponible \u00e9galement en corps multi-poches.<\/p>\n<p>Ces conteneurs s\u2019utilisent pour la filtration d\u2019eau de process, produits chimiques, peintures, r\u00e9sines, huiles, aliments et boissons, sp\u00e9cialement pour la filtration de liquides avec une haute proportion de solides en suspension, viscosit\u00e9 \u00e9lev\u00e9e et grands d\u00e9bits.<\/p>\n<p>Les poches peuvent \u00eatres de diff\u00e9rents mat\u00e9riaux (PP, PE, Nylon) et de diff\u00e9rents microns (5, 25, 50 ou 100).<\/p>\n","protected":false},"featured_media":4928,"template":"","meta":[],"product_cat":[87],"product_tag":[79],"class_list":{"0":"post-4882","1":"product","2":"type-product","3":"status-publish","4":"has-post-thumbnail","6":"product_cat-filtration-industriel","7":"product_tag-filtre","9":"first","10":"instock","11":"shipping-taxable","12":"product-type-simple","13":"col-xs-6 col-sm-4","14":"col-md-3 col-lg-3","15":"un-4-cols"},"yoast_head":"<!-- This site is optimized with the Yoast SEO plugin v27.5 - https:\/\/yoast.com\/product\/yoast-seo-wordpress\/ -->\n<title>Filtre multicartouches industriel - Firstwater<\/title>\n<meta name=\"robots\" content=\"index, follow, max-snippet:-1, max-image-preview:large, max-video-preview:-1\" \/>\n<link rel=\"canonical\" href=\"https:\/\/firstwater.ma\/?product=filtre-multicartouches-industriel\" \/>\n<meta property=\"og:locale\" content=\"fr_FR\" \/>\n<meta property=\"og:type\" content=\"article\" \/>\n<meta property=\"og:title\" content=\"Filtre multicartouches industriel - Firstwater\" \/>\n<meta property=\"og:description\" content=\"Corps en acier inoxydable de grande qualit\u00e9 pour loger des poches filtrantes standard de taille #1 ou #2 avec un syst\u00e8me simple et efficace qui permet une \u00e9tanch\u00e9it\u00e9 parfaite sous pression. Disponible \u00e9galement en corps multi-poches.  Ces conteneurs s\u2019utilisent pour la filtration d\u2019eau de process, produits chimiques, peintures, r\u00e9sines, huiles, aliments et boissons, sp\u00e9cialement pour la filtration de liquides avec une haute proportion de solides en suspension, viscosit\u00e9 \u00e9lev\u00e9e et grands d\u00e9bits.  Les poches peuvent \u00eatres de diff\u00e9rents mat\u00e9riaux (PP, PE, Nylon) et de diff\u00e9rents microns (5, 25, 50 ou 100).\" \/>\n<meta property=\"og:url\" content=\"https:\/\/firstwater.ma\/?product=filtre-multicartouches-industriel\" \/>\n<meta property=\"og:site_name\" content=\"Firstwater\" \/>\n<meta property=\"article:modified_time\" content=\"2024-01-08T10:37:36+00:00\" \/>\n<meta property=\"og:image\" content=\"https:\/\/firstwater.ma\/wp-content\/uploads\/2024\/01\/filtro-de-bolsa.jpg\" \/>\n\t<meta property=\"og:image:width\" content=\"720\" \/>\n\t<meta property=\"og:image:height\" content=\"720\" \/>\n\t<meta property=\"og:image:type\" content=\"image\/jpeg\" \/>\n<meta name=\"twitter:card\" content=\"summary_large_image\" \/>\n<script type=\"application\/ld+json\" class=\"yoast-schema-graph\">{\"@context\":\"https:\\\/\\\/schema.org\",\"@graph\":[{\"@type\":\"WebPage\",\"@id\":\"https:\\\/\\\/firstwater.ma\\\/?product=filtre-multicartouches-industriel\",\"url\":\"https:\\\/\\\/firstwater.ma\\\/?product=filtre-multicartouches-industriel\",\"name\":\"Filtre multicartouches industriel - Firstwater\",\"isPartOf\":{\"@id\":\"https:\\\/\\\/firstwater.ma\\\/#website\"},\"primaryImageOfPage\":{\"@id\":\"https:\\\/\\\/firstwater.ma\\\/?product=filtre-multicartouches-industriel#primaryimage\"},\"image\":{\"@id\":\"https:\\\/\\\/firstwater.ma\\\/?product=filtre-multicartouches-industriel#primaryimage\"},\"thumbnailUrl\":\"https:\\\/\\\/firstwater.ma\\\/wp-content\\\/uploads\\\/2024\\\/01\\\/filtro-de-bolsa.jpg\",\"datePublished\":\"2024-01-08T10:37:16+00:00\",\"dateModified\":\"2024-01-08T10:37:36+00:00\",\"breadcrumb\":{\"@id\":\"https:\\\/\\\/firstwater.ma\\\/?product=filtre-multicartouches-industriel#breadcrumb\"},\"inLanguage\":\"fr-FR\",\"potentialAction\":[{\"@type\":\"ReadAction\",\"target\":[\"https:\\\/\\\/firstwater.ma\\\/?product=filtre-multicartouches-industriel\"]}]},{\"@type\":\"ImageObject\",\"inLanguage\":\"fr-FR\",\"@id\":\"https:\\\/\\\/firstwater.ma\\\/?product=filtre-multicartouches-industriel#primaryimage\",\"url\":\"https:\\\/\\\/firstwater.ma\\\/wp-content\\\/uploads\\\/2024\\\/01\\\/filtro-de-bolsa.jpg\",\"contentUrl\":\"https:\\\/\\\/firstwater.ma\\\/wp-content\\\/uploads\\\/2024\\\/01\\\/filtro-de-bolsa.jpg\",\"width\":720,\"height\":720},{\"@type\":\"BreadcrumbList\",\"@id\":\"https:\\\/\\\/firstwater.ma\\\/?product=filtre-multicartouches-industriel#breadcrumb\",\"itemListElement\":[{\"@type\":\"ListItem\",\"position\":1,\"name\":\"Accueil\",\"item\":\"https:\\\/\\\/firstwater.ma\\\/\"},{\"@type\":\"ListItem\",\"position\":2,\"name\":\"Boutique\",\"item\":\"https:\\\/\\\/firstwater.ma\\\/?page_id=8\"},{\"@type\":\"ListItem\",\"position\":3,\"name\":\"Filtre multicartouches industriel\"}]},{\"@type\":\"WebSite\",\"@id\":\"https:\\\/\\\/firstwater.ma\\\/#website\",\"url\":\"https:\\\/\\\/firstwater.ma\\\/\",\"name\":\"Firstwater\",\"description\":\"\",\"publisher\":{\"@id\":\"https:\\\/\\\/firstwater.ma\\\/#organization\"},\"potentialAction\":[{\"@type\":\"SearchAction\",\"target\":{\"@type\":\"EntryPoint\",\"urlTemplate\":\"https:\\\/\\\/firstwater.ma\\\/?s={search_term_string}\"},\"query-input\":{\"@type\":\"PropertyValueSpecification\",\"valueRequired\":true,\"valueName\":\"search_term_string\"}}],\"inLanguage\":\"fr-FR\"},{\"@type\":\"Organization\",\"@id\":\"https:\\\/\\\/firstwater.ma\\\/#organization\",\"name\":\"Firstwater\",\"url\":\"https:\\\/\\\/firstwater.ma\\\/\",\"logo\":{\"@type\":\"ImageObject\",\"inLanguage\":\"fr-FR\",\"@id\":\"https:\\\/\\\/firstwater.ma\\\/#\\\/schema\\\/logo\\\/image\\\/\",\"url\":\"https:\\\/\\\/firstwater.ma\\\/wp-content\\\/uploads\\\/2024\\\/01\\\/cropped-first-water-2-130x70-2.png\",\"contentUrl\":\"https:\\\/\\\/firstwater.ma\\\/wp-content\\\/uploads\\\/2024\\\/01\\\/cropped-first-water-2-130x70-2.png\",\"width\":130,\"height\":70,\"caption\":\"Firstwater\"},\"image\":{\"@id\":\"https:\\\/\\\/firstwater.ma\\\/#\\\/schema\\\/logo\\\/image\\\/\"}}]}<\/script>\n<!-- \/ Yoast SEO plugin. -->","yoast_head_json":{"title":"Filtre multicartouches industriel - Firstwater","robots":{"index":"index","follow":"follow","max-snippet":"max-snippet:-1","max-image-preview":"max-image-preview:large","max-video-preview":"max-video-preview:-1"},"canonical":"https:\/\/firstwater.ma\/?product=filtre-multicartouches-industriel","og_locale":"fr_FR","og_type":"article","og_title":"Filtre multicartouches industriel - Firstwater","og_description":"Corps en acier inoxydable de grande qualit\u00e9 pour loger des poches filtrantes standard de taille #1 ou #2 avec un syst\u00e8me simple et efficace qui permet une \u00e9tanch\u00e9it\u00e9 parfaite sous pression. Disponible \u00e9galement en corps multi-poches.  Ces conteneurs s\u2019utilisent pour la filtration d\u2019eau de process, produits chimiques, peintures, r\u00e9sines, huiles, aliments et boissons, sp\u00e9cialement pour la filtration de liquides avec une haute proportion de solides en suspension, viscosit\u00e9 \u00e9lev\u00e9e et grands d\u00e9bits.  Les poches peuvent \u00eatres de diff\u00e9rents mat\u00e9riaux (PP, PE, Nylon) et de diff\u00e9rents microns (5, 25, 50 ou 100).","og_url":"https:\/\/firstwater.ma\/?product=filtre-multicartouches-industriel","og_site_name":"Firstwater","article_modified_time":"2024-01-08T10:37:36+00:00","og_image":[{"width":720,"height":720,"url":"https:\/\/firstwater.ma\/wp-content\/uploads\/2024\/01\/filtro-de-bolsa.jpg","type":"image\/jpeg"}],"twitter_card":"summary_large_image","schema":{"@context":"https:\/\/schema.org","@graph":[{"@type":"WebPage","@id":"https:\/\/firstwater.ma\/?product=filtre-multicartouches-industriel","url":"https:\/\/firstwater.ma\/?product=filtre-multicartouches-industriel","name":"Filtre multicartouches industriel - Firstwater","isPartOf":{"@id":"https:\/\/firstwater.ma\/#website"},"primaryImageOfPage":{"@id":"https:\/\/firstwater.ma\/?product=filtre-multicartouches-industriel#primaryimage"},"image":{"@id":"https:\/\/firstwater.ma\/?product=filtre-multicartouches-industriel#primaryimage"},"thumbnailUrl":"https:\/\/firstwater.ma\/wp-content\/uploads\/2024\/01\/filtro-de-bolsa.jpg","datePublished":"2024-01-08T10:37:16+00:00","dateModified":"2024-01-08T10:37:36+00:00","breadcrumb":{"@id":"https:\/\/firstwater.ma\/?product=filtre-multicartouches-industriel#breadcrumb"},"inLanguage":"fr-FR","potentialAction":[{"@type":"ReadAction","target":["https:\/\/firstwater.ma\/?product=filtre-multicartouches-industriel"]}]},{"@type":"ImageObject","inLanguage":"fr-FR","@id":"https:\/\/firstwater.ma\/?product=filtre-multicartouches-industriel#primaryimage","url":"https:\/\/firstwater.ma\/wp-content\/uploads\/2024\/01\/filtro-de-bolsa.jpg","contentUrl":"https:\/\/firstwater.ma\/wp-content\/uploads\/2024\/01\/filtro-de-bolsa.jpg","width":720,"height":720},{"@type":"BreadcrumbList","@id":"https:\/\/firstwater.ma\/?product=filtre-multicartouches-industriel#breadcrumb","itemListElement":[{"@type":"ListItem","position":1,"name":"Accueil","item":"https:\/\/firstwater.ma\/"},{"@type":"ListItem","position":2,"name":"Boutique","item":"https:\/\/firstwater.ma\/?page_id=8"},{"@type":"ListItem","position":3,"name":"Filtre multicartouches industriel"}]},{"@type":"WebSite","@id":"https:\/\/firstwater.ma\/#website","url":"https:\/\/firstwater.ma\/","name":"Firstwater","description":"","publisher":{"@id":"https:\/\/firstwater.ma\/#organization"},"potentialAction":[{"@type":"SearchAction","target":{"@type":"EntryPoint","urlTemplate":"https:\/\/firstwater.ma\/?s={search_term_string}"},"query-input":{"@type":"PropertyValueSpecification","valueRequired":true,"valueName":"search_term_string"}}],"inLanguage":"fr-FR"},{"@type":"Organization","@id":"https:\/\/firstwater.ma\/#organization","name":"Firstwater","url":"https:\/\/firstwater.ma\/","logo":{"@type":"ImageObject","inLanguage":"fr-FR","@id":"https:\/\/firstwater.ma\/#\/schema\/logo\/image\/","url":"https:\/\/firstwater.ma\/wp-content\/uploads\/2024\/01\/cropped-first-water-2-130x70-2.png","contentUrl":"https:\/\/firstwater.ma\/wp-content\/uploads\/2024\/01\/cropped-first-water-2-130x70-2.png","width":130,"height":70,"caption":"Firstwater"},"image":{"@id":"https:\/\/firstwater.ma\/#\/schema\/logo\/image\/"}}]}},"_links":{"self":[{"href":"https:\/\/firstwater.ma\/index.php?rest_route=\/wp\/v2\/product\/4882","targetHints":{"allow":["GET"]}}],"collection":[{"href":"https:\/\/firstwater.ma\/index.php?rest_route=\/wp\/v2\/product"}],"about":[{"href":"https:\/\/firstwater.ma\/index.php?rest_route=\/wp\/v2\/types\/product"}],"version-history":[{"count":1,"href":"https:\/\/firstwater.ma\/index.php?rest_route=\/wp\/v2\/product\/4882\/revisions"}],"predecessor-version":[{"id":4929,"href":"https:\/\/firstwater.ma\/index.php?rest_route=\/wp\/v2\/product\/4882\/revisions\/4929"}],"wp:featuredmedia":[{"embeddable":true,"href":"https:\/\/firstwater.ma\/index.php?rest_route=\/wp\/v2\/media\/4928"}],"wp:attachment":[{"href":"https:\/\/firstwater.ma\/index.php?rest_route=%2Fwp%2Fv2%2Fmedia&parent=4882"}],"wp:term":[{"taxonomy":"product_cat","embeddable":true,"href":"https:\/\/firstwater.ma\/index.php?rest_route=%2Fwp%2Fv2%2Fproduct_cat&post=4882"},{"taxonomy":"product_tag","embeddable":true,"href":"https:\/\/firstwater.ma\/index.php?rest_route=%2Fwp%2Fv2%2Fproduct_tag&post=4882"}],"curies":[{"name":"wp","href":"https:\/\/api.w.org\/{rel}","templated":true}]}}