{"id":4883,"date":"2024-01-08T11:37:16","date_gmt":"2024-01-08T10:37:16","guid":{"rendered":"https:\/\/firstwater.ma\/?post_type=product&#038;p=4883"},"modified":"2024-01-08T11:37:37","modified_gmt":"2024-01-08T10:37:37","slug":"filtre-a-sable","status":"publish","type":"product","link":"https:\/\/firstwater.ma\/?product=filtre-a-sable","title":{"rendered":"Filtre \u00e0 sable"},"content":{"rendered":"","protected":false},"excerpt":{"rendered":"<p>Le filtre \u00e0 sable IML LISBOA est connu pour allier long\u00e9vit\u00e9 et performances. Il est parfaitement adapt\u00e9 aux piscines r\u00e9sidentielles. Avec sa vanne situ\u00e9e sur le c\u00f4t\u00e9, la maintenance du filtre est plus simple.<\/p>\n<h2>Les plus<\/h2>\n<ul>\n<li>Cuve renforc\u00e9e en fibre de verre, garantissant de longues ann\u00e9es de fonctionnement<\/li>\n<li>Rev\u00eatement r\u00e9sistant aux UV<\/li>\n<li>Vanne multivoies avec voyant de turbidit\u00e9<\/li>\n<li>Manom\u00e8tre int\u00e9gr\u00e9 avec purge d&rsquo;air<\/li>\n<li>Drain int\u00e9gr\u00e9, facilitant la vidange du filtre<\/li>\n<li>Couvercle d&rsquo;acc\u00e8s renforc\u00e9 en standard<\/li>\n<\/ul>\n<h2>Caract\u00e9ristiques techniques<\/h2>\n<ul>\n<li>Corps du filtre en polyester arm\u00e9 de fibres de verre pour une r\u00e9sistance \u00e0 la pression renforc\u00e9e.<\/li>\n<li>Couvercle de grand diam\u00e8tre, boulonn\u00e9<\/li>\n<li>Large ouverture par le dessus, facilitant la charge du sable<\/li>\n<li>\u00c9quip\u00e9 d&rsquo;un manom\u00e8tre, une purge d&rsquo;eau et une purge d&rsquo;air<\/li>\n<li>Vanne multi-voies<\/li>\n<\/ul>\n","protected":false},"featured_media":4930,"template":"","meta":[],"product_cat":[89],"product_tag":[79,90],"class_list":{"0":"post-4883","1":"product","2":"type-product","3":"status-publish","4":"has-post-thumbnail","6":"product_cat-filtre-a-sable","7":"product_tag-filtre","8":"product_tag-piscine","10":"first","11":"instock","12":"shipping-taxable","13":"product-type-simple","14":"col-xs-6 col-sm-4","15":"col-md-3 col-lg-3","16":"un-4-cols"},"yoast_head":"<!-- This site is optimized with the Yoast SEO plugin v27.5 - https:\/\/yoast.com\/product\/yoast-seo-wordpress\/ -->\n<title>Filtre \u00e0 sable - Firstwater<\/title>\n<meta name=\"robots\" content=\"index, follow, max-snippet:-1, max-image-preview:large, max-video-preview:-1\" \/>\n<link rel=\"canonical\" href=\"https:\/\/firstwater.ma\/?product=filtre-a-sable\" \/>\n<meta property=\"og:locale\" content=\"fr_FR\" \/>\n<meta property=\"og:type\" content=\"article\" \/>\n<meta property=\"og:title\" content=\"Filtre \u00e0 sable - Firstwater\" \/>\n<meta property=\"og:description\" content=\"Le filtre \u00e0 sable IML LISBOA est connu pour allier long\u00e9vit\u00e9 et performances. Il est parfaitement adapt\u00e9 aux piscines r\u00e9sidentielles. Avec sa vanne situ\u00e9e sur le c\u00f4t\u00e9, la maintenance du filtre est plus simple. Les plus   Cuve renforc\u00e9e en fibre de verre, garantissant de longues ann\u00e9es de fonctionnement  Rev\u00eatement r\u00e9sistant aux UV  Vanne multivoies avec voyant de turbidit\u00e9  Manom\u00e8tre int\u00e9gr\u00e9 avec purge d&#039;air  Drain int\u00e9gr\u00e9, facilitant la vidange du filtre  Couvercle d&#039;acc\u00e8s renforc\u00e9 en standard  Caract\u00e9ristiques techniques   Corps du filtre en polyester arm\u00e9 de fibres de verre pour une r\u00e9sistance \u00e0 la pression renforc\u00e9e.  Couvercle de grand diam\u00e8tre, boulonn\u00e9  Large ouverture par le dessus, facilitant la charge du sable  \u00c9quip\u00e9 d&#039;un manom\u00e8tre, une purge d&#039;eau et une purge d&#039;air  Vanne multi-voies\" \/>\n<meta property=\"og:url\" content=\"https:\/\/firstwater.ma\/?product=filtre-a-sable\" \/>\n<meta property=\"og:site_name\" content=\"Firstwater\" \/>\n<meta property=\"article:modified_time\" content=\"2024-01-08T10:37:37+00:00\" \/>\n<meta property=\"og:image\" content=\"https:\/\/firstwater.ma\/wp-content\/uploads\/2024\/01\/Lisboa-Lateral.jpg\" \/>\n\t<meta property=\"og:image:width\" content=\"600\" \/>\n\t<meta property=\"og:image:height\" content=\"600\" \/>\n\t<meta property=\"og:image:type\" content=\"image\/jpeg\" \/>\n<meta name=\"twitter:card\" content=\"summary_large_image\" \/>\n<script type=\"application\/ld+json\" class=\"yoast-schema-graph\">{\"@context\":\"https:\\\/\\\/schema.org\",\"@graph\":[{\"@type\":\"WebPage\",\"@id\":\"https:\\\/\\\/firstwater.ma\\\/?product=filtre-a-sable\",\"url\":\"https:\\\/\\\/firstwater.ma\\\/?product=filtre-a-sable\",\"name\":\"Filtre \u00e0 sable - Firstwater\",\"isPartOf\":{\"@id\":\"https:\\\/\\\/firstwater.ma\\\/#website\"},\"primaryImageOfPage\":{\"@id\":\"https:\\\/\\\/firstwater.ma\\\/?product=filtre-a-sable#primaryimage\"},\"image\":{\"@id\":\"https:\\\/\\\/firstwater.ma\\\/?product=filtre-a-sable#primaryimage\"},\"thumbnailUrl\":\"https:\\\/\\\/firstwater.ma\\\/wp-content\\\/uploads\\\/2024\\\/01\\\/Lisboa-Lateral.jpg\",\"datePublished\":\"2024-01-08T10:37:16+00:00\",\"dateModified\":\"2024-01-08T10:37:37+00:00\",\"breadcrumb\":{\"@id\":\"https:\\\/\\\/firstwater.ma\\\/?product=filtre-a-sable#breadcrumb\"},\"inLanguage\":\"fr-FR\",\"potentialAction\":[{\"@type\":\"ReadAction\",\"target\":[\"https:\\\/\\\/firstwater.ma\\\/?product=filtre-a-sable\"]}]},{\"@type\":\"ImageObject\",\"inLanguage\":\"fr-FR\",\"@id\":\"https:\\\/\\\/firstwater.ma\\\/?product=filtre-a-sable#primaryimage\",\"url\":\"https:\\\/\\\/firstwater.ma\\\/wp-content\\\/uploads\\\/2024\\\/01\\\/Lisboa-Lateral.jpg\",\"contentUrl\":\"https:\\\/\\\/firstwater.ma\\\/wp-content\\\/uploads\\\/2024\\\/01\\\/Lisboa-Lateral.jpg\",\"width\":600,\"height\":600},{\"@type\":\"BreadcrumbList\",\"@id\":\"https:\\\/\\\/firstwater.ma\\\/?product=filtre-a-sable#breadcrumb\",\"itemListElement\":[{\"@type\":\"ListItem\",\"position\":1,\"name\":\"Accueil\",\"item\":\"https:\\\/\\\/firstwater.ma\\\/\"},{\"@type\":\"ListItem\",\"position\":2,\"name\":\"Boutique\",\"item\":\"https:\\\/\\\/firstwater.ma\\\/?page_id=8\"},{\"@type\":\"ListItem\",\"position\":3,\"name\":\"Filtre \u00e0 sable\"}]},{\"@type\":\"WebSite\",\"@id\":\"https:\\\/\\\/firstwater.ma\\\/#website\",\"url\":\"https:\\\/\\\/firstwater.ma\\\/\",\"name\":\"Firstwater\",\"description\":\"\",\"publisher\":{\"@id\":\"https:\\\/\\\/firstwater.ma\\\/#organization\"},\"potentialAction\":[{\"@type\":\"SearchAction\",\"target\":{\"@type\":\"EntryPoint\",\"urlTemplate\":\"https:\\\/\\\/firstwater.ma\\\/?s={search_term_string}\"},\"query-input\":{\"@type\":\"PropertyValueSpecification\",\"valueRequired\":true,\"valueName\":\"search_term_string\"}}],\"inLanguage\":\"fr-FR\"},{\"@type\":\"Organization\",\"@id\":\"https:\\\/\\\/firstwater.ma\\\/#organization\",\"name\":\"Firstwater\",\"url\":\"https:\\\/\\\/firstwater.ma\\\/\",\"logo\":{\"@type\":\"ImageObject\",\"inLanguage\":\"fr-FR\",\"@id\":\"https:\\\/\\\/firstwater.ma\\\/#\\\/schema\\\/logo\\\/image\\\/\",\"url\":\"https:\\\/\\\/firstwater.ma\\\/wp-content\\\/uploads\\\/2024\\\/01\\\/cropped-first-water-2-130x70-2.png\",\"contentUrl\":\"https:\\\/\\\/firstwater.ma\\\/wp-content\\\/uploads\\\/2024\\\/01\\\/cropped-first-water-2-130x70-2.png\",\"width\":130,\"height\":70,\"caption\":\"Firstwater\"},\"image\":{\"@id\":\"https:\\\/\\\/firstwater.ma\\\/#\\\/schema\\\/logo\\\/image\\\/\"}}]}<\/script>\n<!-- \/ Yoast SEO plugin. -->","yoast_head_json":{"title":"Filtre \u00e0 sable - Firstwater","robots":{"index":"index","follow":"follow","max-snippet":"max-snippet:-1","max-image-preview":"max-image-preview:large","max-video-preview":"max-video-preview:-1"},"canonical":"https:\/\/firstwater.ma\/?product=filtre-a-sable","og_locale":"fr_FR","og_type":"article","og_title":"Filtre \u00e0 sable - Firstwater","og_description":"Le filtre \u00e0 sable IML LISBOA est connu pour allier long\u00e9vit\u00e9 et performances. Il est parfaitement adapt\u00e9 aux piscines r\u00e9sidentielles. Avec sa vanne situ\u00e9e sur le c\u00f4t\u00e9, la maintenance du filtre est plus simple. Les plus   Cuve renforc\u00e9e en fibre de verre, garantissant de longues ann\u00e9es de fonctionnement  Rev\u00eatement r\u00e9sistant aux UV  Vanne multivoies avec voyant de turbidit\u00e9  Manom\u00e8tre int\u00e9gr\u00e9 avec purge d'air  Drain int\u00e9gr\u00e9, facilitant la vidange du filtre  Couvercle d'acc\u00e8s renforc\u00e9 en standard  Caract\u00e9ristiques techniques   Corps du filtre en polyester arm\u00e9 de fibres de verre pour une r\u00e9sistance \u00e0 la pression renforc\u00e9e.  Couvercle de grand diam\u00e8tre, boulonn\u00e9  Large ouverture par le dessus, facilitant la charge du sable  \u00c9quip\u00e9 d'un manom\u00e8tre, une purge d'eau et une purge d'air  Vanne multi-voies","og_url":"https:\/\/firstwater.ma\/?product=filtre-a-sable","og_site_name":"Firstwater","article_modified_time":"2024-01-08T10:37:37+00:00","og_image":[{"width":600,"height":600,"url":"https:\/\/firstwater.ma\/wp-content\/uploads\/2024\/01\/Lisboa-Lateral.jpg","type":"image\/jpeg"}],"twitter_card":"summary_large_image","schema":{"@context":"https:\/\/schema.org","@graph":[{"@type":"WebPage","@id":"https:\/\/firstwater.ma\/?product=filtre-a-sable","url":"https:\/\/firstwater.ma\/?product=filtre-a-sable","name":"Filtre \u00e0 sable - Firstwater","isPartOf":{"@id":"https:\/\/firstwater.ma\/#website"},"primaryImageOfPage":{"@id":"https:\/\/firstwater.ma\/?product=filtre-a-sable#primaryimage"},"image":{"@id":"https:\/\/firstwater.ma\/?product=filtre-a-sable#primaryimage"},"thumbnailUrl":"https:\/\/firstwater.ma\/wp-content\/uploads\/2024\/01\/Lisboa-Lateral.jpg","datePublished":"2024-01-08T10:37:16+00:00","dateModified":"2024-01-08T10:37:37+00:00","breadcrumb":{"@id":"https:\/\/firstwater.ma\/?product=filtre-a-sable#breadcrumb"},"inLanguage":"fr-FR","potentialAction":[{"@type":"ReadAction","target":["https:\/\/firstwater.ma\/?product=filtre-a-sable"]}]},{"@type":"ImageObject","inLanguage":"fr-FR","@id":"https:\/\/firstwater.ma\/?product=filtre-a-sable#primaryimage","url":"https:\/\/firstwater.ma\/wp-content\/uploads\/2024\/01\/Lisboa-Lateral.jpg","contentUrl":"https:\/\/firstwater.ma\/wp-content\/uploads\/2024\/01\/Lisboa-Lateral.jpg","width":600,"height":600},{"@type":"BreadcrumbList","@id":"https:\/\/firstwater.ma\/?product=filtre-a-sable#breadcrumb","itemListElement":[{"@type":"ListItem","position":1,"name":"Accueil","item":"https:\/\/firstwater.ma\/"},{"@type":"ListItem","position":2,"name":"Boutique","item":"https:\/\/firstwater.ma\/?page_id=8"},{"@type":"ListItem","position":3,"name":"Filtre \u00e0 sable"}]},{"@type":"WebSite","@id":"https:\/\/firstwater.ma\/#website","url":"https:\/\/firstwater.ma\/","name":"Firstwater","description":"","publisher":{"@id":"https:\/\/firstwater.ma\/#organization"},"potentialAction":[{"@type":"SearchAction","target":{"@type":"EntryPoint","urlTemplate":"https:\/\/firstwater.ma\/?s={search_term_string}"},"query-input":{"@type":"PropertyValueSpecification","valueRequired":true,"valueName":"search_term_string"}}],"inLanguage":"fr-FR"},{"@type":"Organization","@id":"https:\/\/firstwater.ma\/#organization","name":"Firstwater","url":"https:\/\/firstwater.ma\/","logo":{"@type":"ImageObject","inLanguage":"fr-FR","@id":"https:\/\/firstwater.ma\/#\/schema\/logo\/image\/","url":"https:\/\/firstwater.ma\/wp-content\/uploads\/2024\/01\/cropped-first-water-2-130x70-2.png","contentUrl":"https:\/\/firstwater.ma\/wp-content\/uploads\/2024\/01\/cropped-first-water-2-130x70-2.png","width":130,"height":70,"caption":"Firstwater"},"image":{"@id":"https:\/\/firstwater.ma\/#\/schema\/logo\/image\/"}}]}},"_links":{"self":[{"href":"https:\/\/firstwater.ma\/index.php?rest_route=\/wp\/v2\/product\/4883","targetHints":{"allow":["GET"]}}],"collection":[{"href":"https:\/\/firstwater.ma\/index.php?rest_route=\/wp\/v2\/product"}],"about":[{"href":"https:\/\/firstwater.ma\/index.php?rest_route=\/wp\/v2\/types\/product"}],"version-history":[{"count":1,"href":"https:\/\/firstwater.ma\/index.php?rest_route=\/wp\/v2\/product\/4883\/revisions"}],"predecessor-version":[{"id":4932,"href":"https:\/\/firstwater.ma\/index.php?rest_route=\/wp\/v2\/product\/4883\/revisions\/4932"}],"wp:featuredmedia":[{"embeddable":true,"href":"https:\/\/firstwater.ma\/index.php?rest_route=\/wp\/v2\/media\/4930"}],"wp:attachment":[{"href":"https:\/\/firstwater.ma\/index.php?rest_route=%2Fwp%2Fv2%2Fmedia&parent=4883"}],"wp:term":[{"taxonomy":"product_cat","embeddable":true,"href":"https:\/\/firstwater.ma\/index.php?rest_route=%2Fwp%2Fv2%2Fproduct_cat&post=4883"},{"taxonomy":"product_tag","embeddable":true,"href":"https:\/\/firstwater.ma\/index.php?rest_route=%2Fwp%2Fv2%2Fproduct_tag&post=4883"}],"curies":[{"name":"wp","href":"https:\/\/api.w.org\/{rel}","templated":true}]}}