{"id":4896,"date":"2024-01-08T11:37:17","date_gmt":"2024-01-08T10:37:17","guid":{"rendered":"https:\/\/firstwater.ma\/?post_type=product&#038;p=4896"},"modified":"2024-01-08T11:38:15","modified_gmt":"2024-01-08T10:38:15","slug":"boite-de-connexion-b-005","status":"publish","type":"product","link":"https:\/\/firstwater.ma\/?product=boite-de-connexion-b-005","title":{"rendered":"Boite de connexion B-005"},"content":{"rendered":"","protected":false},"excerpt":{"rendered":"<p>La bo\u00eete de connexion permet d&rsquo;effectuer le branchement \u00e9lectrique \u00e9tanche entre le c\u00e2ble du projecteur et l&rsquo;alimentation \u00e9lectrique 12V du transformateur basse tension.<\/p>\n<ul>\n<li>Pour les connexions entre projecteurs.<\/li>\n<li>Fabriqu\u00e9e en ABS blanc, r\u00e9sistant contre les rayons UVA. Etanch\u00e9it\u00e9 totale assur\u00e9e par le joint torique du couvercle et les presse-\u00e9toupes des sorties.<\/li>\n<\/ul>\n","protected":false},"featured_media":4995,"template":"","meta":[],"product_cat":[95],"product_tag":[],"class_list":{"0":"post-4896","1":"product","2":"type-product","3":"status-publish","4":"has-post-thumbnail","6":"product_cat-eclairage","8":"first","9":"instock","10":"shipping-taxable","11":"product-type-simple","12":"col-xs-6 col-sm-4","13":"col-md-3 col-lg-3","14":"un-4-cols"},"yoast_head":"<!-- This site is optimized with the Yoast SEO plugin v27.5 - https:\/\/yoast.com\/product\/yoast-seo-wordpress\/ -->\n<title>Boite de connexion B-005 - Firstwater<\/title>\n<meta name=\"robots\" content=\"index, follow, max-snippet:-1, max-image-preview:large, max-video-preview:-1\" \/>\n<link rel=\"canonical\" href=\"https:\/\/firstwater.ma\/?product=boite-de-connexion-b-005\" \/>\n<meta property=\"og:locale\" content=\"fr_FR\" \/>\n<meta property=\"og:type\" content=\"article\" \/>\n<meta property=\"og:title\" content=\"Boite de connexion B-005 - Firstwater\" \/>\n<meta property=\"og:description\" content=\"La bo\u00eete de connexion permet d&#039;effectuer le branchement \u00e9lectrique \u00e9tanche entre le c\u00e2ble du projecteur et l&#039;alimentation \u00e9lectrique 12V du transformateur basse tension.  Pour les connexions entre projecteurs. Fabriqu\u00e9e en ABS blanc, r\u00e9sistant contre les rayons UVA. Etanch\u00e9it\u00e9 totale assur\u00e9e par le joint torique du couvercle et les presse-\u00e9toupes des sorties.\" \/>\n<meta property=\"og:url\" content=\"https:\/\/firstwater.ma\/?product=boite-de-connexion-b-005\" \/>\n<meta property=\"og:site_name\" content=\"Firstwater\" \/>\n<meta property=\"article:modified_time\" content=\"2024-01-08T10:38:15+00:00\" \/>\n<meta property=\"og:image\" content=\"https:\/\/firstwater.ma\/wp-content\/uploads\/2024\/01\/B-005.jpg\" \/>\n\t<meta property=\"og:image:width\" content=\"600\" \/>\n\t<meta property=\"og:image:height\" content=\"600\" \/>\n\t<meta property=\"og:image:type\" content=\"image\/jpeg\" \/>\n<meta name=\"twitter:card\" content=\"summary_large_image\" \/>\n<script type=\"application\/ld+json\" class=\"yoast-schema-graph\">{\"@context\":\"https:\\\/\\\/schema.org\",\"@graph\":[{\"@type\":\"WebPage\",\"@id\":\"https:\\\/\\\/firstwater.ma\\\/?product=boite-de-connexion-b-005\",\"url\":\"https:\\\/\\\/firstwater.ma\\\/?product=boite-de-connexion-b-005\",\"name\":\"Boite de connexion B-005 - Firstwater\",\"isPartOf\":{\"@id\":\"https:\\\/\\\/firstwater.ma\\\/#website\"},\"primaryImageOfPage\":{\"@id\":\"https:\\\/\\\/firstwater.ma\\\/?product=boite-de-connexion-b-005#primaryimage\"},\"image\":{\"@id\":\"https:\\\/\\\/firstwater.ma\\\/?product=boite-de-connexion-b-005#primaryimage\"},\"thumbnailUrl\":\"https:\\\/\\\/firstwater.ma\\\/wp-content\\\/uploads\\\/2024\\\/01\\\/B-005.jpg\",\"datePublished\":\"2024-01-08T10:37:17+00:00\",\"dateModified\":\"2024-01-08T10:38:15+00:00\",\"breadcrumb\":{\"@id\":\"https:\\\/\\\/firstwater.ma\\\/?product=boite-de-connexion-b-005#breadcrumb\"},\"inLanguage\":\"fr-FR\",\"potentialAction\":[{\"@type\":\"ReadAction\",\"target\":[\"https:\\\/\\\/firstwater.ma\\\/?product=boite-de-connexion-b-005\"]}]},{\"@type\":\"ImageObject\",\"inLanguage\":\"fr-FR\",\"@id\":\"https:\\\/\\\/firstwater.ma\\\/?product=boite-de-connexion-b-005#primaryimage\",\"url\":\"https:\\\/\\\/firstwater.ma\\\/wp-content\\\/uploads\\\/2024\\\/01\\\/B-005.jpg\",\"contentUrl\":\"https:\\\/\\\/firstwater.ma\\\/wp-content\\\/uploads\\\/2024\\\/01\\\/B-005.jpg\",\"width\":600,\"height\":600},{\"@type\":\"BreadcrumbList\",\"@id\":\"https:\\\/\\\/firstwater.ma\\\/?product=boite-de-connexion-b-005#breadcrumb\",\"itemListElement\":[{\"@type\":\"ListItem\",\"position\":1,\"name\":\"Accueil\",\"item\":\"https:\\\/\\\/firstwater.ma\\\/\"},{\"@type\":\"ListItem\",\"position\":2,\"name\":\"Boutique\",\"item\":\"https:\\\/\\\/firstwater.ma\\\/?page_id=8\"},{\"@type\":\"ListItem\",\"position\":3,\"name\":\"Boite de connexion B-005\"}]},{\"@type\":\"WebSite\",\"@id\":\"https:\\\/\\\/firstwater.ma\\\/#website\",\"url\":\"https:\\\/\\\/firstwater.ma\\\/\",\"name\":\"Firstwater\",\"description\":\"\",\"publisher\":{\"@id\":\"https:\\\/\\\/firstwater.ma\\\/#organization\"},\"potentialAction\":[{\"@type\":\"SearchAction\",\"target\":{\"@type\":\"EntryPoint\",\"urlTemplate\":\"https:\\\/\\\/firstwater.ma\\\/?s={search_term_string}\"},\"query-input\":{\"@type\":\"PropertyValueSpecification\",\"valueRequired\":true,\"valueName\":\"search_term_string\"}}],\"inLanguage\":\"fr-FR\"},{\"@type\":\"Organization\",\"@id\":\"https:\\\/\\\/firstwater.ma\\\/#organization\",\"name\":\"Firstwater\",\"url\":\"https:\\\/\\\/firstwater.ma\\\/\",\"logo\":{\"@type\":\"ImageObject\",\"inLanguage\":\"fr-FR\",\"@id\":\"https:\\\/\\\/firstwater.ma\\\/#\\\/schema\\\/logo\\\/image\\\/\",\"url\":\"https:\\\/\\\/firstwater.ma\\\/wp-content\\\/uploads\\\/2024\\\/01\\\/cropped-first-water-2-130x70-2.png\",\"contentUrl\":\"https:\\\/\\\/firstwater.ma\\\/wp-content\\\/uploads\\\/2024\\\/01\\\/cropped-first-water-2-130x70-2.png\",\"width\":130,\"height\":70,\"caption\":\"Firstwater\"},\"image\":{\"@id\":\"https:\\\/\\\/firstwater.ma\\\/#\\\/schema\\\/logo\\\/image\\\/\"}}]}<\/script>\n<!-- \/ Yoast SEO plugin. -->","yoast_head_json":{"title":"Boite de connexion B-005 - Firstwater","robots":{"index":"index","follow":"follow","max-snippet":"max-snippet:-1","max-image-preview":"max-image-preview:large","max-video-preview":"max-video-preview:-1"},"canonical":"https:\/\/firstwater.ma\/?product=boite-de-connexion-b-005","og_locale":"fr_FR","og_type":"article","og_title":"Boite de connexion B-005 - Firstwater","og_description":"La bo\u00eete de connexion permet d'effectuer le branchement \u00e9lectrique \u00e9tanche entre le c\u00e2ble du projecteur et l'alimentation \u00e9lectrique 12V du transformateur basse tension.  Pour les connexions entre projecteurs. Fabriqu\u00e9e en ABS blanc, r\u00e9sistant contre les rayons UVA. Etanch\u00e9it\u00e9 totale assur\u00e9e par le joint torique du couvercle et les presse-\u00e9toupes des sorties.","og_url":"https:\/\/firstwater.ma\/?product=boite-de-connexion-b-005","og_site_name":"Firstwater","article_modified_time":"2024-01-08T10:38:15+00:00","og_image":[{"width":600,"height":600,"url":"https:\/\/firstwater.ma\/wp-content\/uploads\/2024\/01\/B-005.jpg","type":"image\/jpeg"}],"twitter_card":"summary_large_image","schema":{"@context":"https:\/\/schema.org","@graph":[{"@type":"WebPage","@id":"https:\/\/firstwater.ma\/?product=boite-de-connexion-b-005","url":"https:\/\/firstwater.ma\/?product=boite-de-connexion-b-005","name":"Boite de connexion B-005 - Firstwater","isPartOf":{"@id":"https:\/\/firstwater.ma\/#website"},"primaryImageOfPage":{"@id":"https:\/\/firstwater.ma\/?product=boite-de-connexion-b-005#primaryimage"},"image":{"@id":"https:\/\/firstwater.ma\/?product=boite-de-connexion-b-005#primaryimage"},"thumbnailUrl":"https:\/\/firstwater.ma\/wp-content\/uploads\/2024\/01\/B-005.jpg","datePublished":"2024-01-08T10:37:17+00:00","dateModified":"2024-01-08T10:38:15+00:00","breadcrumb":{"@id":"https:\/\/firstwater.ma\/?product=boite-de-connexion-b-005#breadcrumb"},"inLanguage":"fr-FR","potentialAction":[{"@type":"ReadAction","target":["https:\/\/firstwater.ma\/?product=boite-de-connexion-b-005"]}]},{"@type":"ImageObject","inLanguage":"fr-FR","@id":"https:\/\/firstwater.ma\/?product=boite-de-connexion-b-005#primaryimage","url":"https:\/\/firstwater.ma\/wp-content\/uploads\/2024\/01\/B-005.jpg","contentUrl":"https:\/\/firstwater.ma\/wp-content\/uploads\/2024\/01\/B-005.jpg","width":600,"height":600},{"@type":"BreadcrumbList","@id":"https:\/\/firstwater.ma\/?product=boite-de-connexion-b-005#breadcrumb","itemListElement":[{"@type":"ListItem","position":1,"name":"Accueil","item":"https:\/\/firstwater.ma\/"},{"@type":"ListItem","position":2,"name":"Boutique","item":"https:\/\/firstwater.ma\/?page_id=8"},{"@type":"ListItem","position":3,"name":"Boite de connexion B-005"}]},{"@type":"WebSite","@id":"https:\/\/firstwater.ma\/#website","url":"https:\/\/firstwater.ma\/","name":"Firstwater","description":"","publisher":{"@id":"https:\/\/firstwater.ma\/#organization"},"potentialAction":[{"@type":"SearchAction","target":{"@type":"EntryPoint","urlTemplate":"https:\/\/firstwater.ma\/?s={search_term_string}"},"query-input":{"@type":"PropertyValueSpecification","valueRequired":true,"valueName":"search_term_string"}}],"inLanguage":"fr-FR"},{"@type":"Organization","@id":"https:\/\/firstwater.ma\/#organization","name":"Firstwater","url":"https:\/\/firstwater.ma\/","logo":{"@type":"ImageObject","inLanguage":"fr-FR","@id":"https:\/\/firstwater.ma\/#\/schema\/logo\/image\/","url":"https:\/\/firstwater.ma\/wp-content\/uploads\/2024\/01\/cropped-first-water-2-130x70-2.png","contentUrl":"https:\/\/firstwater.ma\/wp-content\/uploads\/2024\/01\/cropped-first-water-2-130x70-2.png","width":130,"height":70,"caption":"Firstwater"},"image":{"@id":"https:\/\/firstwater.ma\/#\/schema\/logo\/image\/"}}]}},"_links":{"self":[{"href":"https:\/\/firstwater.ma\/index.php?rest_route=\/wp\/v2\/product\/4896","targetHints":{"allow":["GET"]}}],"collection":[{"href":"https:\/\/firstwater.ma\/index.php?rest_route=\/wp\/v2\/product"}],"about":[{"href":"https:\/\/firstwater.ma\/index.php?rest_route=\/wp\/v2\/types\/product"}],"version-history":[{"count":1,"href":"https:\/\/firstwater.ma\/index.php?rest_route=\/wp\/v2\/product\/4896\/revisions"}],"predecessor-version":[{"id":4999,"href":"https:\/\/firstwater.ma\/index.php?rest_route=\/wp\/v2\/product\/4896\/revisions\/4999"}],"wp:featuredmedia":[{"embeddable":true,"href":"https:\/\/firstwater.ma\/index.php?rest_route=\/wp\/v2\/media\/4995"}],"wp:attachment":[{"href":"https:\/\/firstwater.ma\/index.php?rest_route=%2Fwp%2Fv2%2Fmedia&parent=4896"}],"wp:term":[{"taxonomy":"product_cat","embeddable":true,"href":"https:\/\/firstwater.ma\/index.php?rest_route=%2Fwp%2Fv2%2Fproduct_cat&post=4896"},{"taxonomy":"product_tag","embeddable":true,"href":"https:\/\/firstwater.ma\/index.php?rest_route=%2Fwp%2Fv2%2Fproduct_tag&post=4896"}],"curies":[{"name":"wp","href":"https:\/\/api.w.org\/{rel}","templated":true}]}}