{"id":4944,"date":"2024-01-08T11:37:42","date_gmt":"2024-01-08T10:37:42","guid":{"rendered":"https:\/\/firstwater.ma\/?post_type=product&#038;p=4944"},"modified":"2024-01-08T11:38:48","modified_gmt":"2024-01-08T10:38:48","slug":"adoucisseur-monobloc-compact-2","status":"publish","type":"product","link":"https:\/\/firstwater.ma\/?product=adoucisseur-monobloc-compact-2","title":{"rendered":"Adoucisseur monobloc compact"},"content":{"rendered":"<p>L\u2019adoucissement de l\u2019eau est un proc\u00e9d\u00e9 de traitement initialement destin\u00e9 \u00e0 r\u00e9duire la duret\u00e9 de l\u2019eau (due \u00e0 la pr\u00e9sence des sels alcalino-terreux de calcium et de magn\u00e9sium).<br \/>\nPour pr\u00e9server toutes vos installations sanitaire, chauffages, climatisations contre l\u2019entartrage nous vous proposons le syst\u00e8me d\u2019adoucisseur qui vous assurera une long\u00e9vit\u00e9 maximale \u00e0 tous vos appareils.<\/p>\n","protected":false},"excerpt":{"rendered":"<p>L\u2019adoucissement de l\u2019eau est un proc\u00e9d\u00e9 de traitement initialement destin\u00e9 \u00e0 r\u00e9duire la duret\u00e9 de l\u2019eau (due \u00e0 la pr\u00e9sence des sels alcalino-terreux de calcium et de magn\u00e9sium). Pour pr\u00e9server toutes vos installations sanitaire, chauffages, climatisations contre l\u2019entartrage nous vous proposons le syst\u00e8me d\u2019adoucisseur qui vous assurera une long\u00e9vit\u00e9 maximale \u00e0 tous vos appareils.<\/p>\n","protected":false},"featured_media":4911,"template":"","meta":[],"product_cat":[81,83],"product_tag":[],"class_list":{"0":"post-4944","1":"product","2":"type-product","3":"status-publish","4":"has-post-thumbnail","6":"product_cat-adoucisseur-monobloc-compact-residentiel","7":"product_cat-adoucisseurs","9":"first","10":"instock","11":"shipping-taxable","12":"product-type-simple","13":"col-xs-6 col-sm-4","14":"col-md-3 col-lg-3","15":"un-4-cols"},"yoast_head":"<!-- This site is optimized with the Yoast SEO plugin v27.5 - https:\/\/yoast.com\/product\/yoast-seo-wordpress\/ -->\n<title>Adoucisseur monobloc compact - Firstwater<\/title>\n<meta name=\"robots\" content=\"index, follow, max-snippet:-1, max-image-preview:large, max-video-preview:-1\" \/>\n<link rel=\"canonical\" href=\"https:\/\/firstwater.ma\/?product=adoucisseur-monobloc-compact-2\" \/>\n<meta property=\"og:locale\" content=\"fr_FR\" \/>\n<meta property=\"og:type\" content=\"article\" \/>\n<meta property=\"og:title\" content=\"Adoucisseur monobloc compact - Firstwater\" \/>\n<meta property=\"og:description\" content=\"L\u2019adoucissement de l\u2019eau est un proc\u00e9d\u00e9 de traitement initialement destin\u00e9 \u00e0 r\u00e9duire la duret\u00e9 de l\u2019eau (due \u00e0 la pr\u00e9sence des sels alcalino-terreux de calcium et de magn\u00e9sium). Pour pr\u00e9server toutes vos installations sanitaire, chauffages, climatisations contre l\u2019entartrage nous vous proposons le syst\u00e8me d\u2019adoucisseur qui vous assurera une long\u00e9vit\u00e9 maximale \u00e0 tous vos appareils.\" \/>\n<meta property=\"og:url\" content=\"https:\/\/firstwater.ma\/?product=adoucisseur-monobloc-compact-2\" \/>\n<meta property=\"og:site_name\" content=\"Firstwater\" \/>\n<meta property=\"article:modified_time\" content=\"2024-01-08T10:38:48+00:00\" \/>\n<meta property=\"og:image\" content=\"https:\/\/firstwater.ma\/wp-content\/uploads\/2024\/01\/evolio_web-1.jpg\" \/>\n\t<meta property=\"og:image:width\" content=\"500\" \/>\n\t<meta property=\"og:image:height\" content=\"500\" \/>\n\t<meta property=\"og:image:type\" content=\"image\/jpeg\" \/>\n<meta name=\"twitter:card\" content=\"summary_large_image\" \/>\n<meta name=\"twitter:label1\" content=\"Dur\u00e9e de lecture estim\u00e9e\" \/>\n\t<meta name=\"twitter:data1\" content=\"1 minute\" \/>\n<script type=\"application\/ld+json\" class=\"yoast-schema-graph\">{\"@context\":\"https:\\\/\\\/schema.org\",\"@graph\":[{\"@type\":\"WebPage\",\"@id\":\"https:\\\/\\\/firstwater.ma\\\/?product=adoucisseur-monobloc-compact-2\",\"url\":\"https:\\\/\\\/firstwater.ma\\\/?product=adoucisseur-monobloc-compact-2\",\"name\":\"Adoucisseur monobloc compact - Firstwater\",\"isPartOf\":{\"@id\":\"https:\\\/\\\/firstwater.ma\\\/#website\"},\"primaryImageOfPage\":{\"@id\":\"https:\\\/\\\/firstwater.ma\\\/?product=adoucisseur-monobloc-compact-2#primaryimage\"},\"image\":{\"@id\":\"https:\\\/\\\/firstwater.ma\\\/?product=adoucisseur-monobloc-compact-2#primaryimage\"},\"thumbnailUrl\":\"https:\\\/\\\/firstwater.ma\\\/wp-content\\\/uploads\\\/2024\\\/01\\\/evolio_web-1.jpg\",\"datePublished\":\"2024-01-08T10:37:42+00:00\",\"dateModified\":\"2024-01-08T10:38:48+00:00\",\"breadcrumb\":{\"@id\":\"https:\\\/\\\/firstwater.ma\\\/?product=adoucisseur-monobloc-compact-2#breadcrumb\"},\"inLanguage\":\"fr-FR\",\"potentialAction\":[{\"@type\":\"ReadAction\",\"target\":[\"https:\\\/\\\/firstwater.ma\\\/?product=adoucisseur-monobloc-compact-2\"]}]},{\"@type\":\"ImageObject\",\"inLanguage\":\"fr-FR\",\"@id\":\"https:\\\/\\\/firstwater.ma\\\/?product=adoucisseur-monobloc-compact-2#primaryimage\",\"url\":\"https:\\\/\\\/firstwater.ma\\\/wp-content\\\/uploads\\\/2024\\\/01\\\/evolio_web-1.jpg\",\"contentUrl\":\"https:\\\/\\\/firstwater.ma\\\/wp-content\\\/uploads\\\/2024\\\/01\\\/evolio_web-1.jpg\",\"width\":500,\"height\":500},{\"@type\":\"BreadcrumbList\",\"@id\":\"https:\\\/\\\/firstwater.ma\\\/?product=adoucisseur-monobloc-compact-2#breadcrumb\",\"itemListElement\":[{\"@type\":\"ListItem\",\"position\":1,\"name\":\"Accueil\",\"item\":\"https:\\\/\\\/firstwater.ma\\\/\"},{\"@type\":\"ListItem\",\"position\":2,\"name\":\"Boutique\",\"item\":\"https:\\\/\\\/firstwater.ma\\\/?page_id=8\"},{\"@type\":\"ListItem\",\"position\":3,\"name\":\"Adoucisseur monobloc compact\"}]},{\"@type\":\"WebSite\",\"@id\":\"https:\\\/\\\/firstwater.ma\\\/#website\",\"url\":\"https:\\\/\\\/firstwater.ma\\\/\",\"name\":\"Firstwater\",\"description\":\"\",\"publisher\":{\"@id\":\"https:\\\/\\\/firstwater.ma\\\/#organization\"},\"potentialAction\":[{\"@type\":\"SearchAction\",\"target\":{\"@type\":\"EntryPoint\",\"urlTemplate\":\"https:\\\/\\\/firstwater.ma\\\/?s={search_term_string}\"},\"query-input\":{\"@type\":\"PropertyValueSpecification\",\"valueRequired\":true,\"valueName\":\"search_term_string\"}}],\"inLanguage\":\"fr-FR\"},{\"@type\":\"Organization\",\"@id\":\"https:\\\/\\\/firstwater.ma\\\/#organization\",\"name\":\"Firstwater\",\"url\":\"https:\\\/\\\/firstwater.ma\\\/\",\"logo\":{\"@type\":\"ImageObject\",\"inLanguage\":\"fr-FR\",\"@id\":\"https:\\\/\\\/firstwater.ma\\\/#\\\/schema\\\/logo\\\/image\\\/\",\"url\":\"https:\\\/\\\/firstwater.ma\\\/wp-content\\\/uploads\\\/2024\\\/01\\\/cropped-first-water-2-130x70-2.png\",\"contentUrl\":\"https:\\\/\\\/firstwater.ma\\\/wp-content\\\/uploads\\\/2024\\\/01\\\/cropped-first-water-2-130x70-2.png\",\"width\":130,\"height\":70,\"caption\":\"Firstwater\"},\"image\":{\"@id\":\"https:\\\/\\\/firstwater.ma\\\/#\\\/schema\\\/logo\\\/image\\\/\"}}]}<\/script>\n<!-- \/ Yoast SEO plugin. -->","yoast_head_json":{"title":"Adoucisseur monobloc compact - Firstwater","robots":{"index":"index","follow":"follow","max-snippet":"max-snippet:-1","max-image-preview":"max-image-preview:large","max-video-preview":"max-video-preview:-1"},"canonical":"https:\/\/firstwater.ma\/?product=adoucisseur-monobloc-compact-2","og_locale":"fr_FR","og_type":"article","og_title":"Adoucisseur monobloc compact - Firstwater","og_description":"L\u2019adoucissement de l\u2019eau est un proc\u00e9d\u00e9 de traitement initialement destin\u00e9 \u00e0 r\u00e9duire la duret\u00e9 de l\u2019eau (due \u00e0 la pr\u00e9sence des sels alcalino-terreux de calcium et de magn\u00e9sium). Pour pr\u00e9server toutes vos installations sanitaire, chauffages, climatisations contre l\u2019entartrage nous vous proposons le syst\u00e8me d\u2019adoucisseur qui vous assurera une long\u00e9vit\u00e9 maximale \u00e0 tous vos appareils.","og_url":"https:\/\/firstwater.ma\/?product=adoucisseur-monobloc-compact-2","og_site_name":"Firstwater","article_modified_time":"2024-01-08T10:38:48+00:00","og_image":[{"width":500,"height":500,"url":"https:\/\/firstwater.ma\/wp-content\/uploads\/2024\/01\/evolio_web-1.jpg","type":"image\/jpeg"}],"twitter_card":"summary_large_image","twitter_misc":{"Dur\u00e9e de lecture estim\u00e9e":"1 minute"},"schema":{"@context":"https:\/\/schema.org","@graph":[{"@type":"WebPage","@id":"https:\/\/firstwater.ma\/?product=adoucisseur-monobloc-compact-2","url":"https:\/\/firstwater.ma\/?product=adoucisseur-monobloc-compact-2","name":"Adoucisseur monobloc compact - Firstwater","isPartOf":{"@id":"https:\/\/firstwater.ma\/#website"},"primaryImageOfPage":{"@id":"https:\/\/firstwater.ma\/?product=adoucisseur-monobloc-compact-2#primaryimage"},"image":{"@id":"https:\/\/firstwater.ma\/?product=adoucisseur-monobloc-compact-2#primaryimage"},"thumbnailUrl":"https:\/\/firstwater.ma\/wp-content\/uploads\/2024\/01\/evolio_web-1.jpg","datePublished":"2024-01-08T10:37:42+00:00","dateModified":"2024-01-08T10:38:48+00:00","breadcrumb":{"@id":"https:\/\/firstwater.ma\/?product=adoucisseur-monobloc-compact-2#breadcrumb"},"inLanguage":"fr-FR","potentialAction":[{"@type":"ReadAction","target":["https:\/\/firstwater.ma\/?product=adoucisseur-monobloc-compact-2"]}]},{"@type":"ImageObject","inLanguage":"fr-FR","@id":"https:\/\/firstwater.ma\/?product=adoucisseur-monobloc-compact-2#primaryimage","url":"https:\/\/firstwater.ma\/wp-content\/uploads\/2024\/01\/evolio_web-1.jpg","contentUrl":"https:\/\/firstwater.ma\/wp-content\/uploads\/2024\/01\/evolio_web-1.jpg","width":500,"height":500},{"@type":"BreadcrumbList","@id":"https:\/\/firstwater.ma\/?product=adoucisseur-monobloc-compact-2#breadcrumb","itemListElement":[{"@type":"ListItem","position":1,"name":"Accueil","item":"https:\/\/firstwater.ma\/"},{"@type":"ListItem","position":2,"name":"Boutique","item":"https:\/\/firstwater.ma\/?page_id=8"},{"@type":"ListItem","position":3,"name":"Adoucisseur monobloc compact"}]},{"@type":"WebSite","@id":"https:\/\/firstwater.ma\/#website","url":"https:\/\/firstwater.ma\/","name":"Firstwater","description":"","publisher":{"@id":"https:\/\/firstwater.ma\/#organization"},"potentialAction":[{"@type":"SearchAction","target":{"@type":"EntryPoint","urlTemplate":"https:\/\/firstwater.ma\/?s={search_term_string}"},"query-input":{"@type":"PropertyValueSpecification","valueRequired":true,"valueName":"search_term_string"}}],"inLanguage":"fr-FR"},{"@type":"Organization","@id":"https:\/\/firstwater.ma\/#organization","name":"Firstwater","url":"https:\/\/firstwater.ma\/","logo":{"@type":"ImageObject","inLanguage":"fr-FR","@id":"https:\/\/firstwater.ma\/#\/schema\/logo\/image\/","url":"https:\/\/firstwater.ma\/wp-content\/uploads\/2024\/01\/cropped-first-water-2-130x70-2.png","contentUrl":"https:\/\/firstwater.ma\/wp-content\/uploads\/2024\/01\/cropped-first-water-2-130x70-2.png","width":130,"height":70,"caption":"Firstwater"},"image":{"@id":"https:\/\/firstwater.ma\/#\/schema\/logo\/image\/"}}]}},"_links":{"self":[{"href":"https:\/\/firstwater.ma\/index.php?rest_route=\/wp\/v2\/product\/4944","targetHints":{"allow":["GET"]}}],"collection":[{"href":"https:\/\/firstwater.ma\/index.php?rest_route=\/wp\/v2\/product"}],"about":[{"href":"https:\/\/firstwater.ma\/index.php?rest_route=\/wp\/v2\/types\/product"}],"version-history":[{"count":1,"href":"https:\/\/firstwater.ma\/index.php?rest_route=\/wp\/v2\/product\/4944\/revisions"}],"predecessor-version":[{"id":5054,"href":"https:\/\/firstwater.ma\/index.php?rest_route=\/wp\/v2\/product\/4944\/revisions\/5054"}],"wp:featuredmedia":[{"embeddable":true,"href":"https:\/\/firstwater.ma\/index.php?rest_route=\/wp\/v2\/media\/4911"}],"wp:attachment":[{"href":"https:\/\/firstwater.ma\/index.php?rest_route=%2Fwp%2Fv2%2Fmedia&parent=4944"}],"wp:term":[{"taxonomy":"product_cat","embeddable":true,"href":"https:\/\/firstwater.ma\/index.php?rest_route=%2Fwp%2Fv2%2Fproduct_cat&post=4944"},{"taxonomy":"product_tag","embeddable":true,"href":"https:\/\/firstwater.ma\/index.php?rest_route=%2Fwp%2Fv2%2Fproduct_tag&post=4944"}],"curies":[{"name":"wp","href":"https:\/\/api.w.org\/{rel}","templated":true}]}}