{"id":4978,"date":"2024-01-08T11:38:05","date_gmt":"2024-01-08T10:38:05","guid":{"rendered":"https:\/\/firstwater.ma\/?post_type=product&#038;p=4978"},"modified":"2024-01-08T11:38:50","modified_gmt":"2024-01-08T10:38:50","slug":"fontaine-inox","status":"publish","type":"product","link":"https:\/\/firstwater.ma\/?product=fontaine-inox","title":{"rendered":"FONTAINE INOX"},"content":{"rendered":"<p>Fontaine r\u00e9frig\u00e9rante qui fournit de l\u2019eau froide et inclut un syst\u00e8me de traitement via filtration, ultrafiltration ou osmose inverse, selon le mod\u00e8le.<\/p>\n<p><strong>Caract\u00e9ristiques:<\/strong><\/p>\n<ul>\n<li>Inclus une cartouche antibact\u00e9rien NANOSILVER en derni\u00e8re \u00e9tape,<\/li>\n<\/ul>\n<p>sauf pour le mod\u00e8le de filtration de s\u00e9diments.<\/p>\n<ul>\n<li>Structure en acier inoxydable<\/li>\n<li>Accessibilit\u00e9 simple pour la maintenance<\/li>\n<li>Compresseur silencieuse<\/li>\n<li>Capacit\u00e9 du r\u00e9servoir: 12 \u2013 16 litres<\/li>\n<li>Capacit\u00e9 du r\u00e9servoir eau froide: 2,5 litres<\/li>\n<li>Puissance:\n<ul>\n<li>Eau froide: 180 W<\/li>\n<\/ul>\n<\/li>\n<li>Temp\u00e9rature:\n<ul>\n<li>Eau froide: 4 -10 \u00baC<\/li>\n<\/ul>\n<\/li>\n<li>Pression de travail:<\/li>\n<\/ul>\n<p>\u2013 Minimal: 2,5 Bar (sans pompe) \/ 1 Bar (avec pompe)<\/p>\n<ul>\n<li>\u2013 Maximal: 4 Bar (sans pompe) \/ 3 Bar (avec pompe)<\/li>\n<li>R\u00e9frig\u00e9rant : R-134a<\/li>\n<li>Alimentation: 220 \u2013 240 V<\/li>\n<\/ul>\n<p>\u00a0<\/p>\n<p>\u00a0<\/p>\n<table>\n<tbody>\n<tr>\n<td width=\"75\">R\u00c9F\u00c9RENCE<\/td>\n<td width=\"233\">MOD\u00c8LE<\/td>\n<td width=\"37\">\u00c9tape<\/td>\n<td width=\"40\">Famille<\/td>\n<\/tr>\n<\/tbody>\n<\/table>\n<p>FONTAINE INOX<\/p>\n<table>\n<tbody>\n<tr>\n<td width=\"68\">FU-0218-10<\/td>\n<td width=\"245\">Fontaine INOX avec filtration s\u00e9diments<\/td>\n<td width=\"32\">\u2013<\/td>\n<td width=\"40\">B<\/td>\n<\/tr>\n<tr>\n<td width=\"68\">FU-0218-06<\/td>\n<td width=\"245\">Fontaine INOX avec filtration<\/td>\n<td width=\"32\">\u2013<\/td>\n<td width=\"40\">B<\/td>\n<\/tr>\n<tr>\n<td width=\"68\">FU-0218-08<\/td>\n<td width=\"245\">Fontaine INOX avec ultrafiltration<\/td>\n<td width=\"32\">\u2013<\/td>\n<td width=\"40\">B<\/td>\n<\/tr>\n<tr>\n<td width=\"68\">FU-0218-04<\/td>\n<td width=\"245\">Fontaine INOX avec osmose inverse<\/td>\n<td width=\"32\">\u2013<\/td>\n<td width=\"40\">B<\/td>\n<\/tr>\n<tr>\n<td width=\"68\">FU-0218-02<\/td>\n<td width=\"245\">Fontaine INOX avec osmose inverse et pompe<\/td>\n<td width=\"32\">\u2013<\/td>\n<td width=\"40\">B<\/td>\n<\/tr>\n<\/tbody>\n<\/table>\n<p>RECHANGE FONTAINE AVEC FILTRATION S\u00c9DIMENTS<\/p>\n<table>\n<tbody>\n<tr>\n<td width=\"69\">CA-9006-02<\/td>\n<td width=\"183\">S\u00e9diments en ligne 12\u2019\u2019<\/td>\n<td width=\"93\">1\u00aa<\/td>\n<td width=\"39\">A<\/td>\n<\/tr>\n<\/tbody>\n<\/table>\n<p>RECHANGE FONTAINE AVEC FILTRATION<\/p>\n<table>\n<tbody>\n<tr>\n<td width=\"69\">CA-9006-02<\/td>\n<td width=\"229\">S\u00e9diments en ligne 12\u2019\u2019<\/td>\n<td width=\"47\">1\u00aa<\/td>\n<td width=\"39\">A<\/td>\n<\/tr>\n<tr>\n<td width=\"69\">CA-9006-04<\/td>\n<td width=\"229\">Charbon GAC en ligne 12\u2019\u2019<\/td>\n<td width=\"47\">2\u00aa<\/td>\n<td width=\"39\">A<\/td>\n<\/tr>\n<tr>\n<td width=\"69\">CA-9006-06<\/td>\n<td width=\"229\">Charbon CTO NANOSILVER en ligne 12\u2019\u2019<\/td>\n<td width=\"47\">3\u00aa<\/td>\n<td width=\"39\">A<\/td>\n<\/tr>\n<\/tbody>\n<\/table>\n<table>\n<tbody>\n<tr>\n<td width=\"250\">\n<table width=\"100%\">\n<tbody>\n<tr>\n<td>\n<table>\n<tbody>\n<tr>\n<td width=\"71\">R\u00c9F.<\/td>\n<td colspan=\"3\" width=\"175\">DIMENSIONS (mm)<\/td>\n<\/tr>\n<tr>\n<td width=\"71\">\u00a0<\/td>\n<td width=\"59\">A<\/td>\n<td width=\"57\">B<\/td>\n<td width=\"59\">C<\/td>\n<\/tr>\n<tr>\n<td width=\"71\">INOX<\/td>\n<td width=\"59\">365<\/td>\n<td width=\"57\">305<\/td>\n<td width=\"59\">1170<\/td>\n<\/tr>\n<\/tbody>\n<\/table>\n<p>\u00a0<\/td>\n<\/tr>\n<\/tbody>\n<\/table>\n<\/td>\n<\/tr>\n<\/tbody>\n<\/table>\n<p>RECHANGE FONTAINE AVEC ULTRAFILTRATION<\/p>\n<table>\n<tbody>\n<tr>\n<td width=\"69\">CA-9006-02<\/td>\n<td width=\"229\">S\u00e9diments en ligne 12\u2019\u2019<\/td>\n<td width=\"47\">1\u00aa<\/td>\n<td width=\"39\">A<\/td>\n<\/tr>\n<tr>\n<td width=\"69\">CA-9006-05<\/td>\n<td width=\"229\">Charbon CTO en ligne 12\u2019\u2019<\/td>\n<td width=\"47\">2\u00aa<\/td>\n<td width=\"39\">A<\/td>\n<\/tr>\n<tr>\n<td width=\"69\">ME-0218-04<\/td>\n<td width=\"229\">Membrane d\u2019ultrafiltration<\/td>\n<td width=\"47\">3\u00aa<\/td>\n<td width=\"39\">A<\/td>\n<\/tr>\n<tr>\n<td width=\"69\">CA-9006-06<\/td>\n<td width=\"229\">Charbon CTO NANOSILVER en ligne 12\u2019\u2019<\/td>\n<td width=\"47\">4\u00aa<\/td>\n<td width=\"39\">A<\/td>\n<\/tr>\n<\/tbody>\n<\/table>\n<p>RECHANGE FONTAINE AVEC OSMOSE INVERSE<\/p>\n<table>\n<tbody>\n<tr>\n<td width=\"69\">CA-9006-02<\/td>\n<td width=\"239\">S\u00e9diments en ligne 12\u2019\u2019<\/td>\n<td width=\"38\">1\u00aa<\/td>\n<td width=\"39\">A<\/td>\n<\/tr>\n<tr>\n<td width=\"69\">CA-9006-04<\/td>\n<td width=\"239\">Charbon GAC en ligne 12\u2019\u2019<\/td>\n<td width=\"38\">2\u00aa<\/td>\n<td width=\"39\">A<\/td>\n<\/tr>\n<tr>\n<td width=\"69\">CA-9006-05<\/td>\n<td width=\"239\">Charbon CTO en ligne 12\u2019\u2019<\/td>\n<td width=\"38\">2\u00aa<\/td>\n<td width=\"39\">A<\/td>\n<\/tr>\n<tr>\n<td width=\"69\">ME-2003-03<\/td>\n<td width=\"239\">Membrane 75 GPD<\/td>\n<td width=\"38\">3\u00aa<\/td>\n<td width=\"39\">A<\/td>\n<\/tr>\n<tr>\n<td width=\"69\">OI-0205-18<\/td>\n<td width=\"239\">Post-filtre antibact\u00e9rien NANOSILVER en ligne 12\u2019\u2019<\/td>\n<td width=\"38\">4\u00aa<\/td>\n<td width=\"39\">A<\/td>\n<\/tr>\n<\/tbody>\n<\/table>\n<p>\u00a0<\/p>\n","protected":false},"excerpt":{"rendered":"<p>Fontaine r\u00e9frig\u00e9rante qui fournit de l\u2019eau froide et inclut un syst\u00e8me de traitement via filtration, ultrafiltration ou osmose inverse, selon le mod\u00e8le.<\/p>\n","protected":false},"featured_media":5056,"template":"","meta":[],"product_cat":[98],"product_tag":[],"class_list":{"0":"post-4978","1":"product","2":"type-product","3":"status-publish","4":"has-post-thumbnail","6":"product_cat-fontaine-a-eau","8":"first","9":"instock","10":"shipping-taxable","11":"product-type-simple","12":"col-xs-6 col-sm-4","13":"col-md-3 col-lg-3","14":"un-4-cols"},"yoast_head":"<!-- This site is optimized with the Yoast SEO plugin v27.5 - https:\/\/yoast.com\/product\/yoast-seo-wordpress\/ -->\n<title>FONTAINE INOX - Firstwater<\/title>\n<meta name=\"robots\" content=\"index, follow, max-snippet:-1, max-image-preview:large, max-video-preview:-1\" \/>\n<link rel=\"canonical\" href=\"https:\/\/firstwater.ma\/?product=fontaine-inox\" \/>\n<meta property=\"og:locale\" content=\"fr_FR\" \/>\n<meta property=\"og:type\" content=\"article\" \/>\n<meta property=\"og:title\" content=\"FONTAINE INOX - Firstwater\" \/>\n<meta property=\"og:description\" content=\"Fontaine r\u00e9frig\u00e9rante qui fournit de l\u2019eau froide et inclut un syst\u00e8me de traitement via filtration, ultrafiltration ou osmose inverse, selon le mod\u00e8le.\" \/>\n<meta property=\"og:url\" content=\"https:\/\/firstwater.ma\/?product=fontaine-inox\" \/>\n<meta property=\"og:site_name\" content=\"Firstwater\" \/>\n<meta property=\"article:modified_time\" content=\"2024-01-08T10:38:50+00:00\" \/>\n<meta property=\"og:image\" content=\"https:\/\/firstwater.ma\/wp-content\/uploads\/2024\/01\/fontaine-inox.png\" \/>\n\t<meta property=\"og:image:width\" content=\"417\" \/>\n\t<meta property=\"og:image:height\" content=\"429\" \/>\n\t<meta property=\"og:image:type\" content=\"image\/png\" \/>\n<meta name=\"twitter:card\" content=\"summary_large_image\" \/>\n<meta name=\"twitter:label1\" content=\"Dur\u00e9e de lecture estim\u00e9e\" \/>\n\t<meta name=\"twitter:data1\" content=\"2 minutes\" \/>\n<script type=\"application\/ld+json\" class=\"yoast-schema-graph\">{\"@context\":\"https:\\\/\\\/schema.org\",\"@graph\":[{\"@type\":\"WebPage\",\"@id\":\"https:\\\/\\\/firstwater.ma\\\/?product=fontaine-inox\",\"url\":\"https:\\\/\\\/firstwater.ma\\\/?product=fontaine-inox\",\"name\":\"FONTAINE INOX - Firstwater\",\"isPartOf\":{\"@id\":\"https:\\\/\\\/firstwater.ma\\\/#website\"},\"primaryImageOfPage\":{\"@id\":\"https:\\\/\\\/firstwater.ma\\\/?product=fontaine-inox#primaryimage\"},\"image\":{\"@id\":\"https:\\\/\\\/firstwater.ma\\\/?product=fontaine-inox#primaryimage\"},\"thumbnailUrl\":\"https:\\\/\\\/firstwater.ma\\\/wp-content\\\/uploads\\\/2024\\\/01\\\/fontaine-inox.png\",\"datePublished\":\"2024-01-08T10:38:05+00:00\",\"dateModified\":\"2024-01-08T10:38:50+00:00\",\"breadcrumb\":{\"@id\":\"https:\\\/\\\/firstwater.ma\\\/?product=fontaine-inox#breadcrumb\"},\"inLanguage\":\"fr-FR\",\"potentialAction\":[{\"@type\":\"ReadAction\",\"target\":[\"https:\\\/\\\/firstwater.ma\\\/?product=fontaine-inox\"]}]},{\"@type\":\"ImageObject\",\"inLanguage\":\"fr-FR\",\"@id\":\"https:\\\/\\\/firstwater.ma\\\/?product=fontaine-inox#primaryimage\",\"url\":\"https:\\\/\\\/firstwater.ma\\\/wp-content\\\/uploads\\\/2024\\\/01\\\/fontaine-inox.png\",\"contentUrl\":\"https:\\\/\\\/firstwater.ma\\\/wp-content\\\/uploads\\\/2024\\\/01\\\/fontaine-inox.png\",\"width\":417,\"height\":429},{\"@type\":\"BreadcrumbList\",\"@id\":\"https:\\\/\\\/firstwater.ma\\\/?product=fontaine-inox#breadcrumb\",\"itemListElement\":[{\"@type\":\"ListItem\",\"position\":1,\"name\":\"Accueil\",\"item\":\"https:\\\/\\\/firstwater.ma\\\/\"},{\"@type\":\"ListItem\",\"position\":2,\"name\":\"Boutique\",\"item\":\"https:\\\/\\\/firstwater.ma\\\/?page_id=8\"},{\"@type\":\"ListItem\",\"position\":3,\"name\":\"FONTAINE INOX\"}]},{\"@type\":\"WebSite\",\"@id\":\"https:\\\/\\\/firstwater.ma\\\/#website\",\"url\":\"https:\\\/\\\/firstwater.ma\\\/\",\"name\":\"Firstwater\",\"description\":\"\",\"publisher\":{\"@id\":\"https:\\\/\\\/firstwater.ma\\\/#organization\"},\"potentialAction\":[{\"@type\":\"SearchAction\",\"target\":{\"@type\":\"EntryPoint\",\"urlTemplate\":\"https:\\\/\\\/firstwater.ma\\\/?s={search_term_string}\"},\"query-input\":{\"@type\":\"PropertyValueSpecification\",\"valueRequired\":true,\"valueName\":\"search_term_string\"}}],\"inLanguage\":\"fr-FR\"},{\"@type\":\"Organization\",\"@id\":\"https:\\\/\\\/firstwater.ma\\\/#organization\",\"name\":\"Firstwater\",\"url\":\"https:\\\/\\\/firstwater.ma\\\/\",\"logo\":{\"@type\":\"ImageObject\",\"inLanguage\":\"fr-FR\",\"@id\":\"https:\\\/\\\/firstwater.ma\\\/#\\\/schema\\\/logo\\\/image\\\/\",\"url\":\"https:\\\/\\\/firstwater.ma\\\/wp-content\\\/uploads\\\/2024\\\/01\\\/cropped-first-water-2-130x70-2.png\",\"contentUrl\":\"https:\\\/\\\/firstwater.ma\\\/wp-content\\\/uploads\\\/2024\\\/01\\\/cropped-first-water-2-130x70-2.png\",\"width\":130,\"height\":70,\"caption\":\"Firstwater\"},\"image\":{\"@id\":\"https:\\\/\\\/firstwater.ma\\\/#\\\/schema\\\/logo\\\/image\\\/\"}}]}<\/script>\n<!-- \/ Yoast SEO plugin. -->","yoast_head_json":{"title":"FONTAINE INOX - Firstwater","robots":{"index":"index","follow":"follow","max-snippet":"max-snippet:-1","max-image-preview":"max-image-preview:large","max-video-preview":"max-video-preview:-1"},"canonical":"https:\/\/firstwater.ma\/?product=fontaine-inox","og_locale":"fr_FR","og_type":"article","og_title":"FONTAINE INOX - Firstwater","og_description":"Fontaine r\u00e9frig\u00e9rante qui fournit de l\u2019eau froide et inclut un syst\u00e8me de traitement via filtration, ultrafiltration ou osmose inverse, selon le mod\u00e8le.","og_url":"https:\/\/firstwater.ma\/?product=fontaine-inox","og_site_name":"Firstwater","article_modified_time":"2024-01-08T10:38:50+00:00","og_image":[{"width":417,"height":429,"url":"https:\/\/firstwater.ma\/wp-content\/uploads\/2024\/01\/fontaine-inox.png","type":"image\/png"}],"twitter_card":"summary_large_image","twitter_misc":{"Dur\u00e9e de lecture estim\u00e9e":"2 minutes"},"schema":{"@context":"https:\/\/schema.org","@graph":[{"@type":"WebPage","@id":"https:\/\/firstwater.ma\/?product=fontaine-inox","url":"https:\/\/firstwater.ma\/?product=fontaine-inox","name":"FONTAINE INOX - Firstwater","isPartOf":{"@id":"https:\/\/firstwater.ma\/#website"},"primaryImageOfPage":{"@id":"https:\/\/firstwater.ma\/?product=fontaine-inox#primaryimage"},"image":{"@id":"https:\/\/firstwater.ma\/?product=fontaine-inox#primaryimage"},"thumbnailUrl":"https:\/\/firstwater.ma\/wp-content\/uploads\/2024\/01\/fontaine-inox.png","datePublished":"2024-01-08T10:38:05+00:00","dateModified":"2024-01-08T10:38:50+00:00","breadcrumb":{"@id":"https:\/\/firstwater.ma\/?product=fontaine-inox#breadcrumb"},"inLanguage":"fr-FR","potentialAction":[{"@type":"ReadAction","target":["https:\/\/firstwater.ma\/?product=fontaine-inox"]}]},{"@type":"ImageObject","inLanguage":"fr-FR","@id":"https:\/\/firstwater.ma\/?product=fontaine-inox#primaryimage","url":"https:\/\/firstwater.ma\/wp-content\/uploads\/2024\/01\/fontaine-inox.png","contentUrl":"https:\/\/firstwater.ma\/wp-content\/uploads\/2024\/01\/fontaine-inox.png","width":417,"height":429},{"@type":"BreadcrumbList","@id":"https:\/\/firstwater.ma\/?product=fontaine-inox#breadcrumb","itemListElement":[{"@type":"ListItem","position":1,"name":"Accueil","item":"https:\/\/firstwater.ma\/"},{"@type":"ListItem","position":2,"name":"Boutique","item":"https:\/\/firstwater.ma\/?page_id=8"},{"@type":"ListItem","position":3,"name":"FONTAINE INOX"}]},{"@type":"WebSite","@id":"https:\/\/firstwater.ma\/#website","url":"https:\/\/firstwater.ma\/","name":"Firstwater","description":"","publisher":{"@id":"https:\/\/firstwater.ma\/#organization"},"potentialAction":[{"@type":"SearchAction","target":{"@type":"EntryPoint","urlTemplate":"https:\/\/firstwater.ma\/?s={search_term_string}"},"query-input":{"@type":"PropertyValueSpecification","valueRequired":true,"valueName":"search_term_string"}}],"inLanguage":"fr-FR"},{"@type":"Organization","@id":"https:\/\/firstwater.ma\/#organization","name":"Firstwater","url":"https:\/\/firstwater.ma\/","logo":{"@type":"ImageObject","inLanguage":"fr-FR","@id":"https:\/\/firstwater.ma\/#\/schema\/logo\/image\/","url":"https:\/\/firstwater.ma\/wp-content\/uploads\/2024\/01\/cropped-first-water-2-130x70-2.png","contentUrl":"https:\/\/firstwater.ma\/wp-content\/uploads\/2024\/01\/cropped-first-water-2-130x70-2.png","width":130,"height":70,"caption":"Firstwater"},"image":{"@id":"https:\/\/firstwater.ma\/#\/schema\/logo\/image\/"}}]}},"_links":{"self":[{"href":"https:\/\/firstwater.ma\/index.php?rest_route=\/wp\/v2\/product\/4978","targetHints":{"allow":["GET"]}}],"collection":[{"href":"https:\/\/firstwater.ma\/index.php?rest_route=\/wp\/v2\/product"}],"about":[{"href":"https:\/\/firstwater.ma\/index.php?rest_route=\/wp\/v2\/types\/product"}],"version-history":[{"count":1,"href":"https:\/\/firstwater.ma\/index.php?rest_route=\/wp\/v2\/product\/4978\/revisions"}],"predecessor-version":[{"id":5058,"href":"https:\/\/firstwater.ma\/index.php?rest_route=\/wp\/v2\/product\/4978\/revisions\/5058"}],"wp:featuredmedia":[{"embeddable":true,"href":"https:\/\/firstwater.ma\/index.php?rest_route=\/wp\/v2\/media\/5056"}],"wp:attachment":[{"href":"https:\/\/firstwater.ma\/index.php?rest_route=%2Fwp%2Fv2%2Fmedia&parent=4978"}],"wp:term":[{"taxonomy":"product_cat","embeddable":true,"href":"https:\/\/firstwater.ma\/index.php?rest_route=%2Fwp%2Fv2%2Fproduct_cat&post=4978"},{"taxonomy":"product_tag","embeddable":true,"href":"https:\/\/firstwater.ma\/index.php?rest_route=%2Fwp%2Fv2%2Fproduct_tag&post=4978"}],"curies":[{"name":"wp","href":"https:\/\/api.w.org\/{rel}","templated":true}]}}