{"id":4979,"date":"2024-01-08T11:38:06","date_gmt":"2024-01-08T10:38:06","guid":{"rendered":"https:\/\/firstwater.ma\/?post_type=product&#038;p=4979"},"modified":"2024-01-08T11:38:51","modified_gmt":"2024-01-08T10:38:51","slug":"adoucisseur-duplex-vanne-clack","status":"publish","type":"product","link":"https:\/\/firstwater.ma\/?product=adoucisseur-duplex-vanne-clack","title":{"rendered":"Adoucisseur duplex-vanne clack"},"content":{"rendered":"<ul style=\"padding-left: 20px;\">\n<li>Conception sp\u00e9cifique permettant des d\u00e9bits de service (jusqu\u2019\u00e0 6m3\/h) et de contre-lavage optimaux<\/li>\n<li>Bouteille construite en polyester renforc\u00e9 de fibre de verre (PRFV)<\/li>\n<li>Turbine pour le contr\u00f4le de la consommation d\u2019eau trait\u00e9e<\/li>\n<li>Inclut le collecteur entre bouteilles.<\/li>\n<li>Connexion 1\u201d<\/li>\n<li>Charge de r\u00e9sine de qualit\u00e9 alimentaire de haute capacit\u00e9 pour un haut rendement<\/li>\n<\/ul>\n<p>\u00a0<\/p>\n<p><strong>Avantages produit:<\/strong><\/p>\n<p>\u2013 Adoucisseur professionnel duplex<br \/>\n\u2013 Simple d\u2019entretien<br \/>\n\u2013 Bac sel deporte<br \/>\n\u2013 Vanne fiable avec entretien simple<br \/>\n\u2013 Piston accessible par l\u2019avant<br \/>\n\u2013 De l\u2019eau adoucit en permanence, la deuxi\u00e8me bouteille prend le relais<br \/>\n\u2013 La mise en service par un technicien polar est incluse<\/p>\n","protected":false},"excerpt":{"rendered":"<p>Adoucisseur duplex alternant pour le traitement de la duret\u00e9 de l\u2019eau par une r\u00e9sine \u00e9changeuse d\u2019ions.<\/p>\n<p>Vanne de contr\u00f4le volum\u00e9trique CLACK pour le contr\u00f4le des deux bouteilles, programmateur digital simple et r\u00e9g\u00e9n\u00e9ration co-courant retard\u00e9e ou instantan\u00e9e.<\/p>\n<p>Eau adoucie en permanence: une seule bouteille en service, la seconde en phase de r\u00e9g\u00e9n\u00e9ration ou en attente.<\/p>\n","protected":false},"featured_media":5059,"template":"","meta":[],"product_cat":[83,82],"product_tag":[],"class_list":{"0":"post-4979","1":"product","2":"type-product","3":"status-publish","4":"has-post-thumbnail","6":"product_cat-adoucisseurs","7":"product_cat-industriel","9":"first","10":"instock","11":"shipping-taxable","12":"product-type-simple","13":"col-xs-6 col-sm-4","14":"col-md-3 col-lg-3","15":"un-4-cols"},"yoast_head":"<!-- This site is optimized with the Yoast SEO plugin v27.5 - https:\/\/yoast.com\/product\/yoast-seo-wordpress\/ -->\n<title>Adoucisseur duplex-vanne clack - Firstwater<\/title>\n<meta name=\"robots\" content=\"index, follow, max-snippet:-1, max-image-preview:large, max-video-preview:-1\" \/>\n<link rel=\"canonical\" href=\"https:\/\/firstwater.ma\/?product=adoucisseur-duplex-vanne-clack\" \/>\n<meta property=\"og:locale\" content=\"fr_FR\" \/>\n<meta property=\"og:type\" content=\"article\" \/>\n<meta property=\"og:title\" content=\"Adoucisseur duplex-vanne clack - Firstwater\" \/>\n<meta property=\"og:description\" content=\"Adoucisseur duplex alternant pour le traitement de la duret\u00e9 de l\u2019eau par une r\u00e9sine \u00e9changeuse d\u2019ions.  Vanne de contr\u00f4le volum\u00e9trique CLACK pour le contr\u00f4le des deux bouteilles, programmateur digital simple et r\u00e9g\u00e9n\u00e9ration co-courant retard\u00e9e ou instantan\u00e9e.  Eau adoucie en permanence: une seule bouteille en service, la seconde en phase de r\u00e9g\u00e9n\u00e9ration ou en attente.\" \/>\n<meta property=\"og:url\" content=\"https:\/\/firstwater.ma\/?product=adoucisseur-duplex-vanne-clack\" \/>\n<meta property=\"og:site_name\" content=\"Firstwater\" \/>\n<meta property=\"article:modified_time\" content=\"2024-01-08T10:38:51+00:00\" \/>\n<meta property=\"og:image\" content=\"https:\/\/firstwater.ma\/wp-content\/uploads\/2024\/01\/adoucisseur-duplex-vanne-clack.jpg\" \/>\n\t<meta property=\"og:image:width\" content=\"512\" \/>\n\t<meta property=\"og:image:height\" content=\"512\" \/>\n\t<meta property=\"og:image:type\" content=\"image\/jpeg\" \/>\n<meta name=\"twitter:card\" content=\"summary_large_image\" \/>\n<meta name=\"twitter:label1\" content=\"Dur\u00e9e de lecture estim\u00e9e\" \/>\n\t<meta name=\"twitter:data1\" content=\"1 minute\" \/>\n<script type=\"application\/ld+json\" class=\"yoast-schema-graph\">{\"@context\":\"https:\\\/\\\/schema.org\",\"@graph\":[{\"@type\":\"WebPage\",\"@id\":\"https:\\\/\\\/firstwater.ma\\\/?product=adoucisseur-duplex-vanne-clack\",\"url\":\"https:\\\/\\\/firstwater.ma\\\/?product=adoucisseur-duplex-vanne-clack\",\"name\":\"Adoucisseur duplex-vanne clack - Firstwater\",\"isPartOf\":{\"@id\":\"https:\\\/\\\/firstwater.ma\\\/#website\"},\"primaryImageOfPage\":{\"@id\":\"https:\\\/\\\/firstwater.ma\\\/?product=adoucisseur-duplex-vanne-clack#primaryimage\"},\"image\":{\"@id\":\"https:\\\/\\\/firstwater.ma\\\/?product=adoucisseur-duplex-vanne-clack#primaryimage\"},\"thumbnailUrl\":\"https:\\\/\\\/firstwater.ma\\\/wp-content\\\/uploads\\\/2024\\\/01\\\/adoucisseur-duplex-vanne-clack.jpg\",\"datePublished\":\"2024-01-08T10:38:06+00:00\",\"dateModified\":\"2024-01-08T10:38:51+00:00\",\"breadcrumb\":{\"@id\":\"https:\\\/\\\/firstwater.ma\\\/?product=adoucisseur-duplex-vanne-clack#breadcrumb\"},\"inLanguage\":\"fr-FR\",\"potentialAction\":[{\"@type\":\"ReadAction\",\"target\":[\"https:\\\/\\\/firstwater.ma\\\/?product=adoucisseur-duplex-vanne-clack\"]}]},{\"@type\":\"ImageObject\",\"inLanguage\":\"fr-FR\",\"@id\":\"https:\\\/\\\/firstwater.ma\\\/?product=adoucisseur-duplex-vanne-clack#primaryimage\",\"url\":\"https:\\\/\\\/firstwater.ma\\\/wp-content\\\/uploads\\\/2024\\\/01\\\/adoucisseur-duplex-vanne-clack.jpg\",\"contentUrl\":\"https:\\\/\\\/firstwater.ma\\\/wp-content\\\/uploads\\\/2024\\\/01\\\/adoucisseur-duplex-vanne-clack.jpg\",\"width\":512,\"height\":512},{\"@type\":\"BreadcrumbList\",\"@id\":\"https:\\\/\\\/firstwater.ma\\\/?product=adoucisseur-duplex-vanne-clack#breadcrumb\",\"itemListElement\":[{\"@type\":\"ListItem\",\"position\":1,\"name\":\"Accueil\",\"item\":\"https:\\\/\\\/firstwater.ma\\\/\"},{\"@type\":\"ListItem\",\"position\":2,\"name\":\"Boutique\",\"item\":\"https:\\\/\\\/firstwater.ma\\\/?page_id=8\"},{\"@type\":\"ListItem\",\"position\":3,\"name\":\"Adoucisseur duplex-vanne clack\"}]},{\"@type\":\"WebSite\",\"@id\":\"https:\\\/\\\/firstwater.ma\\\/#website\",\"url\":\"https:\\\/\\\/firstwater.ma\\\/\",\"name\":\"Firstwater\",\"description\":\"\",\"publisher\":{\"@id\":\"https:\\\/\\\/firstwater.ma\\\/#organization\"},\"potentialAction\":[{\"@type\":\"SearchAction\",\"target\":{\"@type\":\"EntryPoint\",\"urlTemplate\":\"https:\\\/\\\/firstwater.ma\\\/?s={search_term_string}\"},\"query-input\":{\"@type\":\"PropertyValueSpecification\",\"valueRequired\":true,\"valueName\":\"search_term_string\"}}],\"inLanguage\":\"fr-FR\"},{\"@type\":\"Organization\",\"@id\":\"https:\\\/\\\/firstwater.ma\\\/#organization\",\"name\":\"Firstwater\",\"url\":\"https:\\\/\\\/firstwater.ma\\\/\",\"logo\":{\"@type\":\"ImageObject\",\"inLanguage\":\"fr-FR\",\"@id\":\"https:\\\/\\\/firstwater.ma\\\/#\\\/schema\\\/logo\\\/image\\\/\",\"url\":\"https:\\\/\\\/firstwater.ma\\\/wp-content\\\/uploads\\\/2024\\\/01\\\/cropped-first-water-2-130x70-2.png\",\"contentUrl\":\"https:\\\/\\\/firstwater.ma\\\/wp-content\\\/uploads\\\/2024\\\/01\\\/cropped-first-water-2-130x70-2.png\",\"width\":130,\"height\":70,\"caption\":\"Firstwater\"},\"image\":{\"@id\":\"https:\\\/\\\/firstwater.ma\\\/#\\\/schema\\\/logo\\\/image\\\/\"}}]}<\/script>\n<!-- \/ Yoast SEO plugin. -->","yoast_head_json":{"title":"Adoucisseur duplex-vanne clack - Firstwater","robots":{"index":"index","follow":"follow","max-snippet":"max-snippet:-1","max-image-preview":"max-image-preview:large","max-video-preview":"max-video-preview:-1"},"canonical":"https:\/\/firstwater.ma\/?product=adoucisseur-duplex-vanne-clack","og_locale":"fr_FR","og_type":"article","og_title":"Adoucisseur duplex-vanne clack - Firstwater","og_description":"Adoucisseur duplex alternant pour le traitement de la duret\u00e9 de l\u2019eau par une r\u00e9sine \u00e9changeuse d\u2019ions.  Vanne de contr\u00f4le volum\u00e9trique CLACK pour le contr\u00f4le des deux bouteilles, programmateur digital simple et r\u00e9g\u00e9n\u00e9ration co-courant retard\u00e9e ou instantan\u00e9e.  Eau adoucie en permanence: une seule bouteille en service, la seconde en phase de r\u00e9g\u00e9n\u00e9ration ou en attente.","og_url":"https:\/\/firstwater.ma\/?product=adoucisseur-duplex-vanne-clack","og_site_name":"Firstwater","article_modified_time":"2024-01-08T10:38:51+00:00","og_image":[{"width":512,"height":512,"url":"https:\/\/firstwater.ma\/wp-content\/uploads\/2024\/01\/adoucisseur-duplex-vanne-clack.jpg","type":"image\/jpeg"}],"twitter_card":"summary_large_image","twitter_misc":{"Dur\u00e9e de lecture estim\u00e9e":"1 minute"},"schema":{"@context":"https:\/\/schema.org","@graph":[{"@type":"WebPage","@id":"https:\/\/firstwater.ma\/?product=adoucisseur-duplex-vanne-clack","url":"https:\/\/firstwater.ma\/?product=adoucisseur-duplex-vanne-clack","name":"Adoucisseur duplex-vanne clack - Firstwater","isPartOf":{"@id":"https:\/\/firstwater.ma\/#website"},"primaryImageOfPage":{"@id":"https:\/\/firstwater.ma\/?product=adoucisseur-duplex-vanne-clack#primaryimage"},"image":{"@id":"https:\/\/firstwater.ma\/?product=adoucisseur-duplex-vanne-clack#primaryimage"},"thumbnailUrl":"https:\/\/firstwater.ma\/wp-content\/uploads\/2024\/01\/adoucisseur-duplex-vanne-clack.jpg","datePublished":"2024-01-08T10:38:06+00:00","dateModified":"2024-01-08T10:38:51+00:00","breadcrumb":{"@id":"https:\/\/firstwater.ma\/?product=adoucisseur-duplex-vanne-clack#breadcrumb"},"inLanguage":"fr-FR","potentialAction":[{"@type":"ReadAction","target":["https:\/\/firstwater.ma\/?product=adoucisseur-duplex-vanne-clack"]}]},{"@type":"ImageObject","inLanguage":"fr-FR","@id":"https:\/\/firstwater.ma\/?product=adoucisseur-duplex-vanne-clack#primaryimage","url":"https:\/\/firstwater.ma\/wp-content\/uploads\/2024\/01\/adoucisseur-duplex-vanne-clack.jpg","contentUrl":"https:\/\/firstwater.ma\/wp-content\/uploads\/2024\/01\/adoucisseur-duplex-vanne-clack.jpg","width":512,"height":512},{"@type":"BreadcrumbList","@id":"https:\/\/firstwater.ma\/?product=adoucisseur-duplex-vanne-clack#breadcrumb","itemListElement":[{"@type":"ListItem","position":1,"name":"Accueil","item":"https:\/\/firstwater.ma\/"},{"@type":"ListItem","position":2,"name":"Boutique","item":"https:\/\/firstwater.ma\/?page_id=8"},{"@type":"ListItem","position":3,"name":"Adoucisseur duplex-vanne clack"}]},{"@type":"WebSite","@id":"https:\/\/firstwater.ma\/#website","url":"https:\/\/firstwater.ma\/","name":"Firstwater","description":"","publisher":{"@id":"https:\/\/firstwater.ma\/#organization"},"potentialAction":[{"@type":"SearchAction","target":{"@type":"EntryPoint","urlTemplate":"https:\/\/firstwater.ma\/?s={search_term_string}"},"query-input":{"@type":"PropertyValueSpecification","valueRequired":true,"valueName":"search_term_string"}}],"inLanguage":"fr-FR"},{"@type":"Organization","@id":"https:\/\/firstwater.ma\/#organization","name":"Firstwater","url":"https:\/\/firstwater.ma\/","logo":{"@type":"ImageObject","inLanguage":"fr-FR","@id":"https:\/\/firstwater.ma\/#\/schema\/logo\/image\/","url":"https:\/\/firstwater.ma\/wp-content\/uploads\/2024\/01\/cropped-first-water-2-130x70-2.png","contentUrl":"https:\/\/firstwater.ma\/wp-content\/uploads\/2024\/01\/cropped-first-water-2-130x70-2.png","width":130,"height":70,"caption":"Firstwater"},"image":{"@id":"https:\/\/firstwater.ma\/#\/schema\/logo\/image\/"}}]}},"_links":{"self":[{"href":"https:\/\/firstwater.ma\/index.php?rest_route=\/wp\/v2\/product\/4979","targetHints":{"allow":["GET"]}}],"collection":[{"href":"https:\/\/firstwater.ma\/index.php?rest_route=\/wp\/v2\/product"}],"about":[{"href":"https:\/\/firstwater.ma\/index.php?rest_route=\/wp\/v2\/types\/product"}],"version-history":[{"count":1,"href":"https:\/\/firstwater.ma\/index.php?rest_route=\/wp\/v2\/product\/4979\/revisions"}],"predecessor-version":[{"id":5060,"href":"https:\/\/firstwater.ma\/index.php?rest_route=\/wp\/v2\/product\/4979\/revisions\/5060"}],"wp:featuredmedia":[{"embeddable":true,"href":"https:\/\/firstwater.ma\/index.php?rest_route=\/wp\/v2\/media\/5059"}],"wp:attachment":[{"href":"https:\/\/firstwater.ma\/index.php?rest_route=%2Fwp%2Fv2%2Fmedia&parent=4979"}],"wp:term":[{"taxonomy":"product_cat","embeddable":true,"href":"https:\/\/firstwater.ma\/index.php?rest_route=%2Fwp%2Fv2%2Fproduct_cat&post=4979"},{"taxonomy":"product_tag","embeddable":true,"href":"https:\/\/firstwater.ma\/index.php?rest_route=%2Fwp%2Fv2%2Fproduct_tag&post=4979"}],"curies":[{"name":"wp","href":"https:\/\/api.w.org\/{rel}","templated":true}]}}