{"id":4980,"date":"2024-01-08T11:38:06","date_gmt":"2024-01-08T10:38:06","guid":{"rendered":"https:\/\/firstwater.ma\/?post_type=product&#038;p=4980"},"modified":"2024-01-08T11:38:53","modified_gmt":"2024-01-08T10:38:53","slug":"adoucisseur-duplex-fleck-9500-sxt","status":"publish","type":"product","link":"https:\/\/firstwater.ma\/?product=adoucisseur-duplex-fleck-9500-sxt","title":{"rendered":"Adoucisseur duplex &#8211; Fleck 9500 SXT"},"content":{"rendered":"<p><strong>Vanne 9500 :<\/strong> Vanne de contr\u00f4le en bronze, enti\u00e8rement automatique, sp\u00e9ciale pour g\u00e9rer le fonctionnement g\u00e9n\u00e9ral de l\u2019adoucisseur. Le contr\u00f4le des \u00e9tapes est effectu\u00e9 \u00e0 l\u2019aide de deux pistons lat\u00e9raux. Elle incorpore un programmateur \u00e9lectrom\u00e9canique qui permet d\u2019adapter la dur\u00e9e des diff\u00e9rentes \u00e9tapes de la r\u00e9g\u00e9n\u00e9ration.<\/p>\n","protected":false},"excerpt":{"rendered":"<p>\u00c9quipement Duplex Altern\u00e9 form\u00e9 par deux colonnes d\u2019adoucissement construites en polyester renforc\u00e9 avec fibre verre selon mod\u00e8le et un r\u00e9servoir de pr\u00e9paration de saumure en poly\u00e9thyl\u00e8ne de haute densit\u00e9. Les deux colonnes sont contr\u00f4l\u00e9es par une seule vanne de command.<\/p>\n","protected":false},"featured_media":5061,"template":"","meta":[],"product_cat":[83,82],"product_tag":[],"class_list":{"0":"post-4980","1":"product","2":"type-product","3":"status-publish","4":"has-post-thumbnail","6":"product_cat-adoucisseurs","7":"product_cat-industriel","9":"first","10":"instock","11":"shipping-taxable","12":"product-type-simple","13":"col-xs-6 col-sm-4","14":"col-md-3 col-lg-3","15":"un-4-cols"},"yoast_head":"<!-- This site is optimized with the Yoast SEO plugin v27.5 - https:\/\/yoast.com\/product\/yoast-seo-wordpress\/ -->\n<title>Adoucisseur duplex - Fleck 9500 SXT - Firstwater<\/title>\n<meta name=\"robots\" content=\"index, follow, max-snippet:-1, max-image-preview:large, max-video-preview:-1\" \/>\n<link rel=\"canonical\" href=\"https:\/\/firstwater.ma\/?product=adoucisseur-duplex-fleck-9500-sxt\" \/>\n<meta property=\"og:locale\" content=\"fr_FR\" \/>\n<meta property=\"og:type\" content=\"article\" \/>\n<meta property=\"og:title\" content=\"Adoucisseur duplex - Fleck 9500 SXT - Firstwater\" \/>\n<meta property=\"og:description\" content=\"\u00c9quipement Duplex Altern\u00e9 form\u00e9 par deux colonnes d\u2019adoucissement construites en polyester renforc\u00e9 avec fibre verre selon mod\u00e8le et un r\u00e9servoir de pr\u00e9paration de saumure en poly\u00e9thyl\u00e8ne de haute densit\u00e9. Les deux colonnes sont contr\u00f4l\u00e9es par une seule vanne de command.\" \/>\n<meta property=\"og:url\" content=\"https:\/\/firstwater.ma\/?product=adoucisseur-duplex-fleck-9500-sxt\" \/>\n<meta property=\"og:site_name\" content=\"Firstwater\" \/>\n<meta property=\"article:modified_time\" content=\"2024-01-08T10:38:53+00:00\" \/>\n<meta property=\"og:image\" content=\"https:\/\/firstwater.ma\/wp-content\/uploads\/2024\/01\/Adoucisseur-duplex-Fleck-9500-SXT.jpg\" \/>\n\t<meta property=\"og:image:width\" content=\"512\" \/>\n\t<meta property=\"og:image:height\" content=\"512\" \/>\n\t<meta property=\"og:image:type\" content=\"image\/jpeg\" \/>\n<meta name=\"twitter:card\" content=\"summary_large_image\" \/>\n<meta name=\"twitter:label1\" content=\"Dur\u00e9e de lecture estim\u00e9e\" \/>\n\t<meta name=\"twitter:data1\" content=\"1 minute\" \/>\n<script type=\"application\/ld+json\" class=\"yoast-schema-graph\">{\"@context\":\"https:\\\/\\\/schema.org\",\"@graph\":[{\"@type\":\"WebPage\",\"@id\":\"https:\\\/\\\/firstwater.ma\\\/?product=adoucisseur-duplex-fleck-9500-sxt\",\"url\":\"https:\\\/\\\/firstwater.ma\\\/?product=adoucisseur-duplex-fleck-9500-sxt\",\"name\":\"Adoucisseur duplex - Fleck 9500 SXT - Firstwater\",\"isPartOf\":{\"@id\":\"https:\\\/\\\/firstwater.ma\\\/#website\"},\"primaryImageOfPage\":{\"@id\":\"https:\\\/\\\/firstwater.ma\\\/?product=adoucisseur-duplex-fleck-9500-sxt#primaryimage\"},\"image\":{\"@id\":\"https:\\\/\\\/firstwater.ma\\\/?product=adoucisseur-duplex-fleck-9500-sxt#primaryimage\"},\"thumbnailUrl\":\"https:\\\/\\\/firstwater.ma\\\/wp-content\\\/uploads\\\/2024\\\/01\\\/Adoucisseur-duplex-Fleck-9500-SXT.jpg\",\"datePublished\":\"2024-01-08T10:38:06+00:00\",\"dateModified\":\"2024-01-08T10:38:53+00:00\",\"breadcrumb\":{\"@id\":\"https:\\\/\\\/firstwater.ma\\\/?product=adoucisseur-duplex-fleck-9500-sxt#breadcrumb\"},\"inLanguage\":\"fr-FR\",\"potentialAction\":[{\"@type\":\"ReadAction\",\"target\":[\"https:\\\/\\\/firstwater.ma\\\/?product=adoucisseur-duplex-fleck-9500-sxt\"]}]},{\"@type\":\"ImageObject\",\"inLanguage\":\"fr-FR\",\"@id\":\"https:\\\/\\\/firstwater.ma\\\/?product=adoucisseur-duplex-fleck-9500-sxt#primaryimage\",\"url\":\"https:\\\/\\\/firstwater.ma\\\/wp-content\\\/uploads\\\/2024\\\/01\\\/Adoucisseur-duplex-Fleck-9500-SXT.jpg\",\"contentUrl\":\"https:\\\/\\\/firstwater.ma\\\/wp-content\\\/uploads\\\/2024\\\/01\\\/Adoucisseur-duplex-Fleck-9500-SXT.jpg\",\"width\":512,\"height\":512},{\"@type\":\"BreadcrumbList\",\"@id\":\"https:\\\/\\\/firstwater.ma\\\/?product=adoucisseur-duplex-fleck-9500-sxt#breadcrumb\",\"itemListElement\":[{\"@type\":\"ListItem\",\"position\":1,\"name\":\"Accueil\",\"item\":\"https:\\\/\\\/firstwater.ma\\\/\"},{\"@type\":\"ListItem\",\"position\":2,\"name\":\"Boutique\",\"item\":\"https:\\\/\\\/firstwater.ma\\\/?page_id=8\"},{\"@type\":\"ListItem\",\"position\":3,\"name\":\"Adoucisseur duplex &#8211; Fleck 9500 SXT\"}]},{\"@type\":\"WebSite\",\"@id\":\"https:\\\/\\\/firstwater.ma\\\/#website\",\"url\":\"https:\\\/\\\/firstwater.ma\\\/\",\"name\":\"Firstwater\",\"description\":\"\",\"publisher\":{\"@id\":\"https:\\\/\\\/firstwater.ma\\\/#organization\"},\"potentialAction\":[{\"@type\":\"SearchAction\",\"target\":{\"@type\":\"EntryPoint\",\"urlTemplate\":\"https:\\\/\\\/firstwater.ma\\\/?s={search_term_string}\"},\"query-input\":{\"@type\":\"PropertyValueSpecification\",\"valueRequired\":true,\"valueName\":\"search_term_string\"}}],\"inLanguage\":\"fr-FR\"},{\"@type\":\"Organization\",\"@id\":\"https:\\\/\\\/firstwater.ma\\\/#organization\",\"name\":\"Firstwater\",\"url\":\"https:\\\/\\\/firstwater.ma\\\/\",\"logo\":{\"@type\":\"ImageObject\",\"inLanguage\":\"fr-FR\",\"@id\":\"https:\\\/\\\/firstwater.ma\\\/#\\\/schema\\\/logo\\\/image\\\/\",\"url\":\"https:\\\/\\\/firstwater.ma\\\/wp-content\\\/uploads\\\/2024\\\/01\\\/cropped-first-water-2-130x70-2.png\",\"contentUrl\":\"https:\\\/\\\/firstwater.ma\\\/wp-content\\\/uploads\\\/2024\\\/01\\\/cropped-first-water-2-130x70-2.png\",\"width\":130,\"height\":70,\"caption\":\"Firstwater\"},\"image\":{\"@id\":\"https:\\\/\\\/firstwater.ma\\\/#\\\/schema\\\/logo\\\/image\\\/\"}}]}<\/script>\n<!-- \/ Yoast SEO plugin. -->","yoast_head_json":{"title":"Adoucisseur duplex - Fleck 9500 SXT - Firstwater","robots":{"index":"index","follow":"follow","max-snippet":"max-snippet:-1","max-image-preview":"max-image-preview:large","max-video-preview":"max-video-preview:-1"},"canonical":"https:\/\/firstwater.ma\/?product=adoucisseur-duplex-fleck-9500-sxt","og_locale":"fr_FR","og_type":"article","og_title":"Adoucisseur duplex - Fleck 9500 SXT - Firstwater","og_description":"\u00c9quipement Duplex Altern\u00e9 form\u00e9 par deux colonnes d\u2019adoucissement construites en polyester renforc\u00e9 avec fibre verre selon mod\u00e8le et un r\u00e9servoir de pr\u00e9paration de saumure en poly\u00e9thyl\u00e8ne de haute densit\u00e9. Les deux colonnes sont contr\u00f4l\u00e9es par une seule vanne de command.","og_url":"https:\/\/firstwater.ma\/?product=adoucisseur-duplex-fleck-9500-sxt","og_site_name":"Firstwater","article_modified_time":"2024-01-08T10:38:53+00:00","og_image":[{"width":512,"height":512,"url":"https:\/\/firstwater.ma\/wp-content\/uploads\/2024\/01\/Adoucisseur-duplex-Fleck-9500-SXT.jpg","type":"image\/jpeg"}],"twitter_card":"summary_large_image","twitter_misc":{"Dur\u00e9e de lecture estim\u00e9e":"1 minute"},"schema":{"@context":"https:\/\/schema.org","@graph":[{"@type":"WebPage","@id":"https:\/\/firstwater.ma\/?product=adoucisseur-duplex-fleck-9500-sxt","url":"https:\/\/firstwater.ma\/?product=adoucisseur-duplex-fleck-9500-sxt","name":"Adoucisseur duplex - Fleck 9500 SXT - Firstwater","isPartOf":{"@id":"https:\/\/firstwater.ma\/#website"},"primaryImageOfPage":{"@id":"https:\/\/firstwater.ma\/?product=adoucisseur-duplex-fleck-9500-sxt#primaryimage"},"image":{"@id":"https:\/\/firstwater.ma\/?product=adoucisseur-duplex-fleck-9500-sxt#primaryimage"},"thumbnailUrl":"https:\/\/firstwater.ma\/wp-content\/uploads\/2024\/01\/Adoucisseur-duplex-Fleck-9500-SXT.jpg","datePublished":"2024-01-08T10:38:06+00:00","dateModified":"2024-01-08T10:38:53+00:00","breadcrumb":{"@id":"https:\/\/firstwater.ma\/?product=adoucisseur-duplex-fleck-9500-sxt#breadcrumb"},"inLanguage":"fr-FR","potentialAction":[{"@type":"ReadAction","target":["https:\/\/firstwater.ma\/?product=adoucisseur-duplex-fleck-9500-sxt"]}]},{"@type":"ImageObject","inLanguage":"fr-FR","@id":"https:\/\/firstwater.ma\/?product=adoucisseur-duplex-fleck-9500-sxt#primaryimage","url":"https:\/\/firstwater.ma\/wp-content\/uploads\/2024\/01\/Adoucisseur-duplex-Fleck-9500-SXT.jpg","contentUrl":"https:\/\/firstwater.ma\/wp-content\/uploads\/2024\/01\/Adoucisseur-duplex-Fleck-9500-SXT.jpg","width":512,"height":512},{"@type":"BreadcrumbList","@id":"https:\/\/firstwater.ma\/?product=adoucisseur-duplex-fleck-9500-sxt#breadcrumb","itemListElement":[{"@type":"ListItem","position":1,"name":"Accueil","item":"https:\/\/firstwater.ma\/"},{"@type":"ListItem","position":2,"name":"Boutique","item":"https:\/\/firstwater.ma\/?page_id=8"},{"@type":"ListItem","position":3,"name":"Adoucisseur duplex &#8211; Fleck 9500 SXT"}]},{"@type":"WebSite","@id":"https:\/\/firstwater.ma\/#website","url":"https:\/\/firstwater.ma\/","name":"Firstwater","description":"","publisher":{"@id":"https:\/\/firstwater.ma\/#organization"},"potentialAction":[{"@type":"SearchAction","target":{"@type":"EntryPoint","urlTemplate":"https:\/\/firstwater.ma\/?s={search_term_string}"},"query-input":{"@type":"PropertyValueSpecification","valueRequired":true,"valueName":"search_term_string"}}],"inLanguage":"fr-FR"},{"@type":"Organization","@id":"https:\/\/firstwater.ma\/#organization","name":"Firstwater","url":"https:\/\/firstwater.ma\/","logo":{"@type":"ImageObject","inLanguage":"fr-FR","@id":"https:\/\/firstwater.ma\/#\/schema\/logo\/image\/","url":"https:\/\/firstwater.ma\/wp-content\/uploads\/2024\/01\/cropped-first-water-2-130x70-2.png","contentUrl":"https:\/\/firstwater.ma\/wp-content\/uploads\/2024\/01\/cropped-first-water-2-130x70-2.png","width":130,"height":70,"caption":"Firstwater"},"image":{"@id":"https:\/\/firstwater.ma\/#\/schema\/logo\/image\/"}}]}},"_links":{"self":[{"href":"https:\/\/firstwater.ma\/index.php?rest_route=\/wp\/v2\/product\/4980","targetHints":{"allow":["GET"]}}],"collection":[{"href":"https:\/\/firstwater.ma\/index.php?rest_route=\/wp\/v2\/product"}],"about":[{"href":"https:\/\/firstwater.ma\/index.php?rest_route=\/wp\/v2\/types\/product"}],"version-history":[{"count":1,"href":"https:\/\/firstwater.ma\/index.php?rest_route=\/wp\/v2\/product\/4980\/revisions"}],"predecessor-version":[{"id":5062,"href":"https:\/\/firstwater.ma\/index.php?rest_route=\/wp\/v2\/product\/4980\/revisions\/5062"}],"wp:featuredmedia":[{"embeddable":true,"href":"https:\/\/firstwater.ma\/index.php?rest_route=\/wp\/v2\/media\/5061"}],"wp:attachment":[{"href":"https:\/\/firstwater.ma\/index.php?rest_route=%2Fwp%2Fv2%2Fmedia&parent=4980"}],"wp:term":[{"taxonomy":"product_cat","embeddable":true,"href":"https:\/\/firstwater.ma\/index.php?rest_route=%2Fwp%2Fv2%2Fproduct_cat&post=4980"},{"taxonomy":"product_tag","embeddable":true,"href":"https:\/\/firstwater.ma\/index.php?rest_route=%2Fwp%2Fv2%2Fproduct_tag&post=4980"}],"curies":[{"name":"wp","href":"https:\/\/api.w.org\/{rel}","templated":true}]}}