{"id":4981,"date":"2024-01-08T11:38:06","date_gmt":"2024-01-08T10:38:06","guid":{"rendered":"https:\/\/firstwater.ma\/?post_type=product&#038;p=4981"},"modified":"2024-01-08T11:38:54","modified_gmt":"2024-01-08T10:38:54","slug":"cartouche-charbon","status":"publish","type":"product","link":"https:\/\/firstwater.ma\/?product=cartouche-charbon","title":{"rendered":"Cartouche Charbon"},"content":{"rendered":"<h4><strong>Avantages de la cartouche charbon actif :<\/strong><\/h4>\n<p>La <strong>cartouche anti-odeur<\/strong> est compos\u00e9e d\u2019un bloc de charbon actif compact provenant d\u2019une combustion de mati\u00e8res carbon\u00e9es naturelles (bois, tourbe, coques de noix de coco\u2026) ayant des propri\u00e9t\u00e9s de captation des particules. Elle filtre aussi bien le mauvais go\u00fbt de votre eau de robinet que les odeurs d\u00e9sagr\u00e9ables de vos eaux de puisages.<\/p>\n<p>L\u2019eau traverse le bloc de charbon actif. Le charbon actif est particuli\u00e8rement efficace pour intercepter le chlore, responsable de go\u00fbts ou odeurs d\u00e9sagr\u00e9ables et les r\u00e9sidus organiques pr\u00e9sents dans l\u2019eau potable : pesticides, insecticides, benz\u00e8ne, \u2026<\/p>\n<p>Le <strong>charbon actif<\/strong> joue aussi un r\u00f4le filtrant en stoppant les particules solides microscopiques en suspension dans l\u2019eau. C\u2019est pourquoi, pour \u00e9viter son encrassement trop rapide, on lui associe souvent un filtre \u00e0 s\u00e9diments, ce qui donne un syst\u00e8me \u00e0 deux \u00ab bols \u00bb : s\u00e9diments + charbon actif.<\/p>\n","protected":false},"excerpt":{"rendered":"<p>La cartouche charbon actif supprime les go\u00fbts et odeurs d\u00e9sagr\u00e9ables de l&rsquo;eau.<\/p>\n","protected":false},"featured_media":5063,"template":"","meta":[],"product_cat":[82],"product_tag":[],"class_list":{"0":"post-4981","1":"product","2":"type-product","3":"status-publish","4":"has-post-thumbnail","6":"product_cat-industriel","8":"first","9":"instock","10":"shipping-taxable","11":"product-type-simple","12":"col-xs-6 col-sm-4","13":"col-md-3 col-lg-3","14":"un-4-cols"},"yoast_head":"<!-- This site is optimized with the Yoast SEO plugin v27.5 - https:\/\/yoast.com\/product\/yoast-seo-wordpress\/ -->\n<title>Cartouche Charbon - Firstwater<\/title>\n<meta name=\"robots\" content=\"index, follow, max-snippet:-1, max-image-preview:large, max-video-preview:-1\" \/>\n<link rel=\"canonical\" href=\"https:\/\/firstwater.ma\/?product=cartouche-charbon\" \/>\n<meta property=\"og:locale\" content=\"fr_FR\" \/>\n<meta property=\"og:type\" content=\"article\" \/>\n<meta property=\"og:title\" content=\"Cartouche Charbon - Firstwater\" \/>\n<meta property=\"og:description\" content=\"La cartouche charbon actif supprime les go\u00fbts et odeurs d\u00e9sagr\u00e9ables de l&#039;eau.\" \/>\n<meta property=\"og:url\" content=\"https:\/\/firstwater.ma\/?product=cartouche-charbon\" \/>\n<meta property=\"og:site_name\" content=\"Firstwater\" \/>\n<meta property=\"article:modified_time\" content=\"2024-01-08T10:38:54+00:00\" \/>\n<meta property=\"og:image\" content=\"https:\/\/firstwater.ma\/wp-content\/uploads\/2024\/01\/Cartouche-Charbon.jpg\" \/>\n\t<meta property=\"og:image:width\" content=\"512\" \/>\n\t<meta property=\"og:image:height\" content=\"512\" \/>\n\t<meta property=\"og:image:type\" content=\"image\/jpeg\" \/>\n<meta name=\"twitter:card\" content=\"summary_large_image\" \/>\n<meta name=\"twitter:label1\" content=\"Dur\u00e9e de lecture estim\u00e9e\" \/>\n\t<meta name=\"twitter:data1\" content=\"1 minute\" \/>\n<script type=\"application\/ld+json\" class=\"yoast-schema-graph\">{\"@context\":\"https:\\\/\\\/schema.org\",\"@graph\":[{\"@type\":\"WebPage\",\"@id\":\"https:\\\/\\\/firstwater.ma\\\/?product=cartouche-charbon\",\"url\":\"https:\\\/\\\/firstwater.ma\\\/?product=cartouche-charbon\",\"name\":\"Cartouche Charbon - Firstwater\",\"isPartOf\":{\"@id\":\"https:\\\/\\\/firstwater.ma\\\/#website\"},\"primaryImageOfPage\":{\"@id\":\"https:\\\/\\\/firstwater.ma\\\/?product=cartouche-charbon#primaryimage\"},\"image\":{\"@id\":\"https:\\\/\\\/firstwater.ma\\\/?product=cartouche-charbon#primaryimage\"},\"thumbnailUrl\":\"https:\\\/\\\/firstwater.ma\\\/wp-content\\\/uploads\\\/2024\\\/01\\\/Cartouche-Charbon.jpg\",\"datePublished\":\"2024-01-08T10:38:06+00:00\",\"dateModified\":\"2024-01-08T10:38:54+00:00\",\"breadcrumb\":{\"@id\":\"https:\\\/\\\/firstwater.ma\\\/?product=cartouche-charbon#breadcrumb\"},\"inLanguage\":\"fr-FR\",\"potentialAction\":[{\"@type\":\"ReadAction\",\"target\":[\"https:\\\/\\\/firstwater.ma\\\/?product=cartouche-charbon\"]}]},{\"@type\":\"ImageObject\",\"inLanguage\":\"fr-FR\",\"@id\":\"https:\\\/\\\/firstwater.ma\\\/?product=cartouche-charbon#primaryimage\",\"url\":\"https:\\\/\\\/firstwater.ma\\\/wp-content\\\/uploads\\\/2024\\\/01\\\/Cartouche-Charbon.jpg\",\"contentUrl\":\"https:\\\/\\\/firstwater.ma\\\/wp-content\\\/uploads\\\/2024\\\/01\\\/Cartouche-Charbon.jpg\",\"width\":512,\"height\":512},{\"@type\":\"BreadcrumbList\",\"@id\":\"https:\\\/\\\/firstwater.ma\\\/?product=cartouche-charbon#breadcrumb\",\"itemListElement\":[{\"@type\":\"ListItem\",\"position\":1,\"name\":\"Accueil\",\"item\":\"https:\\\/\\\/firstwater.ma\\\/\"},{\"@type\":\"ListItem\",\"position\":2,\"name\":\"Boutique\",\"item\":\"https:\\\/\\\/firstwater.ma\\\/?page_id=8\"},{\"@type\":\"ListItem\",\"position\":3,\"name\":\"Cartouche Charbon\"}]},{\"@type\":\"WebSite\",\"@id\":\"https:\\\/\\\/firstwater.ma\\\/#website\",\"url\":\"https:\\\/\\\/firstwater.ma\\\/\",\"name\":\"Firstwater\",\"description\":\"\",\"publisher\":{\"@id\":\"https:\\\/\\\/firstwater.ma\\\/#organization\"},\"potentialAction\":[{\"@type\":\"SearchAction\",\"target\":{\"@type\":\"EntryPoint\",\"urlTemplate\":\"https:\\\/\\\/firstwater.ma\\\/?s={search_term_string}\"},\"query-input\":{\"@type\":\"PropertyValueSpecification\",\"valueRequired\":true,\"valueName\":\"search_term_string\"}}],\"inLanguage\":\"fr-FR\"},{\"@type\":\"Organization\",\"@id\":\"https:\\\/\\\/firstwater.ma\\\/#organization\",\"name\":\"Firstwater\",\"url\":\"https:\\\/\\\/firstwater.ma\\\/\",\"logo\":{\"@type\":\"ImageObject\",\"inLanguage\":\"fr-FR\",\"@id\":\"https:\\\/\\\/firstwater.ma\\\/#\\\/schema\\\/logo\\\/image\\\/\",\"url\":\"https:\\\/\\\/firstwater.ma\\\/wp-content\\\/uploads\\\/2024\\\/01\\\/cropped-first-water-2-130x70-2.png\",\"contentUrl\":\"https:\\\/\\\/firstwater.ma\\\/wp-content\\\/uploads\\\/2024\\\/01\\\/cropped-first-water-2-130x70-2.png\",\"width\":130,\"height\":70,\"caption\":\"Firstwater\"},\"image\":{\"@id\":\"https:\\\/\\\/firstwater.ma\\\/#\\\/schema\\\/logo\\\/image\\\/\"}}]}<\/script>\n<!-- \/ Yoast SEO plugin. -->","yoast_head_json":{"title":"Cartouche Charbon - Firstwater","robots":{"index":"index","follow":"follow","max-snippet":"max-snippet:-1","max-image-preview":"max-image-preview:large","max-video-preview":"max-video-preview:-1"},"canonical":"https:\/\/firstwater.ma\/?product=cartouche-charbon","og_locale":"fr_FR","og_type":"article","og_title":"Cartouche Charbon - Firstwater","og_description":"La cartouche charbon actif supprime les go\u00fbts et odeurs d\u00e9sagr\u00e9ables de l'eau.","og_url":"https:\/\/firstwater.ma\/?product=cartouche-charbon","og_site_name":"Firstwater","article_modified_time":"2024-01-08T10:38:54+00:00","og_image":[{"width":512,"height":512,"url":"https:\/\/firstwater.ma\/wp-content\/uploads\/2024\/01\/Cartouche-Charbon.jpg","type":"image\/jpeg"}],"twitter_card":"summary_large_image","twitter_misc":{"Dur\u00e9e de lecture estim\u00e9e":"1 minute"},"schema":{"@context":"https:\/\/schema.org","@graph":[{"@type":"WebPage","@id":"https:\/\/firstwater.ma\/?product=cartouche-charbon","url":"https:\/\/firstwater.ma\/?product=cartouche-charbon","name":"Cartouche Charbon - Firstwater","isPartOf":{"@id":"https:\/\/firstwater.ma\/#website"},"primaryImageOfPage":{"@id":"https:\/\/firstwater.ma\/?product=cartouche-charbon#primaryimage"},"image":{"@id":"https:\/\/firstwater.ma\/?product=cartouche-charbon#primaryimage"},"thumbnailUrl":"https:\/\/firstwater.ma\/wp-content\/uploads\/2024\/01\/Cartouche-Charbon.jpg","datePublished":"2024-01-08T10:38:06+00:00","dateModified":"2024-01-08T10:38:54+00:00","breadcrumb":{"@id":"https:\/\/firstwater.ma\/?product=cartouche-charbon#breadcrumb"},"inLanguage":"fr-FR","potentialAction":[{"@type":"ReadAction","target":["https:\/\/firstwater.ma\/?product=cartouche-charbon"]}]},{"@type":"ImageObject","inLanguage":"fr-FR","@id":"https:\/\/firstwater.ma\/?product=cartouche-charbon#primaryimage","url":"https:\/\/firstwater.ma\/wp-content\/uploads\/2024\/01\/Cartouche-Charbon.jpg","contentUrl":"https:\/\/firstwater.ma\/wp-content\/uploads\/2024\/01\/Cartouche-Charbon.jpg","width":512,"height":512},{"@type":"BreadcrumbList","@id":"https:\/\/firstwater.ma\/?product=cartouche-charbon#breadcrumb","itemListElement":[{"@type":"ListItem","position":1,"name":"Accueil","item":"https:\/\/firstwater.ma\/"},{"@type":"ListItem","position":2,"name":"Boutique","item":"https:\/\/firstwater.ma\/?page_id=8"},{"@type":"ListItem","position":3,"name":"Cartouche Charbon"}]},{"@type":"WebSite","@id":"https:\/\/firstwater.ma\/#website","url":"https:\/\/firstwater.ma\/","name":"Firstwater","description":"","publisher":{"@id":"https:\/\/firstwater.ma\/#organization"},"potentialAction":[{"@type":"SearchAction","target":{"@type":"EntryPoint","urlTemplate":"https:\/\/firstwater.ma\/?s={search_term_string}"},"query-input":{"@type":"PropertyValueSpecification","valueRequired":true,"valueName":"search_term_string"}}],"inLanguage":"fr-FR"},{"@type":"Organization","@id":"https:\/\/firstwater.ma\/#organization","name":"Firstwater","url":"https:\/\/firstwater.ma\/","logo":{"@type":"ImageObject","inLanguage":"fr-FR","@id":"https:\/\/firstwater.ma\/#\/schema\/logo\/image\/","url":"https:\/\/firstwater.ma\/wp-content\/uploads\/2024\/01\/cropped-first-water-2-130x70-2.png","contentUrl":"https:\/\/firstwater.ma\/wp-content\/uploads\/2024\/01\/cropped-first-water-2-130x70-2.png","width":130,"height":70,"caption":"Firstwater"},"image":{"@id":"https:\/\/firstwater.ma\/#\/schema\/logo\/image\/"}}]}},"_links":{"self":[{"href":"https:\/\/firstwater.ma\/index.php?rest_route=\/wp\/v2\/product\/4981","targetHints":{"allow":["GET"]}}],"collection":[{"href":"https:\/\/firstwater.ma\/index.php?rest_route=\/wp\/v2\/product"}],"about":[{"href":"https:\/\/firstwater.ma\/index.php?rest_route=\/wp\/v2\/types\/product"}],"version-history":[{"count":1,"href":"https:\/\/firstwater.ma\/index.php?rest_route=\/wp\/v2\/product\/4981\/revisions"}],"predecessor-version":[{"id":5064,"href":"https:\/\/firstwater.ma\/index.php?rest_route=\/wp\/v2\/product\/4981\/revisions\/5064"}],"wp:featuredmedia":[{"embeddable":true,"href":"https:\/\/firstwater.ma\/index.php?rest_route=\/wp\/v2\/media\/5063"}],"wp:attachment":[{"href":"https:\/\/firstwater.ma\/index.php?rest_route=%2Fwp%2Fv2%2Fmedia&parent=4981"}],"wp:term":[{"taxonomy":"product_cat","embeddable":true,"href":"https:\/\/firstwater.ma\/index.php?rest_route=%2Fwp%2Fv2%2Fproduct_cat&post=4981"},{"taxonomy":"product_tag","embeddable":true,"href":"https:\/\/firstwater.ma\/index.php?rest_route=%2Fwp%2Fv2%2Fproduct_tag&post=4981"}],"curies":[{"name":"wp","href":"https:\/\/api.w.org\/{rel}","templated":true}]}}