{"id":4983,"date":"2024-01-08T11:38:06","date_gmt":"2024-01-08T10:38:06","guid":{"rendered":"https:\/\/firstwater.ma\/?post_type=product&#038;p=4983"},"modified":"2024-01-08T11:38:56","modified_gmt":"2024-01-08T10:38:56","slug":"cartouche-lavable","status":"publish","type":"product","link":"https:\/\/firstwater.ma\/?product=cartouche-lavable","title":{"rendered":"Cartouche lavable"},"content":{"rendered":"<h4>Pourquoi utiliser une cartouche filtrante lavable ?<\/h4>\n<p>Une <strong>cartouche filtrante lavable<\/strong> est destin\u00e9e \u00e0 filtrer les eaux de pluie. Elle dispose d\u2019une filtration plus ou moins grossi\u00e8re, suivant les mesures pr\u00e9conis\u00e9es par la r\u00e8glementation. Elle est con\u00e7ue pour filtrer l\u2019eau par gravit\u00e9. Aucun syst\u00e8me de pression d\u2019eau n\u2019y est install\u00e9.<\/p>\n<p>N\u00e9anmoins, certains mod\u00e8les de <strong>cartouches lavables<\/strong> ont \u00e9t\u00e9 con\u00e7us pour un usage sanitaire et\/ou domestique.<\/p>\n<h4><\/h4>\n<h4>Caract\u00e9ristiques<\/h4>\n<p>La <strong>cartouche filtrante lavable<\/strong> est \u00e9quip\u00e9e d\u2019un tamis \u00e0 impuret\u00e9, fait enti\u00e8rement en plastique lavable. Certains mod\u00e8les sont dot\u00e9s d\u2019un second filtre et m\u00eame d\u2019un troisi\u00e8me, pour que le filtre puisse accueillir le maximum d\u2019eau et travailler rapidement.<\/p>\n<p>Il existe plusieurs mod\u00e8les de <strong>cartouches filtrantes lavables<\/strong> :<\/p>\n<ul style=\"padding-left: 20px;\">\n<li>Les cartouches pour eau de pluie ;<\/li>\n<li>Les cartouches filtrantes pour eaux de consommation (domestiques ou sanitaires).<\/li>\n<\/ul>\n","protected":false},"excerpt":{"rendered":"<p>La <strong>cartouche filtrante<\/strong> est un composant du dispositif de filtration d\u2019eau. Elle est install\u00e9e \u00e0 l\u2019int\u00e9rieur du filtre o\u00f9 circule l\u2019eau. L\u2019eau qui n\u2019est pas encore filtr\u00e9e entre dans le filtre par un bout, passe par la cartouche et en ressort \u00e9pur\u00e9e et d\u00e9barrass\u00e9e du calcaire.<\/p>\n<p>Il existe plusieurs types de cartouches filtrantes, dont la <strong>cartouche filtrante lavable<\/strong>.<\/p>\n","protected":false},"featured_media":5068,"template":"","meta":[],"product_cat":[87,82],"product_tag":[],"class_list":{"0":"post-4983","1":"product","2":"type-product","3":"status-publish","4":"has-post-thumbnail","6":"product_cat-filtration-industriel","7":"product_cat-industriel","9":"first","10":"instock","11":"shipping-taxable","12":"product-type-simple","13":"col-xs-6 col-sm-4","14":"col-md-3 col-lg-3","15":"un-4-cols"},"yoast_head":"<!-- This site is optimized with the Yoast SEO plugin v27.5 - https:\/\/yoast.com\/product\/yoast-seo-wordpress\/ -->\n<title>Cartouche lavable - Firstwater<\/title>\n<meta name=\"robots\" content=\"index, follow, max-snippet:-1, max-image-preview:large, max-video-preview:-1\" \/>\n<link rel=\"canonical\" href=\"https:\/\/firstwater.ma\/?product=cartouche-lavable\" \/>\n<meta property=\"og:locale\" content=\"fr_FR\" \/>\n<meta property=\"og:type\" content=\"article\" \/>\n<meta property=\"og:title\" content=\"Cartouche lavable - Firstwater\" \/>\n<meta property=\"og:description\" content=\"La cartouche filtrante est un composant du dispositif de filtration d\u2019eau. Elle est install\u00e9e \u00e0 l\u2019int\u00e9rieur du filtre o\u00f9 circule l\u2019eau. L\u2019eau qui n\u2019est pas encore filtr\u00e9e entre dans le filtre par un bout, passe par la cartouche et en ressort \u00e9pur\u00e9e et d\u00e9barrass\u00e9e du calcaire.  Il existe plusieurs types de cartouches filtrantes, dont la cartouche filtrante lavable.\" \/>\n<meta property=\"og:url\" content=\"https:\/\/firstwater.ma\/?product=cartouche-lavable\" \/>\n<meta property=\"og:site_name\" content=\"Firstwater\" \/>\n<meta property=\"article:modified_time\" content=\"2024-01-08T10:38:56+00:00\" \/>\n<meta property=\"og:image\" content=\"https:\/\/firstwater.ma\/wp-content\/uploads\/2024\/01\/Cartouche-lavable.jpg\" \/>\n\t<meta property=\"og:image:width\" content=\"512\" \/>\n\t<meta property=\"og:image:height\" content=\"512\" \/>\n\t<meta property=\"og:image:type\" content=\"image\/jpeg\" \/>\n<meta name=\"twitter:card\" content=\"summary_large_image\" \/>\n<meta name=\"twitter:label1\" content=\"Dur\u00e9e de lecture estim\u00e9e\" \/>\n\t<meta name=\"twitter:data1\" content=\"1 minute\" \/>\n<script type=\"application\/ld+json\" class=\"yoast-schema-graph\">{\"@context\":\"https:\\\/\\\/schema.org\",\"@graph\":[{\"@type\":\"WebPage\",\"@id\":\"https:\\\/\\\/firstwater.ma\\\/?product=cartouche-lavable\",\"url\":\"https:\\\/\\\/firstwater.ma\\\/?product=cartouche-lavable\",\"name\":\"Cartouche lavable - Firstwater\",\"isPartOf\":{\"@id\":\"https:\\\/\\\/firstwater.ma\\\/#website\"},\"primaryImageOfPage\":{\"@id\":\"https:\\\/\\\/firstwater.ma\\\/?product=cartouche-lavable#primaryimage\"},\"image\":{\"@id\":\"https:\\\/\\\/firstwater.ma\\\/?product=cartouche-lavable#primaryimage\"},\"thumbnailUrl\":\"https:\\\/\\\/firstwater.ma\\\/wp-content\\\/uploads\\\/2024\\\/01\\\/Cartouche-lavable.jpg\",\"datePublished\":\"2024-01-08T10:38:06+00:00\",\"dateModified\":\"2024-01-08T10:38:56+00:00\",\"breadcrumb\":{\"@id\":\"https:\\\/\\\/firstwater.ma\\\/?product=cartouche-lavable#breadcrumb\"},\"inLanguage\":\"fr-FR\",\"potentialAction\":[{\"@type\":\"ReadAction\",\"target\":[\"https:\\\/\\\/firstwater.ma\\\/?product=cartouche-lavable\"]}]},{\"@type\":\"ImageObject\",\"inLanguage\":\"fr-FR\",\"@id\":\"https:\\\/\\\/firstwater.ma\\\/?product=cartouche-lavable#primaryimage\",\"url\":\"https:\\\/\\\/firstwater.ma\\\/wp-content\\\/uploads\\\/2024\\\/01\\\/Cartouche-lavable.jpg\",\"contentUrl\":\"https:\\\/\\\/firstwater.ma\\\/wp-content\\\/uploads\\\/2024\\\/01\\\/Cartouche-lavable.jpg\",\"width\":512,\"height\":512},{\"@type\":\"BreadcrumbList\",\"@id\":\"https:\\\/\\\/firstwater.ma\\\/?product=cartouche-lavable#breadcrumb\",\"itemListElement\":[{\"@type\":\"ListItem\",\"position\":1,\"name\":\"Accueil\",\"item\":\"https:\\\/\\\/firstwater.ma\\\/\"},{\"@type\":\"ListItem\",\"position\":2,\"name\":\"Boutique\",\"item\":\"https:\\\/\\\/firstwater.ma\\\/?page_id=8\"},{\"@type\":\"ListItem\",\"position\":3,\"name\":\"Cartouche lavable\"}]},{\"@type\":\"WebSite\",\"@id\":\"https:\\\/\\\/firstwater.ma\\\/#website\",\"url\":\"https:\\\/\\\/firstwater.ma\\\/\",\"name\":\"Firstwater\",\"description\":\"\",\"publisher\":{\"@id\":\"https:\\\/\\\/firstwater.ma\\\/#organization\"},\"potentialAction\":[{\"@type\":\"SearchAction\",\"target\":{\"@type\":\"EntryPoint\",\"urlTemplate\":\"https:\\\/\\\/firstwater.ma\\\/?s={search_term_string}\"},\"query-input\":{\"@type\":\"PropertyValueSpecification\",\"valueRequired\":true,\"valueName\":\"search_term_string\"}}],\"inLanguage\":\"fr-FR\"},{\"@type\":\"Organization\",\"@id\":\"https:\\\/\\\/firstwater.ma\\\/#organization\",\"name\":\"Firstwater\",\"url\":\"https:\\\/\\\/firstwater.ma\\\/\",\"logo\":{\"@type\":\"ImageObject\",\"inLanguage\":\"fr-FR\",\"@id\":\"https:\\\/\\\/firstwater.ma\\\/#\\\/schema\\\/logo\\\/image\\\/\",\"url\":\"https:\\\/\\\/firstwater.ma\\\/wp-content\\\/uploads\\\/2024\\\/01\\\/cropped-first-water-2-130x70-2.png\",\"contentUrl\":\"https:\\\/\\\/firstwater.ma\\\/wp-content\\\/uploads\\\/2024\\\/01\\\/cropped-first-water-2-130x70-2.png\",\"width\":130,\"height\":70,\"caption\":\"Firstwater\"},\"image\":{\"@id\":\"https:\\\/\\\/firstwater.ma\\\/#\\\/schema\\\/logo\\\/image\\\/\"}}]}<\/script>\n<!-- \/ Yoast SEO plugin. -->","yoast_head_json":{"title":"Cartouche lavable - Firstwater","robots":{"index":"index","follow":"follow","max-snippet":"max-snippet:-1","max-image-preview":"max-image-preview:large","max-video-preview":"max-video-preview:-1"},"canonical":"https:\/\/firstwater.ma\/?product=cartouche-lavable","og_locale":"fr_FR","og_type":"article","og_title":"Cartouche lavable - Firstwater","og_description":"La cartouche filtrante est un composant du dispositif de filtration d\u2019eau. Elle est install\u00e9e \u00e0 l\u2019int\u00e9rieur du filtre o\u00f9 circule l\u2019eau. L\u2019eau qui n\u2019est pas encore filtr\u00e9e entre dans le filtre par un bout, passe par la cartouche et en ressort \u00e9pur\u00e9e et d\u00e9barrass\u00e9e du calcaire.  Il existe plusieurs types de cartouches filtrantes, dont la cartouche filtrante lavable.","og_url":"https:\/\/firstwater.ma\/?product=cartouche-lavable","og_site_name":"Firstwater","article_modified_time":"2024-01-08T10:38:56+00:00","og_image":[{"width":512,"height":512,"url":"https:\/\/firstwater.ma\/wp-content\/uploads\/2024\/01\/Cartouche-lavable.jpg","type":"image\/jpeg"}],"twitter_card":"summary_large_image","twitter_misc":{"Dur\u00e9e de lecture estim\u00e9e":"1 minute"},"schema":{"@context":"https:\/\/schema.org","@graph":[{"@type":"WebPage","@id":"https:\/\/firstwater.ma\/?product=cartouche-lavable","url":"https:\/\/firstwater.ma\/?product=cartouche-lavable","name":"Cartouche lavable - Firstwater","isPartOf":{"@id":"https:\/\/firstwater.ma\/#website"},"primaryImageOfPage":{"@id":"https:\/\/firstwater.ma\/?product=cartouche-lavable#primaryimage"},"image":{"@id":"https:\/\/firstwater.ma\/?product=cartouche-lavable#primaryimage"},"thumbnailUrl":"https:\/\/firstwater.ma\/wp-content\/uploads\/2024\/01\/Cartouche-lavable.jpg","datePublished":"2024-01-08T10:38:06+00:00","dateModified":"2024-01-08T10:38:56+00:00","breadcrumb":{"@id":"https:\/\/firstwater.ma\/?product=cartouche-lavable#breadcrumb"},"inLanguage":"fr-FR","potentialAction":[{"@type":"ReadAction","target":["https:\/\/firstwater.ma\/?product=cartouche-lavable"]}]},{"@type":"ImageObject","inLanguage":"fr-FR","@id":"https:\/\/firstwater.ma\/?product=cartouche-lavable#primaryimage","url":"https:\/\/firstwater.ma\/wp-content\/uploads\/2024\/01\/Cartouche-lavable.jpg","contentUrl":"https:\/\/firstwater.ma\/wp-content\/uploads\/2024\/01\/Cartouche-lavable.jpg","width":512,"height":512},{"@type":"BreadcrumbList","@id":"https:\/\/firstwater.ma\/?product=cartouche-lavable#breadcrumb","itemListElement":[{"@type":"ListItem","position":1,"name":"Accueil","item":"https:\/\/firstwater.ma\/"},{"@type":"ListItem","position":2,"name":"Boutique","item":"https:\/\/firstwater.ma\/?page_id=8"},{"@type":"ListItem","position":3,"name":"Cartouche lavable"}]},{"@type":"WebSite","@id":"https:\/\/firstwater.ma\/#website","url":"https:\/\/firstwater.ma\/","name":"Firstwater","description":"","publisher":{"@id":"https:\/\/firstwater.ma\/#organization"},"potentialAction":[{"@type":"SearchAction","target":{"@type":"EntryPoint","urlTemplate":"https:\/\/firstwater.ma\/?s={search_term_string}"},"query-input":{"@type":"PropertyValueSpecification","valueRequired":true,"valueName":"search_term_string"}}],"inLanguage":"fr-FR"},{"@type":"Organization","@id":"https:\/\/firstwater.ma\/#organization","name":"Firstwater","url":"https:\/\/firstwater.ma\/","logo":{"@type":"ImageObject","inLanguage":"fr-FR","@id":"https:\/\/firstwater.ma\/#\/schema\/logo\/image\/","url":"https:\/\/firstwater.ma\/wp-content\/uploads\/2024\/01\/cropped-first-water-2-130x70-2.png","contentUrl":"https:\/\/firstwater.ma\/wp-content\/uploads\/2024\/01\/cropped-first-water-2-130x70-2.png","width":130,"height":70,"caption":"Firstwater"},"image":{"@id":"https:\/\/firstwater.ma\/#\/schema\/logo\/image\/"}}]}},"_links":{"self":[{"href":"https:\/\/firstwater.ma\/index.php?rest_route=\/wp\/v2\/product\/4983","targetHints":{"allow":["GET"]}}],"collection":[{"href":"https:\/\/firstwater.ma\/index.php?rest_route=\/wp\/v2\/product"}],"about":[{"href":"https:\/\/firstwater.ma\/index.php?rest_route=\/wp\/v2\/types\/product"}],"version-history":[{"count":1,"href":"https:\/\/firstwater.ma\/index.php?rest_route=\/wp\/v2\/product\/4983\/revisions"}],"predecessor-version":[{"id":5069,"href":"https:\/\/firstwater.ma\/index.php?rest_route=\/wp\/v2\/product\/4983\/revisions\/5069"}],"wp:featuredmedia":[{"embeddable":true,"href":"https:\/\/firstwater.ma\/index.php?rest_route=\/wp\/v2\/media\/5068"}],"wp:attachment":[{"href":"https:\/\/firstwater.ma\/index.php?rest_route=%2Fwp%2Fv2%2Fmedia&parent=4983"}],"wp:term":[{"taxonomy":"product_cat","embeddable":true,"href":"https:\/\/firstwater.ma\/index.php?rest_route=%2Fwp%2Fv2%2Fproduct_cat&post=4983"},{"taxonomy":"product_tag","embeddable":true,"href":"https:\/\/firstwater.ma\/index.php?rest_route=%2Fwp%2Fv2%2Fproduct_tag&post=4983"}],"curies":[{"name":"wp","href":"https:\/\/api.w.org\/{rel}","templated":true}]}}