{"id":4984,"date":"2024-01-08T11:38:06","date_gmt":"2024-01-08T10:38:06","guid":{"rendered":"https:\/\/firstwater.ma\/?post_type=product&#038;p=4984"},"modified":"2024-01-08T11:38:57","modified_gmt":"2024-01-08T10:38:57","slug":"resine-cationique-25-l-pour-adoucisseurs-deau","status":"publish","type":"product","link":"https:\/\/firstwater.ma\/?product=resine-cationique-25-l-pour-adoucisseurs-deau","title":{"rendered":"R\u00e9sine cationique 25 L pour adoucisseurs d&rsquo;eau"},"content":{"rendered":"<p><strong>Vendu en sac de 25 L<\/strong><\/p>\n<p>Les fabricants sont tr\u00e8s sensibles au probl\u00e8mes d\u2019environnement. Cette pr\u00e9occupation est le fondement de leur approche sur les produits notamment en termes de s\u00e9curit\u00e9, sant\u00e9 et information.<\/p>\n<p>\u00a0<\/p>\n<p>Avant tout changement, il est important de bien tenir compte des conseils d\u2019utilisation ainsi que de consulter les fiches techniques et de s\u00e9curit\u00e9.<\/p>\n","protected":false},"excerpt":{"rendered":"<p>La r\u00e9sine cationique DOWEX est une r\u00e9sine \u00e9changeuse de tr\u00e8s haute qualit\u00e9 dot\u00e9e d&rsquo;une bonne stabilit\u00e9 physique, chimique et thermique. Elle est recommand\u00e9e pour une utilisation sur des appareils domestiques tels que les adoucisseurs d&rsquo;eau. La r\u00e9sine cationique se change environ tous les 10 ans dans un adoucisseur.<\/p>\n","protected":false},"featured_media":5070,"template":"","meta":[],"product_cat":[83,82],"product_tag":[],"class_list":{"0":"post-4984","1":"product","2":"type-product","3":"status-publish","4":"has-post-thumbnail","6":"product_cat-adoucisseurs","7":"product_cat-industriel","9":"first","10":"instock","11":"shipping-taxable","12":"product-type-simple","13":"col-xs-6 col-sm-4","14":"col-md-3 col-lg-3","15":"un-4-cols"},"yoast_head":"<!-- This site is optimized with the Yoast SEO plugin v27.5 - https:\/\/yoast.com\/product\/yoast-seo-wordpress\/ -->\n<title>R\u00e9sine cationique 25 L pour adoucisseurs d&#039;eau - Firstwater<\/title>\n<meta name=\"robots\" content=\"index, follow, max-snippet:-1, max-image-preview:large, max-video-preview:-1\" \/>\n<link rel=\"canonical\" href=\"https:\/\/firstwater.ma\/?product=resine-cationique-25-l-pour-adoucisseurs-deau\" \/>\n<meta property=\"og:locale\" content=\"fr_FR\" \/>\n<meta property=\"og:type\" content=\"article\" \/>\n<meta property=\"og:title\" content=\"R\u00e9sine cationique 25 L pour adoucisseurs d&#039;eau - Firstwater\" \/>\n<meta property=\"og:description\" content=\"La r\u00e9sine cationique DOWEX est une r\u00e9sine \u00e9changeuse de tr\u00e8s haute qualit\u00e9 dot\u00e9e d&#039;une bonne stabilit\u00e9 physique, chimique et thermique. Elle est recommand\u00e9e pour une utilisation sur des appareils domestiques tels que les adoucisseurs d&#039;eau. La r\u00e9sine cationique se change environ tous les 10 ans dans un adoucisseur.\" \/>\n<meta property=\"og:url\" content=\"https:\/\/firstwater.ma\/?product=resine-cationique-25-l-pour-adoucisseurs-deau\" \/>\n<meta property=\"og:site_name\" content=\"Firstwater\" \/>\n<meta property=\"article:modified_time\" content=\"2024-01-08T10:38:57+00:00\" \/>\n<meta property=\"og:image\" content=\"https:\/\/firstwater.ma\/wp-content\/uploads\/2024\/01\/Resine-cationique-25-L-pour-adoucisseurs.jpg\" \/>\n\t<meta property=\"og:image:width\" content=\"512\" \/>\n\t<meta property=\"og:image:height\" content=\"512\" \/>\n\t<meta property=\"og:image:type\" content=\"image\/jpeg\" \/>\n<meta name=\"twitter:card\" content=\"summary_large_image\" \/>\n<meta name=\"twitter:label1\" content=\"Dur\u00e9e de lecture estim\u00e9e\" \/>\n\t<meta name=\"twitter:data1\" content=\"1 minute\" \/>\n<script type=\"application\/ld+json\" class=\"yoast-schema-graph\">{\"@context\":\"https:\\\/\\\/schema.org\",\"@graph\":[{\"@type\":\"WebPage\",\"@id\":\"https:\\\/\\\/firstwater.ma\\\/?product=resine-cationique-25-l-pour-adoucisseurs-deau\",\"url\":\"https:\\\/\\\/firstwater.ma\\\/?product=resine-cationique-25-l-pour-adoucisseurs-deau\",\"name\":\"R\u00e9sine cationique 25 L pour adoucisseurs d'eau - Firstwater\",\"isPartOf\":{\"@id\":\"https:\\\/\\\/firstwater.ma\\\/#website\"},\"primaryImageOfPage\":{\"@id\":\"https:\\\/\\\/firstwater.ma\\\/?product=resine-cationique-25-l-pour-adoucisseurs-deau#primaryimage\"},\"image\":{\"@id\":\"https:\\\/\\\/firstwater.ma\\\/?product=resine-cationique-25-l-pour-adoucisseurs-deau#primaryimage\"},\"thumbnailUrl\":\"https:\\\/\\\/firstwater.ma\\\/wp-content\\\/uploads\\\/2024\\\/01\\\/Resine-cationique-25-L-pour-adoucisseurs.jpg\",\"datePublished\":\"2024-01-08T10:38:06+00:00\",\"dateModified\":\"2024-01-08T10:38:57+00:00\",\"breadcrumb\":{\"@id\":\"https:\\\/\\\/firstwater.ma\\\/?product=resine-cationique-25-l-pour-adoucisseurs-deau#breadcrumb\"},\"inLanguage\":\"fr-FR\",\"potentialAction\":[{\"@type\":\"ReadAction\",\"target\":[\"https:\\\/\\\/firstwater.ma\\\/?product=resine-cationique-25-l-pour-adoucisseurs-deau\"]}]},{\"@type\":\"ImageObject\",\"inLanguage\":\"fr-FR\",\"@id\":\"https:\\\/\\\/firstwater.ma\\\/?product=resine-cationique-25-l-pour-adoucisseurs-deau#primaryimage\",\"url\":\"https:\\\/\\\/firstwater.ma\\\/wp-content\\\/uploads\\\/2024\\\/01\\\/Resine-cationique-25-L-pour-adoucisseurs.jpg\",\"contentUrl\":\"https:\\\/\\\/firstwater.ma\\\/wp-content\\\/uploads\\\/2024\\\/01\\\/Resine-cationique-25-L-pour-adoucisseurs.jpg\",\"width\":512,\"height\":512},{\"@type\":\"BreadcrumbList\",\"@id\":\"https:\\\/\\\/firstwater.ma\\\/?product=resine-cationique-25-l-pour-adoucisseurs-deau#breadcrumb\",\"itemListElement\":[{\"@type\":\"ListItem\",\"position\":1,\"name\":\"Accueil\",\"item\":\"https:\\\/\\\/firstwater.ma\\\/\"},{\"@type\":\"ListItem\",\"position\":2,\"name\":\"Boutique\",\"item\":\"https:\\\/\\\/firstwater.ma\\\/?page_id=8\"},{\"@type\":\"ListItem\",\"position\":3,\"name\":\"R\u00e9sine cationique 25 L pour adoucisseurs d&rsquo;eau\"}]},{\"@type\":\"WebSite\",\"@id\":\"https:\\\/\\\/firstwater.ma\\\/#website\",\"url\":\"https:\\\/\\\/firstwater.ma\\\/\",\"name\":\"Firstwater\",\"description\":\"\",\"publisher\":{\"@id\":\"https:\\\/\\\/firstwater.ma\\\/#organization\"},\"potentialAction\":[{\"@type\":\"SearchAction\",\"target\":{\"@type\":\"EntryPoint\",\"urlTemplate\":\"https:\\\/\\\/firstwater.ma\\\/?s={search_term_string}\"},\"query-input\":{\"@type\":\"PropertyValueSpecification\",\"valueRequired\":true,\"valueName\":\"search_term_string\"}}],\"inLanguage\":\"fr-FR\"},{\"@type\":\"Organization\",\"@id\":\"https:\\\/\\\/firstwater.ma\\\/#organization\",\"name\":\"Firstwater\",\"url\":\"https:\\\/\\\/firstwater.ma\\\/\",\"logo\":{\"@type\":\"ImageObject\",\"inLanguage\":\"fr-FR\",\"@id\":\"https:\\\/\\\/firstwater.ma\\\/#\\\/schema\\\/logo\\\/image\\\/\",\"url\":\"https:\\\/\\\/firstwater.ma\\\/wp-content\\\/uploads\\\/2024\\\/01\\\/cropped-first-water-2-130x70-2.png\",\"contentUrl\":\"https:\\\/\\\/firstwater.ma\\\/wp-content\\\/uploads\\\/2024\\\/01\\\/cropped-first-water-2-130x70-2.png\",\"width\":130,\"height\":70,\"caption\":\"Firstwater\"},\"image\":{\"@id\":\"https:\\\/\\\/firstwater.ma\\\/#\\\/schema\\\/logo\\\/image\\\/\"}}]}<\/script>\n<!-- \/ Yoast SEO plugin. -->","yoast_head_json":{"title":"R\u00e9sine cationique 25 L pour adoucisseurs d'eau - Firstwater","robots":{"index":"index","follow":"follow","max-snippet":"max-snippet:-1","max-image-preview":"max-image-preview:large","max-video-preview":"max-video-preview:-1"},"canonical":"https:\/\/firstwater.ma\/?product=resine-cationique-25-l-pour-adoucisseurs-deau","og_locale":"fr_FR","og_type":"article","og_title":"R\u00e9sine cationique 25 L pour adoucisseurs d'eau - Firstwater","og_description":"La r\u00e9sine cationique DOWEX est une r\u00e9sine \u00e9changeuse de tr\u00e8s haute qualit\u00e9 dot\u00e9e d'une bonne stabilit\u00e9 physique, chimique et thermique. Elle est recommand\u00e9e pour une utilisation sur des appareils domestiques tels que les adoucisseurs d'eau. La r\u00e9sine cationique se change environ tous les 10 ans dans un adoucisseur.","og_url":"https:\/\/firstwater.ma\/?product=resine-cationique-25-l-pour-adoucisseurs-deau","og_site_name":"Firstwater","article_modified_time":"2024-01-08T10:38:57+00:00","og_image":[{"width":512,"height":512,"url":"https:\/\/firstwater.ma\/wp-content\/uploads\/2024\/01\/Resine-cationique-25-L-pour-adoucisseurs.jpg","type":"image\/jpeg"}],"twitter_card":"summary_large_image","twitter_misc":{"Dur\u00e9e de lecture estim\u00e9e":"1 minute"},"schema":{"@context":"https:\/\/schema.org","@graph":[{"@type":"WebPage","@id":"https:\/\/firstwater.ma\/?product=resine-cationique-25-l-pour-adoucisseurs-deau","url":"https:\/\/firstwater.ma\/?product=resine-cationique-25-l-pour-adoucisseurs-deau","name":"R\u00e9sine cationique 25 L pour adoucisseurs d'eau - Firstwater","isPartOf":{"@id":"https:\/\/firstwater.ma\/#website"},"primaryImageOfPage":{"@id":"https:\/\/firstwater.ma\/?product=resine-cationique-25-l-pour-adoucisseurs-deau#primaryimage"},"image":{"@id":"https:\/\/firstwater.ma\/?product=resine-cationique-25-l-pour-adoucisseurs-deau#primaryimage"},"thumbnailUrl":"https:\/\/firstwater.ma\/wp-content\/uploads\/2024\/01\/Resine-cationique-25-L-pour-adoucisseurs.jpg","datePublished":"2024-01-08T10:38:06+00:00","dateModified":"2024-01-08T10:38:57+00:00","breadcrumb":{"@id":"https:\/\/firstwater.ma\/?product=resine-cationique-25-l-pour-adoucisseurs-deau#breadcrumb"},"inLanguage":"fr-FR","potentialAction":[{"@type":"ReadAction","target":["https:\/\/firstwater.ma\/?product=resine-cationique-25-l-pour-adoucisseurs-deau"]}]},{"@type":"ImageObject","inLanguage":"fr-FR","@id":"https:\/\/firstwater.ma\/?product=resine-cationique-25-l-pour-adoucisseurs-deau#primaryimage","url":"https:\/\/firstwater.ma\/wp-content\/uploads\/2024\/01\/Resine-cationique-25-L-pour-adoucisseurs.jpg","contentUrl":"https:\/\/firstwater.ma\/wp-content\/uploads\/2024\/01\/Resine-cationique-25-L-pour-adoucisseurs.jpg","width":512,"height":512},{"@type":"BreadcrumbList","@id":"https:\/\/firstwater.ma\/?product=resine-cationique-25-l-pour-adoucisseurs-deau#breadcrumb","itemListElement":[{"@type":"ListItem","position":1,"name":"Accueil","item":"https:\/\/firstwater.ma\/"},{"@type":"ListItem","position":2,"name":"Boutique","item":"https:\/\/firstwater.ma\/?page_id=8"},{"@type":"ListItem","position":3,"name":"R\u00e9sine cationique 25 L pour adoucisseurs d&rsquo;eau"}]},{"@type":"WebSite","@id":"https:\/\/firstwater.ma\/#website","url":"https:\/\/firstwater.ma\/","name":"Firstwater","description":"","publisher":{"@id":"https:\/\/firstwater.ma\/#organization"},"potentialAction":[{"@type":"SearchAction","target":{"@type":"EntryPoint","urlTemplate":"https:\/\/firstwater.ma\/?s={search_term_string}"},"query-input":{"@type":"PropertyValueSpecification","valueRequired":true,"valueName":"search_term_string"}}],"inLanguage":"fr-FR"},{"@type":"Organization","@id":"https:\/\/firstwater.ma\/#organization","name":"Firstwater","url":"https:\/\/firstwater.ma\/","logo":{"@type":"ImageObject","inLanguage":"fr-FR","@id":"https:\/\/firstwater.ma\/#\/schema\/logo\/image\/","url":"https:\/\/firstwater.ma\/wp-content\/uploads\/2024\/01\/cropped-first-water-2-130x70-2.png","contentUrl":"https:\/\/firstwater.ma\/wp-content\/uploads\/2024\/01\/cropped-first-water-2-130x70-2.png","width":130,"height":70,"caption":"Firstwater"},"image":{"@id":"https:\/\/firstwater.ma\/#\/schema\/logo\/image\/"}}]}},"_links":{"self":[{"href":"https:\/\/firstwater.ma\/index.php?rest_route=\/wp\/v2\/product\/4984","targetHints":{"allow":["GET"]}}],"collection":[{"href":"https:\/\/firstwater.ma\/index.php?rest_route=\/wp\/v2\/product"}],"about":[{"href":"https:\/\/firstwater.ma\/index.php?rest_route=\/wp\/v2\/types\/product"}],"version-history":[{"count":1,"href":"https:\/\/firstwater.ma\/index.php?rest_route=\/wp\/v2\/product\/4984\/revisions"}],"predecessor-version":[{"id":5071,"href":"https:\/\/firstwater.ma\/index.php?rest_route=\/wp\/v2\/product\/4984\/revisions\/5071"}],"wp:featuredmedia":[{"embeddable":true,"href":"https:\/\/firstwater.ma\/index.php?rest_route=\/wp\/v2\/media\/5070"}],"wp:attachment":[{"href":"https:\/\/firstwater.ma\/index.php?rest_route=%2Fwp%2Fv2%2Fmedia&parent=4984"}],"wp:term":[{"taxonomy":"product_cat","embeddable":true,"href":"https:\/\/firstwater.ma\/index.php?rest_route=%2Fwp%2Fv2%2Fproduct_cat&post=4984"},{"taxonomy":"product_tag","embeddable":true,"href":"https:\/\/firstwater.ma\/index.php?rest_route=%2Fwp%2Fv2%2Fproduct_tag&post=4984"}],"curies":[{"name":"wp","href":"https:\/\/api.w.org\/{rel}","templated":true}]}}