{"id":5018,"date":"2024-01-08T11:38:31","date_gmt":"2024-01-08T10:38:31","guid":{"rendered":"https:\/\/firstwater.ma\/?post_type=product&#038;p=5018"},"modified":"2024-01-08T11:38:59","modified_gmt":"2024-01-08T10:38:59","slug":"aquatreat-130","status":"publish","type":"product","link":"https:\/\/firstwater.ma\/?product=aquatreat-130","title":{"rendered":"Aquatreat 130"},"content":{"rendered":"<p>Aspect : liquide brun\u00e2tre. pH : > 11 Densit\u00e9 : 1,16 \u00b1 0,02 Solubilit\u00e9 dans l\u2019eau : infinie.<\/p>\n<p>\u00a0<\/p>\n<h4>MODE D\u2019EMPLOI ET DOSAGE<\/h4>\n<p>\u2013 Circuits ferm\u00e9s: 500 \u00e0 2000 mg\/l sur le volume du circuit.<br \/>\n\u2013 Traitement pr\u00e9alable et nettoyage : doubler le dosage.<br \/>\n\u2013 Contr\u00f4le : d\u00e9termination de l\u2019exc\u00e8s de nitrite.<\/p>\n<p>\u2013 Les r\u00e9sultats optimum sont obtenus lorsque le pH se situe entre 7,5 et 9,5.<\/p>\n","protected":false},"excerpt":{"rendered":"<p>&lsquo;- <strong>AQUATREAT 130<\/strong> est un inhibiteur de corrosion liquide pour la protection des m\u00e9taux dans des circuits ferm\u00e9s d&rsquo;eau froide et d&rsquo;eau chaude. ( chauffage , eau glac\u00e9e, eau glycol\u00e9e ).<\/p>\n<p>&#8211; <strong>AQUATREAT 130<\/strong> est appliqu\u00e9 pour la protection de tous m\u00e9taux dans des conditions extr\u00eames de pH, de temp\u00e9rature, et de qualit\u00e9 d\u2019eau.<\/p>\n<p>&#8211; <strong>AQUATREAT 130<\/strong> ne contient ni de m\u00e9taux lourds ni de phosphates.<\/p>\n","protected":false},"featured_media":5074,"template":"","meta":[],"product_cat":[97,82,99],"product_tag":[],"class_list":{"0":"post-5018","1":"product","2":"type-product","3":"status-publish","4":"has-post-thumbnail","6":"product_cat-desinfection","7":"product_cat-industriel","8":"product_cat-produit-de-traitement","10":"first","11":"instock","12":"shipping-taxable","13":"product-type-simple","14":"col-xs-6 col-sm-4","15":"col-md-3 col-lg-3","16":"un-4-cols"},"yoast_head":"<!-- This site is optimized with the Yoast SEO plugin v27.5 - https:\/\/yoast.com\/product\/yoast-seo-wordpress\/ -->\n<title>Aquatreat 130 - Firstwater<\/title>\n<meta name=\"robots\" content=\"index, follow, max-snippet:-1, max-image-preview:large, max-video-preview:-1\" \/>\n<link rel=\"canonical\" href=\"https:\/\/firstwater.ma\/?product=aquatreat-130\" \/>\n<meta property=\"og:locale\" content=\"fr_FR\" \/>\n<meta property=\"og:type\" content=\"article\" \/>\n<meta property=\"og:title\" content=\"Aquatreat 130 - Firstwater\" \/>\n<meta property=\"og:description\" content=\"&#039;- AQUATREAT 130 est un inhibiteur de corrosion liquide pour la protection des m\u00e9taux dans des circuits ferm\u00e9s d&#039;eau froide et d&#039;eau chaude. ( chauffage , eau glac\u00e9e, eau glycol\u00e9e ).  - AQUATREAT 130 est appliqu\u00e9 pour la protection de tous m\u00e9taux dans des conditions extr\u00eames de pH, de temp\u00e9rature, et de qualit\u00e9 d\u2019eau.  - AQUATREAT 130 ne contient ni de m\u00e9taux lourds ni de phosphates.\" \/>\n<meta property=\"og:url\" content=\"https:\/\/firstwater.ma\/?product=aquatreat-130\" \/>\n<meta property=\"og:site_name\" content=\"Firstwater\" \/>\n<meta property=\"article:modified_time\" content=\"2024-01-08T10:38:59+00:00\" \/>\n<meta property=\"og:image\" content=\"https:\/\/firstwater.ma\/wp-content\/uploads\/2024\/01\/Aquatreat-650.jpg\" \/>\n\t<meta property=\"og:image:width\" content=\"512\" \/>\n\t<meta property=\"og:image:height\" content=\"512\" \/>\n\t<meta property=\"og:image:type\" content=\"image\/jpeg\" \/>\n<meta name=\"twitter:card\" content=\"summary_large_image\" \/>\n<meta name=\"twitter:label1\" content=\"Dur\u00e9e de lecture estim\u00e9e\" \/>\n\t<meta name=\"twitter:data1\" content=\"1 minute\" \/>\n<script type=\"application\/ld+json\" class=\"yoast-schema-graph\">{\"@context\":\"https:\\\/\\\/schema.org\",\"@graph\":[{\"@type\":\"WebPage\",\"@id\":\"https:\\\/\\\/firstwater.ma\\\/?product=aquatreat-130\",\"url\":\"https:\\\/\\\/firstwater.ma\\\/?product=aquatreat-130\",\"name\":\"Aquatreat 130 - Firstwater\",\"isPartOf\":{\"@id\":\"https:\\\/\\\/firstwater.ma\\\/#website\"},\"primaryImageOfPage\":{\"@id\":\"https:\\\/\\\/firstwater.ma\\\/?product=aquatreat-130#primaryimage\"},\"image\":{\"@id\":\"https:\\\/\\\/firstwater.ma\\\/?product=aquatreat-130#primaryimage\"},\"thumbnailUrl\":\"https:\\\/\\\/firstwater.ma\\\/wp-content\\\/uploads\\\/2024\\\/01\\\/Aquatreat-650.jpg\",\"datePublished\":\"2024-01-08T10:38:31+00:00\",\"dateModified\":\"2024-01-08T10:38:59+00:00\",\"breadcrumb\":{\"@id\":\"https:\\\/\\\/firstwater.ma\\\/?product=aquatreat-130#breadcrumb\"},\"inLanguage\":\"fr-FR\",\"potentialAction\":[{\"@type\":\"ReadAction\",\"target\":[\"https:\\\/\\\/firstwater.ma\\\/?product=aquatreat-130\"]}]},{\"@type\":\"ImageObject\",\"inLanguage\":\"fr-FR\",\"@id\":\"https:\\\/\\\/firstwater.ma\\\/?product=aquatreat-130#primaryimage\",\"url\":\"https:\\\/\\\/firstwater.ma\\\/wp-content\\\/uploads\\\/2024\\\/01\\\/Aquatreat-650.jpg\",\"contentUrl\":\"https:\\\/\\\/firstwater.ma\\\/wp-content\\\/uploads\\\/2024\\\/01\\\/Aquatreat-650.jpg\",\"width\":512,\"height\":512},{\"@type\":\"BreadcrumbList\",\"@id\":\"https:\\\/\\\/firstwater.ma\\\/?product=aquatreat-130#breadcrumb\",\"itemListElement\":[{\"@type\":\"ListItem\",\"position\":1,\"name\":\"Accueil\",\"item\":\"https:\\\/\\\/firstwater.ma\\\/\"},{\"@type\":\"ListItem\",\"position\":2,\"name\":\"Boutique\",\"item\":\"https:\\\/\\\/firstwater.ma\\\/?page_id=8\"},{\"@type\":\"ListItem\",\"position\":3,\"name\":\"Aquatreat 130\"}]},{\"@type\":\"WebSite\",\"@id\":\"https:\\\/\\\/firstwater.ma\\\/#website\",\"url\":\"https:\\\/\\\/firstwater.ma\\\/\",\"name\":\"Firstwater\",\"description\":\"\",\"publisher\":{\"@id\":\"https:\\\/\\\/firstwater.ma\\\/#organization\"},\"potentialAction\":[{\"@type\":\"SearchAction\",\"target\":{\"@type\":\"EntryPoint\",\"urlTemplate\":\"https:\\\/\\\/firstwater.ma\\\/?s={search_term_string}\"},\"query-input\":{\"@type\":\"PropertyValueSpecification\",\"valueRequired\":true,\"valueName\":\"search_term_string\"}}],\"inLanguage\":\"fr-FR\"},{\"@type\":\"Organization\",\"@id\":\"https:\\\/\\\/firstwater.ma\\\/#organization\",\"name\":\"Firstwater\",\"url\":\"https:\\\/\\\/firstwater.ma\\\/\",\"logo\":{\"@type\":\"ImageObject\",\"inLanguage\":\"fr-FR\",\"@id\":\"https:\\\/\\\/firstwater.ma\\\/#\\\/schema\\\/logo\\\/image\\\/\",\"url\":\"https:\\\/\\\/firstwater.ma\\\/wp-content\\\/uploads\\\/2024\\\/01\\\/cropped-first-water-2-130x70-2.png\",\"contentUrl\":\"https:\\\/\\\/firstwater.ma\\\/wp-content\\\/uploads\\\/2024\\\/01\\\/cropped-first-water-2-130x70-2.png\",\"width\":130,\"height\":70,\"caption\":\"Firstwater\"},\"image\":{\"@id\":\"https:\\\/\\\/firstwater.ma\\\/#\\\/schema\\\/logo\\\/image\\\/\"}}]}<\/script>\n<!-- \/ Yoast SEO plugin. -->","yoast_head_json":{"title":"Aquatreat 130 - Firstwater","robots":{"index":"index","follow":"follow","max-snippet":"max-snippet:-1","max-image-preview":"max-image-preview:large","max-video-preview":"max-video-preview:-1"},"canonical":"https:\/\/firstwater.ma\/?product=aquatreat-130","og_locale":"fr_FR","og_type":"article","og_title":"Aquatreat 130 - Firstwater","og_description":"'- AQUATREAT 130 est un inhibiteur de corrosion liquide pour la protection des m\u00e9taux dans des circuits ferm\u00e9s d'eau froide et d'eau chaude. ( chauffage , eau glac\u00e9e, eau glycol\u00e9e ).  - AQUATREAT 130 est appliqu\u00e9 pour la protection de tous m\u00e9taux dans des conditions extr\u00eames de pH, de temp\u00e9rature, et de qualit\u00e9 d\u2019eau.  - AQUATREAT 130 ne contient ni de m\u00e9taux lourds ni de phosphates.","og_url":"https:\/\/firstwater.ma\/?product=aquatreat-130","og_site_name":"Firstwater","article_modified_time":"2024-01-08T10:38:59+00:00","og_image":[{"width":512,"height":512,"url":"https:\/\/firstwater.ma\/wp-content\/uploads\/2024\/01\/Aquatreat-650.jpg","type":"image\/jpeg"}],"twitter_card":"summary_large_image","twitter_misc":{"Dur\u00e9e de lecture estim\u00e9e":"1 minute"},"schema":{"@context":"https:\/\/schema.org","@graph":[{"@type":"WebPage","@id":"https:\/\/firstwater.ma\/?product=aquatreat-130","url":"https:\/\/firstwater.ma\/?product=aquatreat-130","name":"Aquatreat 130 - Firstwater","isPartOf":{"@id":"https:\/\/firstwater.ma\/#website"},"primaryImageOfPage":{"@id":"https:\/\/firstwater.ma\/?product=aquatreat-130#primaryimage"},"image":{"@id":"https:\/\/firstwater.ma\/?product=aquatreat-130#primaryimage"},"thumbnailUrl":"https:\/\/firstwater.ma\/wp-content\/uploads\/2024\/01\/Aquatreat-650.jpg","datePublished":"2024-01-08T10:38:31+00:00","dateModified":"2024-01-08T10:38:59+00:00","breadcrumb":{"@id":"https:\/\/firstwater.ma\/?product=aquatreat-130#breadcrumb"},"inLanguage":"fr-FR","potentialAction":[{"@type":"ReadAction","target":["https:\/\/firstwater.ma\/?product=aquatreat-130"]}]},{"@type":"ImageObject","inLanguage":"fr-FR","@id":"https:\/\/firstwater.ma\/?product=aquatreat-130#primaryimage","url":"https:\/\/firstwater.ma\/wp-content\/uploads\/2024\/01\/Aquatreat-650.jpg","contentUrl":"https:\/\/firstwater.ma\/wp-content\/uploads\/2024\/01\/Aquatreat-650.jpg","width":512,"height":512},{"@type":"BreadcrumbList","@id":"https:\/\/firstwater.ma\/?product=aquatreat-130#breadcrumb","itemListElement":[{"@type":"ListItem","position":1,"name":"Accueil","item":"https:\/\/firstwater.ma\/"},{"@type":"ListItem","position":2,"name":"Boutique","item":"https:\/\/firstwater.ma\/?page_id=8"},{"@type":"ListItem","position":3,"name":"Aquatreat 130"}]},{"@type":"WebSite","@id":"https:\/\/firstwater.ma\/#website","url":"https:\/\/firstwater.ma\/","name":"Firstwater","description":"","publisher":{"@id":"https:\/\/firstwater.ma\/#organization"},"potentialAction":[{"@type":"SearchAction","target":{"@type":"EntryPoint","urlTemplate":"https:\/\/firstwater.ma\/?s={search_term_string}"},"query-input":{"@type":"PropertyValueSpecification","valueRequired":true,"valueName":"search_term_string"}}],"inLanguage":"fr-FR"},{"@type":"Organization","@id":"https:\/\/firstwater.ma\/#organization","name":"Firstwater","url":"https:\/\/firstwater.ma\/","logo":{"@type":"ImageObject","inLanguage":"fr-FR","@id":"https:\/\/firstwater.ma\/#\/schema\/logo\/image\/","url":"https:\/\/firstwater.ma\/wp-content\/uploads\/2024\/01\/cropped-first-water-2-130x70-2.png","contentUrl":"https:\/\/firstwater.ma\/wp-content\/uploads\/2024\/01\/cropped-first-water-2-130x70-2.png","width":130,"height":70,"caption":"Firstwater"},"image":{"@id":"https:\/\/firstwater.ma\/#\/schema\/logo\/image\/"}}]}},"_links":{"self":[{"href":"https:\/\/firstwater.ma\/index.php?rest_route=\/wp\/v2\/product\/5018","targetHints":{"allow":["GET"]}}],"collection":[{"href":"https:\/\/firstwater.ma\/index.php?rest_route=\/wp\/v2\/product"}],"about":[{"href":"https:\/\/firstwater.ma\/index.php?rest_route=\/wp\/v2\/types\/product"}],"version-history":[{"count":1,"href":"https:\/\/firstwater.ma\/index.php?rest_route=\/wp\/v2\/product\/5018\/revisions"}],"predecessor-version":[{"id":5077,"href":"https:\/\/firstwater.ma\/index.php?rest_route=\/wp\/v2\/product\/5018\/revisions\/5077"}],"wp:featuredmedia":[{"embeddable":true,"href":"https:\/\/firstwater.ma\/index.php?rest_route=\/wp\/v2\/media\/5074"}],"wp:attachment":[{"href":"https:\/\/firstwater.ma\/index.php?rest_route=%2Fwp%2Fv2%2Fmedia&parent=5018"}],"wp:term":[{"taxonomy":"product_cat","embeddable":true,"href":"https:\/\/firstwater.ma\/index.php?rest_route=%2Fwp%2Fv2%2Fproduct_cat&post=5018"},{"taxonomy":"product_tag","embeddable":true,"href":"https:\/\/firstwater.ma\/index.php?rest_route=%2Fwp%2Fv2%2Fproduct_tag&post=5018"}],"curies":[{"name":"wp","href":"https:\/\/api.w.org\/{rel}","templated":true}]}}