{"id":5019,"date":"2024-01-08T11:38:31","date_gmt":"2024-01-08T10:38:31","guid":{"rendered":"https:\/\/firstwater.ma\/?post_type=product&#038;p=5019"},"modified":"2024-01-08T11:38:59","modified_gmt":"2024-01-08T10:38:59","slug":"aquatreat-202","status":"publish","type":"product","link":"https:\/\/firstwater.ma\/?product=aquatreat-202","title":{"rendered":"Aquatreat 202"},"content":{"rendered":"<ul>\n<li>AQUATREAT 202 est un produit antitartre et anticorrosion.<\/li>\n<li>AQUATREAT 202 est particuli\u00e8rement con\u00e7u pour traiter les d\u00e9p\u00f4ts ou emp\u00eacher la formation de carbonate de calcium, de sulfate de calcium, d\u2019hydroxyde de magn\u00e9sium, d\u2019oxyde de fer, de phosphates et de silicates.<\/li>\n<li>AQUATREAT 202 peut \u00eatre appliqu\u00e9 dans les circuits ouverts \u00e0 recirculation, les circuits ouverts et tous les autres syst\u00e8mes contenant les d\u00e9p\u00f4ts ci-dessus.<\/li>\n<li>AQUATREAT 202 peut s\u2019 utiliser comme seul produit de traitement.<\/li>\n<\/ul>\n<p>\u00a0<\/p>\n<h4>CARACTERISTIQUES<\/h4>\n<p>Aspect : liquide jaune. pH : 4,5 \u00b1 1,0 Densit\u00e9 : 1,08 \u00b1 0,02 Solubilit\u00e9 dans l\u2019eau : infinie. MODE<\/p>\n<p>\u00a0<\/p>\n<h4>D\u2019EMPLOI ET DOSAGE<\/h4>\n<ul>\n<li>Pour les circuits ouverts \u00e0 recirculation, nous conseillons une dose de 10 \u00e0 50 mg\/l sur l\u2019eau d\u2019appoint.<\/li>\n<li>Pour les circuits ouverts, une dose de 2 \u00e0 10 mg\/l suffit pour \u00e9viter la formation de d\u00e9p\u00f4ts.<\/li>\n<li>AQUATREAT 202 est efficace pour des valeurs de pH comprises entre 1 et 12 et pour des temp\u00e9ratures sup\u00e9rieures \u00e0 100\u00b0 C.<\/li>\n<\/ul>\n","protected":false},"excerpt":{"rendered":"<p>AQUATREAT 202 est un produit liquide compos\u00e9 de stabilisants de sels de duret\u00e9, de polym\u00e8res et d&rsquo;agents mouillants.<\/p>\n","protected":false},"featured_media":5074,"template":"","meta":[],"product_cat":[97,82,99],"product_tag":[],"class_list":{"0":"post-5019","1":"product","2":"type-product","3":"status-publish","4":"has-post-thumbnail","6":"product_cat-desinfection","7":"product_cat-industriel","8":"product_cat-produit-de-traitement","10":"first","11":"instock","12":"shipping-taxable","13":"product-type-simple","14":"col-xs-6 col-sm-4","15":"col-md-3 col-lg-3","16":"un-4-cols"},"yoast_head":"<!-- This site is optimized with the Yoast SEO plugin v27.5 - https:\/\/yoast.com\/product\/yoast-seo-wordpress\/ -->\n<title>Aquatreat 202 - Firstwater<\/title>\n<meta name=\"robots\" content=\"index, follow, max-snippet:-1, max-image-preview:large, max-video-preview:-1\" \/>\n<link rel=\"canonical\" href=\"https:\/\/firstwater.ma\/?product=aquatreat-202\" \/>\n<meta property=\"og:locale\" content=\"fr_FR\" \/>\n<meta property=\"og:type\" content=\"article\" \/>\n<meta property=\"og:title\" content=\"Aquatreat 202 - Firstwater\" \/>\n<meta property=\"og:description\" content=\"AQUATREAT 202 est un produit liquide compos\u00e9 de stabilisants de sels de duret\u00e9, de polym\u00e8res et d&#039;agents mouillants.\" \/>\n<meta property=\"og:url\" content=\"https:\/\/firstwater.ma\/?product=aquatreat-202\" \/>\n<meta property=\"og:site_name\" content=\"Firstwater\" \/>\n<meta property=\"article:modified_time\" content=\"2024-01-08T10:38:59+00:00\" \/>\n<meta property=\"og:image\" content=\"https:\/\/firstwater.ma\/wp-content\/uploads\/2024\/01\/Aquatreat-650.jpg\" \/>\n\t<meta property=\"og:image:width\" content=\"512\" \/>\n\t<meta property=\"og:image:height\" content=\"512\" \/>\n\t<meta property=\"og:image:type\" content=\"image\/jpeg\" \/>\n<meta name=\"twitter:card\" content=\"summary_large_image\" \/>\n<meta name=\"twitter:label1\" content=\"Dur\u00e9e de lecture estim\u00e9e\" \/>\n\t<meta name=\"twitter:data1\" content=\"1 minute\" \/>\n<script type=\"application\/ld+json\" class=\"yoast-schema-graph\">{\"@context\":\"https:\\\/\\\/schema.org\",\"@graph\":[{\"@type\":\"WebPage\",\"@id\":\"https:\\\/\\\/firstwater.ma\\\/?product=aquatreat-202\",\"url\":\"https:\\\/\\\/firstwater.ma\\\/?product=aquatreat-202\",\"name\":\"Aquatreat 202 - Firstwater\",\"isPartOf\":{\"@id\":\"https:\\\/\\\/firstwater.ma\\\/#website\"},\"primaryImageOfPage\":{\"@id\":\"https:\\\/\\\/firstwater.ma\\\/?product=aquatreat-202#primaryimage\"},\"image\":{\"@id\":\"https:\\\/\\\/firstwater.ma\\\/?product=aquatreat-202#primaryimage\"},\"thumbnailUrl\":\"https:\\\/\\\/firstwater.ma\\\/wp-content\\\/uploads\\\/2024\\\/01\\\/Aquatreat-650.jpg\",\"datePublished\":\"2024-01-08T10:38:31+00:00\",\"dateModified\":\"2024-01-08T10:38:59+00:00\",\"breadcrumb\":{\"@id\":\"https:\\\/\\\/firstwater.ma\\\/?product=aquatreat-202#breadcrumb\"},\"inLanguage\":\"fr-FR\",\"potentialAction\":[{\"@type\":\"ReadAction\",\"target\":[\"https:\\\/\\\/firstwater.ma\\\/?product=aquatreat-202\"]}]},{\"@type\":\"ImageObject\",\"inLanguage\":\"fr-FR\",\"@id\":\"https:\\\/\\\/firstwater.ma\\\/?product=aquatreat-202#primaryimage\",\"url\":\"https:\\\/\\\/firstwater.ma\\\/wp-content\\\/uploads\\\/2024\\\/01\\\/Aquatreat-650.jpg\",\"contentUrl\":\"https:\\\/\\\/firstwater.ma\\\/wp-content\\\/uploads\\\/2024\\\/01\\\/Aquatreat-650.jpg\",\"width\":512,\"height\":512},{\"@type\":\"BreadcrumbList\",\"@id\":\"https:\\\/\\\/firstwater.ma\\\/?product=aquatreat-202#breadcrumb\",\"itemListElement\":[{\"@type\":\"ListItem\",\"position\":1,\"name\":\"Accueil\",\"item\":\"https:\\\/\\\/firstwater.ma\\\/\"},{\"@type\":\"ListItem\",\"position\":2,\"name\":\"Boutique\",\"item\":\"https:\\\/\\\/firstwater.ma\\\/?page_id=8\"},{\"@type\":\"ListItem\",\"position\":3,\"name\":\"Aquatreat 202\"}]},{\"@type\":\"WebSite\",\"@id\":\"https:\\\/\\\/firstwater.ma\\\/#website\",\"url\":\"https:\\\/\\\/firstwater.ma\\\/\",\"name\":\"Firstwater\",\"description\":\"\",\"publisher\":{\"@id\":\"https:\\\/\\\/firstwater.ma\\\/#organization\"},\"potentialAction\":[{\"@type\":\"SearchAction\",\"target\":{\"@type\":\"EntryPoint\",\"urlTemplate\":\"https:\\\/\\\/firstwater.ma\\\/?s={search_term_string}\"},\"query-input\":{\"@type\":\"PropertyValueSpecification\",\"valueRequired\":true,\"valueName\":\"search_term_string\"}}],\"inLanguage\":\"fr-FR\"},{\"@type\":\"Organization\",\"@id\":\"https:\\\/\\\/firstwater.ma\\\/#organization\",\"name\":\"Firstwater\",\"url\":\"https:\\\/\\\/firstwater.ma\\\/\",\"logo\":{\"@type\":\"ImageObject\",\"inLanguage\":\"fr-FR\",\"@id\":\"https:\\\/\\\/firstwater.ma\\\/#\\\/schema\\\/logo\\\/image\\\/\",\"url\":\"https:\\\/\\\/firstwater.ma\\\/wp-content\\\/uploads\\\/2024\\\/01\\\/cropped-first-water-2-130x70-2.png\",\"contentUrl\":\"https:\\\/\\\/firstwater.ma\\\/wp-content\\\/uploads\\\/2024\\\/01\\\/cropped-first-water-2-130x70-2.png\",\"width\":130,\"height\":70,\"caption\":\"Firstwater\"},\"image\":{\"@id\":\"https:\\\/\\\/firstwater.ma\\\/#\\\/schema\\\/logo\\\/image\\\/\"}}]}<\/script>\n<!-- \/ Yoast SEO plugin. -->","yoast_head_json":{"title":"Aquatreat 202 - Firstwater","robots":{"index":"index","follow":"follow","max-snippet":"max-snippet:-1","max-image-preview":"max-image-preview:large","max-video-preview":"max-video-preview:-1"},"canonical":"https:\/\/firstwater.ma\/?product=aquatreat-202","og_locale":"fr_FR","og_type":"article","og_title":"Aquatreat 202 - Firstwater","og_description":"AQUATREAT 202 est un produit liquide compos\u00e9 de stabilisants de sels de duret\u00e9, de polym\u00e8res et d'agents mouillants.","og_url":"https:\/\/firstwater.ma\/?product=aquatreat-202","og_site_name":"Firstwater","article_modified_time":"2024-01-08T10:38:59+00:00","og_image":[{"width":512,"height":512,"url":"https:\/\/firstwater.ma\/wp-content\/uploads\/2024\/01\/Aquatreat-650.jpg","type":"image\/jpeg"}],"twitter_card":"summary_large_image","twitter_misc":{"Dur\u00e9e de lecture estim\u00e9e":"1 minute"},"schema":{"@context":"https:\/\/schema.org","@graph":[{"@type":"WebPage","@id":"https:\/\/firstwater.ma\/?product=aquatreat-202","url":"https:\/\/firstwater.ma\/?product=aquatreat-202","name":"Aquatreat 202 - Firstwater","isPartOf":{"@id":"https:\/\/firstwater.ma\/#website"},"primaryImageOfPage":{"@id":"https:\/\/firstwater.ma\/?product=aquatreat-202#primaryimage"},"image":{"@id":"https:\/\/firstwater.ma\/?product=aquatreat-202#primaryimage"},"thumbnailUrl":"https:\/\/firstwater.ma\/wp-content\/uploads\/2024\/01\/Aquatreat-650.jpg","datePublished":"2024-01-08T10:38:31+00:00","dateModified":"2024-01-08T10:38:59+00:00","breadcrumb":{"@id":"https:\/\/firstwater.ma\/?product=aquatreat-202#breadcrumb"},"inLanguage":"fr-FR","potentialAction":[{"@type":"ReadAction","target":["https:\/\/firstwater.ma\/?product=aquatreat-202"]}]},{"@type":"ImageObject","inLanguage":"fr-FR","@id":"https:\/\/firstwater.ma\/?product=aquatreat-202#primaryimage","url":"https:\/\/firstwater.ma\/wp-content\/uploads\/2024\/01\/Aquatreat-650.jpg","contentUrl":"https:\/\/firstwater.ma\/wp-content\/uploads\/2024\/01\/Aquatreat-650.jpg","width":512,"height":512},{"@type":"BreadcrumbList","@id":"https:\/\/firstwater.ma\/?product=aquatreat-202#breadcrumb","itemListElement":[{"@type":"ListItem","position":1,"name":"Accueil","item":"https:\/\/firstwater.ma\/"},{"@type":"ListItem","position":2,"name":"Boutique","item":"https:\/\/firstwater.ma\/?page_id=8"},{"@type":"ListItem","position":3,"name":"Aquatreat 202"}]},{"@type":"WebSite","@id":"https:\/\/firstwater.ma\/#website","url":"https:\/\/firstwater.ma\/","name":"Firstwater","description":"","publisher":{"@id":"https:\/\/firstwater.ma\/#organization"},"potentialAction":[{"@type":"SearchAction","target":{"@type":"EntryPoint","urlTemplate":"https:\/\/firstwater.ma\/?s={search_term_string}"},"query-input":{"@type":"PropertyValueSpecification","valueRequired":true,"valueName":"search_term_string"}}],"inLanguage":"fr-FR"},{"@type":"Organization","@id":"https:\/\/firstwater.ma\/#organization","name":"Firstwater","url":"https:\/\/firstwater.ma\/","logo":{"@type":"ImageObject","inLanguage":"fr-FR","@id":"https:\/\/firstwater.ma\/#\/schema\/logo\/image\/","url":"https:\/\/firstwater.ma\/wp-content\/uploads\/2024\/01\/cropped-first-water-2-130x70-2.png","contentUrl":"https:\/\/firstwater.ma\/wp-content\/uploads\/2024\/01\/cropped-first-water-2-130x70-2.png","width":130,"height":70,"caption":"Firstwater"},"image":{"@id":"https:\/\/firstwater.ma\/#\/schema\/logo\/image\/"}}]}},"_links":{"self":[{"href":"https:\/\/firstwater.ma\/index.php?rest_route=\/wp\/v2\/product\/5019","targetHints":{"allow":["GET"]}}],"collection":[{"href":"https:\/\/firstwater.ma\/index.php?rest_route=\/wp\/v2\/product"}],"about":[{"href":"https:\/\/firstwater.ma\/index.php?rest_route=\/wp\/v2\/types\/product"}],"version-history":[{"count":1,"href":"https:\/\/firstwater.ma\/index.php?rest_route=\/wp\/v2\/product\/5019\/revisions"}],"predecessor-version":[{"id":5078,"href":"https:\/\/firstwater.ma\/index.php?rest_route=\/wp\/v2\/product\/5019\/revisions\/5078"}],"wp:featuredmedia":[{"embeddable":true,"href":"https:\/\/firstwater.ma\/index.php?rest_route=\/wp\/v2\/media\/5074"}],"wp:attachment":[{"href":"https:\/\/firstwater.ma\/index.php?rest_route=%2Fwp%2Fv2%2Fmedia&parent=5019"}],"wp:term":[{"taxonomy":"product_cat","embeddable":true,"href":"https:\/\/firstwater.ma\/index.php?rest_route=%2Fwp%2Fv2%2Fproduct_cat&post=5019"},{"taxonomy":"product_tag","embeddable":true,"href":"https:\/\/firstwater.ma\/index.php?rest_route=%2Fwp%2Fv2%2Fproduct_tag&post=5019"}],"curies":[{"name":"wp","href":"https:\/\/api.w.org\/{rel}","templated":true}]}}