{"id":5024,"date":"2024-01-08T11:38:31","date_gmt":"2024-01-08T10:38:31","guid":{"rendered":"https:\/\/firstwater.ma\/?post_type=product&#038;p=5024"},"modified":"2024-01-08T11:39:03","modified_gmt":"2024-01-08T10:39:03","slug":"bouche-de-refoulement-reglable","status":"publish","type":"product","link":"https:\/\/firstwater.ma\/?product=bouche-de-refoulement-reglable","title":{"rendered":"Bouche de refoulement r\u00e9glable"},"content":{"rendered":"","protected":false},"excerpt":{"rendered":"<p>Une fois l&rsquo;eau filtr\u00e9e, elle doit retourner dans la piscine. C&rsquo;est le r\u00f4le de la buse de refoulement !<br \/>\nLes buses de refoulement renvoient donc l&rsquo;eau depuis la filtration, en cr\u00e9ant un courant dans le bassin<\/p>\n<ul>\n<li>Buse de refoulement r\u00e9glable pour piscines en b\u00e9ton \u00e0 d\u00e9bordement<\/li>\n<li>Enti\u00e8rement fabriqu\u00e9e en ABS inalt\u00e9rable<\/li>\n<li>Raccordement par filetage en 2&Prime;<\/li>\n<\/ul>\n","protected":false},"featured_media":5087,"template":"","meta":[],"product_cat":[93,88],"product_tag":[],"class_list":{"0":"post-5024","1":"product","2":"type-product","3":"status-publish","4":"has-post-thumbnail","6":"product_cat-piece-a-sceller","7":"product_cat-piscines","9":"first","10":"instock","11":"shipping-taxable","12":"product-type-simple","13":"col-xs-6 col-sm-4","14":"col-md-3 col-lg-3","15":"un-4-cols"},"yoast_head":"<!-- This site is optimized with the Yoast SEO plugin v27.5 - https:\/\/yoast.com\/product\/yoast-seo-wordpress\/ -->\n<title>Bouche de refoulement r\u00e9glable - Firstwater<\/title>\n<meta name=\"robots\" content=\"index, follow, max-snippet:-1, max-image-preview:large, max-video-preview:-1\" \/>\n<link rel=\"canonical\" href=\"https:\/\/firstwater.ma\/?product=bouche-de-refoulement-reglable\" \/>\n<meta property=\"og:locale\" content=\"fr_FR\" \/>\n<meta property=\"og:type\" content=\"article\" \/>\n<meta property=\"og:title\" content=\"Bouche de refoulement r\u00e9glable - Firstwater\" \/>\n<meta property=\"og:description\" content=\"Une fois l&#039;eau filtr\u00e9e, elle doit retourner dans la piscine. C&#039;est le r\u00f4le de la buse de refoulement ! Les buses de refoulement renvoient donc l&#039;eau depuis la filtration, en cr\u00e9ant un courant dans le bassin   Buse de refoulement r\u00e9glable pour piscines en b\u00e9ton \u00e0 d\u00e9bordement  Enti\u00e8rement fabriqu\u00e9e en ABS inalt\u00e9rable  Raccordement par filetage en 2&quot;\" \/>\n<meta property=\"og:url\" content=\"https:\/\/firstwater.ma\/?product=bouche-de-refoulement-reglable\" \/>\n<meta property=\"og:site_name\" content=\"Firstwater\" \/>\n<meta property=\"article:modified_time\" content=\"2024-01-08T10:39:03+00:00\" \/>\n<meta property=\"og:image\" content=\"https:\/\/firstwater.ma\/wp-content\/uploads\/2024\/01\/bouche-refoulement-reglable.jpg\" \/>\n\t<meta property=\"og:image:width\" content=\"600\" \/>\n\t<meta property=\"og:image:height\" content=\"600\" \/>\n\t<meta property=\"og:image:type\" content=\"image\/jpeg\" \/>\n<meta name=\"twitter:card\" content=\"summary_large_image\" \/>\n<script type=\"application\/ld+json\" class=\"yoast-schema-graph\">{\"@context\":\"https:\\\/\\\/schema.org\",\"@graph\":[{\"@type\":\"WebPage\",\"@id\":\"https:\\\/\\\/firstwater.ma\\\/?product=bouche-de-refoulement-reglable\",\"url\":\"https:\\\/\\\/firstwater.ma\\\/?product=bouche-de-refoulement-reglable\",\"name\":\"Bouche de refoulement r\u00e9glable - Firstwater\",\"isPartOf\":{\"@id\":\"https:\\\/\\\/firstwater.ma\\\/#website\"},\"primaryImageOfPage\":{\"@id\":\"https:\\\/\\\/firstwater.ma\\\/?product=bouche-de-refoulement-reglable#primaryimage\"},\"image\":{\"@id\":\"https:\\\/\\\/firstwater.ma\\\/?product=bouche-de-refoulement-reglable#primaryimage\"},\"thumbnailUrl\":\"https:\\\/\\\/firstwater.ma\\\/wp-content\\\/uploads\\\/2024\\\/01\\\/bouche-refoulement-reglable.jpg\",\"datePublished\":\"2024-01-08T10:38:31+00:00\",\"dateModified\":\"2024-01-08T10:39:03+00:00\",\"breadcrumb\":{\"@id\":\"https:\\\/\\\/firstwater.ma\\\/?product=bouche-de-refoulement-reglable#breadcrumb\"},\"inLanguage\":\"fr-FR\",\"potentialAction\":[{\"@type\":\"ReadAction\",\"target\":[\"https:\\\/\\\/firstwater.ma\\\/?product=bouche-de-refoulement-reglable\"]}]},{\"@type\":\"ImageObject\",\"inLanguage\":\"fr-FR\",\"@id\":\"https:\\\/\\\/firstwater.ma\\\/?product=bouche-de-refoulement-reglable#primaryimage\",\"url\":\"https:\\\/\\\/firstwater.ma\\\/wp-content\\\/uploads\\\/2024\\\/01\\\/bouche-refoulement-reglable.jpg\",\"contentUrl\":\"https:\\\/\\\/firstwater.ma\\\/wp-content\\\/uploads\\\/2024\\\/01\\\/bouche-refoulement-reglable.jpg\",\"width\":600,\"height\":600},{\"@type\":\"BreadcrumbList\",\"@id\":\"https:\\\/\\\/firstwater.ma\\\/?product=bouche-de-refoulement-reglable#breadcrumb\",\"itemListElement\":[{\"@type\":\"ListItem\",\"position\":1,\"name\":\"Accueil\",\"item\":\"https:\\\/\\\/firstwater.ma\\\/\"},{\"@type\":\"ListItem\",\"position\":2,\"name\":\"Boutique\",\"item\":\"https:\\\/\\\/firstwater.ma\\\/?page_id=8\"},{\"@type\":\"ListItem\",\"position\":3,\"name\":\"Bouche de refoulement r\u00e9glable\"}]},{\"@type\":\"WebSite\",\"@id\":\"https:\\\/\\\/firstwater.ma\\\/#website\",\"url\":\"https:\\\/\\\/firstwater.ma\\\/\",\"name\":\"Firstwater\",\"description\":\"\",\"publisher\":{\"@id\":\"https:\\\/\\\/firstwater.ma\\\/#organization\"},\"potentialAction\":[{\"@type\":\"SearchAction\",\"target\":{\"@type\":\"EntryPoint\",\"urlTemplate\":\"https:\\\/\\\/firstwater.ma\\\/?s={search_term_string}\"},\"query-input\":{\"@type\":\"PropertyValueSpecification\",\"valueRequired\":true,\"valueName\":\"search_term_string\"}}],\"inLanguage\":\"fr-FR\"},{\"@type\":\"Organization\",\"@id\":\"https:\\\/\\\/firstwater.ma\\\/#organization\",\"name\":\"Firstwater\",\"url\":\"https:\\\/\\\/firstwater.ma\\\/\",\"logo\":{\"@type\":\"ImageObject\",\"inLanguage\":\"fr-FR\",\"@id\":\"https:\\\/\\\/firstwater.ma\\\/#\\\/schema\\\/logo\\\/image\\\/\",\"url\":\"https:\\\/\\\/firstwater.ma\\\/wp-content\\\/uploads\\\/2024\\\/01\\\/cropped-first-water-2-130x70-2.png\",\"contentUrl\":\"https:\\\/\\\/firstwater.ma\\\/wp-content\\\/uploads\\\/2024\\\/01\\\/cropped-first-water-2-130x70-2.png\",\"width\":130,\"height\":70,\"caption\":\"Firstwater\"},\"image\":{\"@id\":\"https:\\\/\\\/firstwater.ma\\\/#\\\/schema\\\/logo\\\/image\\\/\"}}]}<\/script>\n<!-- \/ Yoast SEO plugin. -->","yoast_head_json":{"title":"Bouche de refoulement r\u00e9glable - Firstwater","robots":{"index":"index","follow":"follow","max-snippet":"max-snippet:-1","max-image-preview":"max-image-preview:large","max-video-preview":"max-video-preview:-1"},"canonical":"https:\/\/firstwater.ma\/?product=bouche-de-refoulement-reglable","og_locale":"fr_FR","og_type":"article","og_title":"Bouche de refoulement r\u00e9glable - Firstwater","og_description":"Une fois l'eau filtr\u00e9e, elle doit retourner dans la piscine. C'est le r\u00f4le de la buse de refoulement ! Les buses de refoulement renvoient donc l'eau depuis la filtration, en cr\u00e9ant un courant dans le bassin   Buse de refoulement r\u00e9glable pour piscines en b\u00e9ton \u00e0 d\u00e9bordement  Enti\u00e8rement fabriqu\u00e9e en ABS inalt\u00e9rable  Raccordement par filetage en 2\"","og_url":"https:\/\/firstwater.ma\/?product=bouche-de-refoulement-reglable","og_site_name":"Firstwater","article_modified_time":"2024-01-08T10:39:03+00:00","og_image":[{"width":600,"height":600,"url":"https:\/\/firstwater.ma\/wp-content\/uploads\/2024\/01\/bouche-refoulement-reglable.jpg","type":"image\/jpeg"}],"twitter_card":"summary_large_image","schema":{"@context":"https:\/\/schema.org","@graph":[{"@type":"WebPage","@id":"https:\/\/firstwater.ma\/?product=bouche-de-refoulement-reglable","url":"https:\/\/firstwater.ma\/?product=bouche-de-refoulement-reglable","name":"Bouche de refoulement r\u00e9glable - Firstwater","isPartOf":{"@id":"https:\/\/firstwater.ma\/#website"},"primaryImageOfPage":{"@id":"https:\/\/firstwater.ma\/?product=bouche-de-refoulement-reglable#primaryimage"},"image":{"@id":"https:\/\/firstwater.ma\/?product=bouche-de-refoulement-reglable#primaryimage"},"thumbnailUrl":"https:\/\/firstwater.ma\/wp-content\/uploads\/2024\/01\/bouche-refoulement-reglable.jpg","datePublished":"2024-01-08T10:38:31+00:00","dateModified":"2024-01-08T10:39:03+00:00","breadcrumb":{"@id":"https:\/\/firstwater.ma\/?product=bouche-de-refoulement-reglable#breadcrumb"},"inLanguage":"fr-FR","potentialAction":[{"@type":"ReadAction","target":["https:\/\/firstwater.ma\/?product=bouche-de-refoulement-reglable"]}]},{"@type":"ImageObject","inLanguage":"fr-FR","@id":"https:\/\/firstwater.ma\/?product=bouche-de-refoulement-reglable#primaryimage","url":"https:\/\/firstwater.ma\/wp-content\/uploads\/2024\/01\/bouche-refoulement-reglable.jpg","contentUrl":"https:\/\/firstwater.ma\/wp-content\/uploads\/2024\/01\/bouche-refoulement-reglable.jpg","width":600,"height":600},{"@type":"BreadcrumbList","@id":"https:\/\/firstwater.ma\/?product=bouche-de-refoulement-reglable#breadcrumb","itemListElement":[{"@type":"ListItem","position":1,"name":"Accueil","item":"https:\/\/firstwater.ma\/"},{"@type":"ListItem","position":2,"name":"Boutique","item":"https:\/\/firstwater.ma\/?page_id=8"},{"@type":"ListItem","position":3,"name":"Bouche de refoulement r\u00e9glable"}]},{"@type":"WebSite","@id":"https:\/\/firstwater.ma\/#website","url":"https:\/\/firstwater.ma\/","name":"Firstwater","description":"","publisher":{"@id":"https:\/\/firstwater.ma\/#organization"},"potentialAction":[{"@type":"SearchAction","target":{"@type":"EntryPoint","urlTemplate":"https:\/\/firstwater.ma\/?s={search_term_string}"},"query-input":{"@type":"PropertyValueSpecification","valueRequired":true,"valueName":"search_term_string"}}],"inLanguage":"fr-FR"},{"@type":"Organization","@id":"https:\/\/firstwater.ma\/#organization","name":"Firstwater","url":"https:\/\/firstwater.ma\/","logo":{"@type":"ImageObject","inLanguage":"fr-FR","@id":"https:\/\/firstwater.ma\/#\/schema\/logo\/image\/","url":"https:\/\/firstwater.ma\/wp-content\/uploads\/2024\/01\/cropped-first-water-2-130x70-2.png","contentUrl":"https:\/\/firstwater.ma\/wp-content\/uploads\/2024\/01\/cropped-first-water-2-130x70-2.png","width":130,"height":70,"caption":"Firstwater"},"image":{"@id":"https:\/\/firstwater.ma\/#\/schema\/logo\/image\/"}}]}},"_links":{"self":[{"href":"https:\/\/firstwater.ma\/index.php?rest_route=\/wp\/v2\/product\/5024","targetHints":{"allow":["GET"]}}],"collection":[{"href":"https:\/\/firstwater.ma\/index.php?rest_route=\/wp\/v2\/product"}],"about":[{"href":"https:\/\/firstwater.ma\/index.php?rest_route=\/wp\/v2\/types\/product"}],"version-history":[{"count":1,"href":"https:\/\/firstwater.ma\/index.php?rest_route=\/wp\/v2\/product\/5024\/revisions"}],"predecessor-version":[{"id":5088,"href":"https:\/\/firstwater.ma\/index.php?rest_route=\/wp\/v2\/product\/5024\/revisions\/5088"}],"wp:featuredmedia":[{"embeddable":true,"href":"https:\/\/firstwater.ma\/index.php?rest_route=\/wp\/v2\/media\/5087"}],"wp:attachment":[{"href":"https:\/\/firstwater.ma\/index.php?rest_route=%2Fwp%2Fv2%2Fmedia&parent=5024"}],"wp:term":[{"taxonomy":"product_cat","embeddable":true,"href":"https:\/\/firstwater.ma\/index.php?rest_route=%2Fwp%2Fv2%2Fproduct_cat&post=5024"},{"taxonomy":"product_tag","embeddable":true,"href":"https:\/\/firstwater.ma\/index.php?rest_route=%2Fwp%2Fv2%2Fproduct_tag&post=5024"}],"curies":[{"name":"wp","href":"https:\/\/api.w.org\/{rel}","templated":true}]}}