{"id":5025,"date":"2024-01-08T11:38:31","date_gmt":"2024-01-08T10:38:31","guid":{"rendered":"https:\/\/firstwater.ma\/?post_type=product&#038;p=5025"},"modified":"2024-01-08T11:39:04","modified_gmt":"2024-01-08T10:39:04","slug":"bouche-contre-courant-avec-pompe","status":"publish","type":"product","link":"https:\/\/firstwater.ma\/?product=bouche-contre-courant-avec-pompe","title":{"rendered":"Bouche contre courant avec pompe"},"content":{"rendered":"","protected":false},"excerpt":{"rendered":"<h2>Fa\u00e7ade de nage \u00e0 contre courant<\/h2>\n<p>Avec la nage \u00e0 contre-courant, la piscine s&rsquo;anime et se transforme en bassin de nage ludique. La puissance du jet vous permettra de vous exercer \u00e0 la natation dans un petit bassin.<\/p>\n<h2>Description<\/h2>\n<ul>\n<li>Buse enti\u00e8rement fabriqu\u00e9e en ABS couleur blanche r\u00e9sistant aux UVA et aux agressions des produits chimiques habituellement utilis\u00e9s dans la piscine.<\/li>\n<li>Avec jet orientable.<\/li>\n<li>Les mod\u00e8les A-033, A-034 et A-035, sont \u00e9quipes de r\u00e9gulation du d\u00e9bit d\u2019eau, contr\u00f4le de flux d\u2019aire et bouton pneumatique pour d\u00e9marrage de la pompe.<\/li>\n<\/ul>\n<h2>Pompe centrifuge pour nage \u00e0 contre courant.<\/h2>\n<p>Versions de 3,0CV jusqu\u2019\u00e0 5,5CV.<\/p>\n<h2>Description<\/h2>\n<ul>\n<li>Pompe centrifuge de grand d\u00e9bit.<\/li>\n<li>Corps de pompe fabriqu\u00e9 en polypropyl\u00e8ne renforc\u00e9 avec fibre de verre, r\u00e9sistant aux produits chimiques de la piscine, ce qui garantie une excellent dur\u00e9e.<\/li>\n<li>Turbine en Noryl.<\/li>\n<li>Arbre du moteur fabriqu\u00e9 en acier inoxydable AISI 316L.<\/li>\n<li>Moteurs monophas\u00e9s de 3 CV \u00e0 230V-50Hz, ou bien moteurs triphas\u00e9s de 3 CV, 4CV ou 5,5CV \u00e0 230\/400V-50Hz, tous \u00e0 2.850 r.p.m. et protection IP-55.<\/li>\n<li>Possibilit\u00e9 de 60Hz sous commande.<\/li>\n<li>Connections d\u2019aspiration et refoulement \u00e0 3 \u00bd\u201d pour manchons de \u00d8 75 mm.<\/li>\n<li>Manchons inclus avec la pompe.<\/li>\n<\/ul>\n","protected":false},"featured_media":5089,"template":"","meta":[],"product_cat":[88,91],"product_tag":[],"class_list":{"0":"post-5025","1":"product","2":"type-product","3":"status-publish","4":"has-post-thumbnail","6":"product_cat-piscines","7":"product_cat-pompes","9":"first","10":"instock","11":"shipping-taxable","12":"product-type-simple","13":"col-xs-6 col-sm-4","14":"col-md-3 col-lg-3","15":"un-4-cols"},"yoast_head":"<!-- This site is optimized with the Yoast SEO plugin v27.5 - https:\/\/yoast.com\/product\/yoast-seo-wordpress\/ -->\n<title>Bouche contre courant avec pompe - Firstwater<\/title>\n<meta name=\"robots\" content=\"index, follow, max-snippet:-1, max-image-preview:large, max-video-preview:-1\" \/>\n<link rel=\"canonical\" href=\"https:\/\/firstwater.ma\/?product=bouche-contre-courant-avec-pompe\" \/>\n<meta property=\"og:locale\" content=\"fr_FR\" \/>\n<meta property=\"og:type\" content=\"article\" \/>\n<meta property=\"og:title\" content=\"Bouche contre courant avec pompe - Firstwater\" \/>\n<meta property=\"og:description\" content=\"Fa\u00e7ade de nage \u00e0 contre courant Avec la nage \u00e0 contre-courant, la piscine s&#039;anime et se transforme en bassin de nage ludique. La puissance du jet vous permettra de vous exercer \u00e0 la natation dans un petit bassin. Description   Buse enti\u00e8rement fabriqu\u00e9e en ABS couleur blanche r\u00e9sistant aux UVA et aux agressions des produits chimiques habituellement utilis\u00e9s dans la piscine.  Avec jet orientable.  Les mod\u00e8les A-033, A-034 et A-035, sont \u00e9quipes de r\u00e9gulation du d\u00e9bit d\u2019eau, contr\u00f4le de flux d\u2019aire et bouton pneumatique pour d\u00e9marrage de la pompe.  Pompe centrifuge pour nage \u00e0 contre courant. Versions de 3,0CV jusqu\u2019\u00e0 5,5CV. Description   Pompe centrifuge de grand d\u00e9bit.  Corps de pompe fabriqu\u00e9 en polypropyl\u00e8ne renforc\u00e9 avec fibre de verre, r\u00e9sistant aux produits chimiques de la piscine, ce qui garantie une excellent dur\u00e9e.  Turbine en Noryl.  Arbre du moteur fabriqu\u00e9 en acier inoxydable AISI 316L.  Moteurs monophas\u00e9s de 3 CV \u00e0 230V-50Hz, ou bien moteurs triphas\u00e9s de 3 CV, 4CV ou 5,5CV \u00e0 230\/400V-50Hz, tous \u00e0 2.850 r.p.m. et protection IP-55.  Possibilit\u00e9 de 60Hz sous commande.  Connections d\u2019aspiration et refoulement \u00e0 3 \u00bd\u201d pour manchons de \u00d8 75 mm.  Manchons inclus avec la pompe.\" \/>\n<meta property=\"og:url\" content=\"https:\/\/firstwater.ma\/?product=bouche-contre-courant-avec-pompe\" \/>\n<meta property=\"og:site_name\" content=\"Firstwater\" \/>\n<meta property=\"article:modified_time\" content=\"2024-01-08T10:39:04+00:00\" \/>\n<meta property=\"og:image\" content=\"https:\/\/firstwater.ma\/wp-content\/uploads\/2024\/01\/Bouche-contre-courant-pompe.jpg\" \/>\n\t<meta property=\"og:image:width\" content=\"600\" \/>\n\t<meta property=\"og:image:height\" content=\"600\" \/>\n\t<meta property=\"og:image:type\" content=\"image\/jpeg\" \/>\n<meta name=\"twitter:card\" content=\"summary_large_image\" \/>\n<script type=\"application\/ld+json\" class=\"yoast-schema-graph\">{\"@context\":\"https:\\\/\\\/schema.org\",\"@graph\":[{\"@type\":\"WebPage\",\"@id\":\"https:\\\/\\\/firstwater.ma\\\/?product=bouche-contre-courant-avec-pompe\",\"url\":\"https:\\\/\\\/firstwater.ma\\\/?product=bouche-contre-courant-avec-pompe\",\"name\":\"Bouche contre courant avec pompe - Firstwater\",\"isPartOf\":{\"@id\":\"https:\\\/\\\/firstwater.ma\\\/#website\"},\"primaryImageOfPage\":{\"@id\":\"https:\\\/\\\/firstwater.ma\\\/?product=bouche-contre-courant-avec-pompe#primaryimage\"},\"image\":{\"@id\":\"https:\\\/\\\/firstwater.ma\\\/?product=bouche-contre-courant-avec-pompe#primaryimage\"},\"thumbnailUrl\":\"https:\\\/\\\/firstwater.ma\\\/wp-content\\\/uploads\\\/2024\\\/01\\\/Bouche-contre-courant-pompe.jpg\",\"datePublished\":\"2024-01-08T10:38:31+00:00\",\"dateModified\":\"2024-01-08T10:39:04+00:00\",\"breadcrumb\":{\"@id\":\"https:\\\/\\\/firstwater.ma\\\/?product=bouche-contre-courant-avec-pompe#breadcrumb\"},\"inLanguage\":\"fr-FR\",\"potentialAction\":[{\"@type\":\"ReadAction\",\"target\":[\"https:\\\/\\\/firstwater.ma\\\/?product=bouche-contre-courant-avec-pompe\"]}]},{\"@type\":\"ImageObject\",\"inLanguage\":\"fr-FR\",\"@id\":\"https:\\\/\\\/firstwater.ma\\\/?product=bouche-contre-courant-avec-pompe#primaryimage\",\"url\":\"https:\\\/\\\/firstwater.ma\\\/wp-content\\\/uploads\\\/2024\\\/01\\\/Bouche-contre-courant-pompe.jpg\",\"contentUrl\":\"https:\\\/\\\/firstwater.ma\\\/wp-content\\\/uploads\\\/2024\\\/01\\\/Bouche-contre-courant-pompe.jpg\",\"width\":600,\"height\":600},{\"@type\":\"BreadcrumbList\",\"@id\":\"https:\\\/\\\/firstwater.ma\\\/?product=bouche-contre-courant-avec-pompe#breadcrumb\",\"itemListElement\":[{\"@type\":\"ListItem\",\"position\":1,\"name\":\"Accueil\",\"item\":\"https:\\\/\\\/firstwater.ma\\\/\"},{\"@type\":\"ListItem\",\"position\":2,\"name\":\"Boutique\",\"item\":\"https:\\\/\\\/firstwater.ma\\\/?page_id=8\"},{\"@type\":\"ListItem\",\"position\":3,\"name\":\"Bouche contre courant avec pompe\"}]},{\"@type\":\"WebSite\",\"@id\":\"https:\\\/\\\/firstwater.ma\\\/#website\",\"url\":\"https:\\\/\\\/firstwater.ma\\\/\",\"name\":\"Firstwater\",\"description\":\"\",\"publisher\":{\"@id\":\"https:\\\/\\\/firstwater.ma\\\/#organization\"},\"potentialAction\":[{\"@type\":\"SearchAction\",\"target\":{\"@type\":\"EntryPoint\",\"urlTemplate\":\"https:\\\/\\\/firstwater.ma\\\/?s={search_term_string}\"},\"query-input\":{\"@type\":\"PropertyValueSpecification\",\"valueRequired\":true,\"valueName\":\"search_term_string\"}}],\"inLanguage\":\"fr-FR\"},{\"@type\":\"Organization\",\"@id\":\"https:\\\/\\\/firstwater.ma\\\/#organization\",\"name\":\"Firstwater\",\"url\":\"https:\\\/\\\/firstwater.ma\\\/\",\"logo\":{\"@type\":\"ImageObject\",\"inLanguage\":\"fr-FR\",\"@id\":\"https:\\\/\\\/firstwater.ma\\\/#\\\/schema\\\/logo\\\/image\\\/\",\"url\":\"https:\\\/\\\/firstwater.ma\\\/wp-content\\\/uploads\\\/2024\\\/01\\\/cropped-first-water-2-130x70-2.png\",\"contentUrl\":\"https:\\\/\\\/firstwater.ma\\\/wp-content\\\/uploads\\\/2024\\\/01\\\/cropped-first-water-2-130x70-2.png\",\"width\":130,\"height\":70,\"caption\":\"Firstwater\"},\"image\":{\"@id\":\"https:\\\/\\\/firstwater.ma\\\/#\\\/schema\\\/logo\\\/image\\\/\"}}]}<\/script>\n<!-- \/ Yoast SEO plugin. -->","yoast_head_json":{"title":"Bouche contre courant avec pompe - Firstwater","robots":{"index":"index","follow":"follow","max-snippet":"max-snippet:-1","max-image-preview":"max-image-preview:large","max-video-preview":"max-video-preview:-1"},"canonical":"https:\/\/firstwater.ma\/?product=bouche-contre-courant-avec-pompe","og_locale":"fr_FR","og_type":"article","og_title":"Bouche contre courant avec pompe - Firstwater","og_description":"Fa\u00e7ade de nage \u00e0 contre courant Avec la nage \u00e0 contre-courant, la piscine s'anime et se transforme en bassin de nage ludique. La puissance du jet vous permettra de vous exercer \u00e0 la natation dans un petit bassin. Description   Buse enti\u00e8rement fabriqu\u00e9e en ABS couleur blanche r\u00e9sistant aux UVA et aux agressions des produits chimiques habituellement utilis\u00e9s dans la piscine.  Avec jet orientable.  Les mod\u00e8les A-033, A-034 et A-035, sont \u00e9quipes de r\u00e9gulation du d\u00e9bit d\u2019eau, contr\u00f4le de flux d\u2019aire et bouton pneumatique pour d\u00e9marrage de la pompe.  Pompe centrifuge pour nage \u00e0 contre courant. Versions de 3,0CV jusqu\u2019\u00e0 5,5CV. Description   Pompe centrifuge de grand d\u00e9bit.  Corps de pompe fabriqu\u00e9 en polypropyl\u00e8ne renforc\u00e9 avec fibre de verre, r\u00e9sistant aux produits chimiques de la piscine, ce qui garantie une excellent dur\u00e9e.  Turbine en Noryl.  Arbre du moteur fabriqu\u00e9 en acier inoxydable AISI 316L.  Moteurs monophas\u00e9s de 3 CV \u00e0 230V-50Hz, ou bien moteurs triphas\u00e9s de 3 CV, 4CV ou 5,5CV \u00e0 230\/400V-50Hz, tous \u00e0 2.850 r.p.m. et protection IP-55.  Possibilit\u00e9 de 60Hz sous commande.  Connections d\u2019aspiration et refoulement \u00e0 3 \u00bd\u201d pour manchons de \u00d8 75 mm.  Manchons inclus avec la pompe.","og_url":"https:\/\/firstwater.ma\/?product=bouche-contre-courant-avec-pompe","og_site_name":"Firstwater","article_modified_time":"2024-01-08T10:39:04+00:00","og_image":[{"width":600,"height":600,"url":"https:\/\/firstwater.ma\/wp-content\/uploads\/2024\/01\/Bouche-contre-courant-pompe.jpg","type":"image\/jpeg"}],"twitter_card":"summary_large_image","schema":{"@context":"https:\/\/schema.org","@graph":[{"@type":"WebPage","@id":"https:\/\/firstwater.ma\/?product=bouche-contre-courant-avec-pompe","url":"https:\/\/firstwater.ma\/?product=bouche-contre-courant-avec-pompe","name":"Bouche contre courant avec pompe - Firstwater","isPartOf":{"@id":"https:\/\/firstwater.ma\/#website"},"primaryImageOfPage":{"@id":"https:\/\/firstwater.ma\/?product=bouche-contre-courant-avec-pompe#primaryimage"},"image":{"@id":"https:\/\/firstwater.ma\/?product=bouche-contre-courant-avec-pompe#primaryimage"},"thumbnailUrl":"https:\/\/firstwater.ma\/wp-content\/uploads\/2024\/01\/Bouche-contre-courant-pompe.jpg","datePublished":"2024-01-08T10:38:31+00:00","dateModified":"2024-01-08T10:39:04+00:00","breadcrumb":{"@id":"https:\/\/firstwater.ma\/?product=bouche-contre-courant-avec-pompe#breadcrumb"},"inLanguage":"fr-FR","potentialAction":[{"@type":"ReadAction","target":["https:\/\/firstwater.ma\/?product=bouche-contre-courant-avec-pompe"]}]},{"@type":"ImageObject","inLanguage":"fr-FR","@id":"https:\/\/firstwater.ma\/?product=bouche-contre-courant-avec-pompe#primaryimage","url":"https:\/\/firstwater.ma\/wp-content\/uploads\/2024\/01\/Bouche-contre-courant-pompe.jpg","contentUrl":"https:\/\/firstwater.ma\/wp-content\/uploads\/2024\/01\/Bouche-contre-courant-pompe.jpg","width":600,"height":600},{"@type":"BreadcrumbList","@id":"https:\/\/firstwater.ma\/?product=bouche-contre-courant-avec-pompe#breadcrumb","itemListElement":[{"@type":"ListItem","position":1,"name":"Accueil","item":"https:\/\/firstwater.ma\/"},{"@type":"ListItem","position":2,"name":"Boutique","item":"https:\/\/firstwater.ma\/?page_id=8"},{"@type":"ListItem","position":3,"name":"Bouche contre courant avec pompe"}]},{"@type":"WebSite","@id":"https:\/\/firstwater.ma\/#website","url":"https:\/\/firstwater.ma\/","name":"Firstwater","description":"","publisher":{"@id":"https:\/\/firstwater.ma\/#organization"},"potentialAction":[{"@type":"SearchAction","target":{"@type":"EntryPoint","urlTemplate":"https:\/\/firstwater.ma\/?s={search_term_string}"},"query-input":{"@type":"PropertyValueSpecification","valueRequired":true,"valueName":"search_term_string"}}],"inLanguage":"fr-FR"},{"@type":"Organization","@id":"https:\/\/firstwater.ma\/#organization","name":"Firstwater","url":"https:\/\/firstwater.ma\/","logo":{"@type":"ImageObject","inLanguage":"fr-FR","@id":"https:\/\/firstwater.ma\/#\/schema\/logo\/image\/","url":"https:\/\/firstwater.ma\/wp-content\/uploads\/2024\/01\/cropped-first-water-2-130x70-2.png","contentUrl":"https:\/\/firstwater.ma\/wp-content\/uploads\/2024\/01\/cropped-first-water-2-130x70-2.png","width":130,"height":70,"caption":"Firstwater"},"image":{"@id":"https:\/\/firstwater.ma\/#\/schema\/logo\/image\/"}}]}},"_links":{"self":[{"href":"https:\/\/firstwater.ma\/index.php?rest_route=\/wp\/v2\/product\/5025","targetHints":{"allow":["GET"]}}],"collection":[{"href":"https:\/\/firstwater.ma\/index.php?rest_route=\/wp\/v2\/product"}],"about":[{"href":"https:\/\/firstwater.ma\/index.php?rest_route=\/wp\/v2\/types\/product"}],"version-history":[{"count":1,"href":"https:\/\/firstwater.ma\/index.php?rest_route=\/wp\/v2\/product\/5025\/revisions"}],"predecessor-version":[{"id":5090,"href":"https:\/\/firstwater.ma\/index.php?rest_route=\/wp\/v2\/product\/5025\/revisions\/5090"}],"wp:featuredmedia":[{"embeddable":true,"href":"https:\/\/firstwater.ma\/index.php?rest_route=\/wp\/v2\/media\/5089"}],"wp:attachment":[{"href":"https:\/\/firstwater.ma\/index.php?rest_route=%2Fwp%2Fv2%2Fmedia&parent=5025"}],"wp:term":[{"taxonomy":"product_cat","embeddable":true,"href":"https:\/\/firstwater.ma\/index.php?rest_route=%2Fwp%2Fv2%2Fproduct_cat&post=5025"},{"taxonomy":"product_tag","embeddable":true,"href":"https:\/\/firstwater.ma\/index.php?rest_route=%2Fwp%2Fv2%2Fproduct_tag&post=5025"}],"curies":[{"name":"wp","href":"https:\/\/api.w.org\/{rel}","templated":true}]}}